{"id":1065,"date":"2021-10-05T21:14:32","date_gmt":"2021-10-05T21:14:32","guid":{"rendered":"https:\/\/www.agentiaimpreuna.ro\/scoala-incluziva\/?page_id=1065"},"modified":"2024-04-02T07:07:48","modified_gmt":"2024-04-02T07:07:48","slug":"identificarea-si-promovarea-modelor-locale-de-succes","status":"publish","type":"page","link":"https:\/\/www.agentiaimpreuna.ro\/scoala-incluziva\/identificarea-si-promovarea-modelor-locale-de-succes\/","title":{"rendered":"Identificarea \u0219i Promovarea Modelor Locale de Succes"},"content":{"rendered":"\n\n\n\n<p><\/p>\n\n\n\n<p>La nivelul fiec\u0103rei \u0219coli, s-a organizat un grup de elevi forma\u021bi din aproximativ 10 persoane, care au identificat persoane resurs\u0103 la nivel local care s\u0103 fie modele de urmat pentru ceilal\u021bi membri ai comunit\u0103\u021bii. <\/p>\n\n\n\n<p>Aceast\u0103 identficare s-a f\u0103cut \u00een baza unei metodologii, iar fiecare echip\u0103 \u0219colar\u0103 de identificare a modelelor a identificat minim 4 modele (recomandarea fiind ca minim 2 s\u0103 fie despre persoane de etnie rom\u0103). <\/p>\n\n\n\n<p>Ulterior, fiecare echip\u0103 a ales 3 din cele 4 modele identificate la nivelul comunit\u0103\u021bii pentru a construi o poveste pe baza informa\u021biilor de\u021binute. Rolul acestor pove\u0219ti este de a transmite \u0219i altor familii, fie ei elevi sau p\u0103rin\u021bi, c\u0103 fiecare poate ajunge acolo unde \u00ee\u0219i dore\u0219te dac\u0103 \u00eenva\u021b\u0103 sau depune suficient efort.<\/p>\n\n\n\n<p><em>Update:<\/em> <\/p>\n\n\n\n<p>Pove\u0219tile culese \u00een urma acestei activit\u0103\u021bi au fost integrate \u00eentr-o bro\u0219ur\u0103, <em>Bro\u0219ura modelelor de succes<\/em>, prin intermedul c\u0103reia ne-am dorit s\u0103 inspir\u0103m oamenii mici \u0219i mari cu pove\u0219ti adev\u0103rate despre cei care ne pot fi prieteni, vecini, colegi sau chiar familie. Te \u00eenvit\u0103m s\u0103 descoperi pove\u0219tile oamenilor de succes din cinci localit\u0103\u021bi ale jude\u021bului Ilfov: Br\u0103ne\u0219ti, Buftea, Pantelimon, Sinte\u0219ti-Vidra, Tunari: <\/p>\n\n\n\n<div data-wp-interactive=\"core\/file\" class=\"wp-block-file\"><object data-wp-bind--hidden=\"!state.hasPdfPreview\" hidden class=\"wp-block-file__embed\" data=\"https:\/\/www.agentiaimpreuna.ro\/scoala-incluziva\/wp-content\/uploads\/2023\/06\/Brosura-modelelor-de-succes-1.pdf\" type=\"application\/pdf\" style=\"width:100%;height:600px\" aria-label=\"\u00cenglobare pentru Brosura-modelelor-de-succes-1.\"><\/object><a id=\"wp-block-file--media-f25eb49d-f900-4629-b0f9-c9dbd6d0f238\" href=\"https:\/\/www.agentiaimpreuna.ro\/scoala-incluziva\/wp-content\/uploads\/2023\/06\/Brosura-modelelor-de-succes-1.pdf\">Brosura-modelelor-de-succes-1<\/a><a href=\"https:\/\/www.agentiaimpreuna.ro\/scoala-incluziva\/wp-content\/uploads\/2023\/06\/Brosura-modelelor-de-succes-1.pdf\" class=\"wp-block-file__button wp-element-button\" download aria-describedby=\"wp-block-file--media-f25eb49d-f900-4629-b0f9-c9dbd6d0f238\">Download<\/a><\/div>\n\n\n\n<div style=\"height:100px\" aria-hidden=\"true\" class=\"wp-block-spacer\"><\/div>\n","protected":false},"excerpt":{"rendered":"<p>La nivelul fiec\u0103rei \u0219coli, s-a organizat un grup de elevi forma\u021bi din aproximativ 10 persoane, care au identificat persoane resurs\u0103 la nivel local care s\u0103 fie modele de urmat pentru ceilal\u021bi membri ai comunit\u0103\u021bii. Aceast\u0103 identficare s-a f\u0103cut \u00een baza unei metodologii, iar fiecare echip\u0103 \u0219colar\u0103 de identificare a modelelor a identificat minim 4 modele [&hellip;]<\/p>\n","protected":false},"author":1,"featured_media":1159,"parent":0,"menu_order":0,"comment_status":"closed","ping_status":"closed","template":"","meta":{"footnotes":""},"class_list":["post-1065","page","type-page","status-publish","has-post-thumbnail","hentry"],"blocksy_meta":{"styles_descriptor":{"styles":{"desktop":"","tablet":"","mobile":""},"google_fonts":[],"version":6},"page_title_panel":"","has_hero_section":"default","34e9734be1acdef9d4e2c165ecdeb43c":"","hero_section":"type-1","hero_elements":[{"id":"custom_title","enabled":true,"heading_tag":"h1","title":"Home","__id":"OPdJzRsdFvzFh3vzJ9YKC"},{"id":"custom_description","enabled":true,"description_visibility":{"desktop":true,"tablet":true,"mobile":false},"__id":"Qxif9aieIperLjy3oO-O_"},{"id":"custom_meta","enabled":false,"meta_elements":[{"id":"author","enabled":true,"label":"By","has_author_avatar":"yes","avatar_size":25},{"id":"post_date","enabled":true,"label":"On","date_format_source":"default","date_format":"M j, Y"},{"id":"updated_date","enabled":false,"label":"On","date_format_source":"default","date_format":"M j, Y"},{"id":"categories","enabled":false,"label":"In","style":"simple"},{"id":"comments","enabled":true}],"page_meta_elements":{"joined":true,"articles_count":true,"comments":true},"__id":"k0Q8b7RWaVqkrApykVw8w"},{"id":"breadcrumbs","enabled":false,"__id":"POkv16nHRqRJ9TnzDygvY"}],"1e2dc73992aa9a247bb34220c7e3310b":"","hero_alignment1":"CT_CSS_SKIP_RULE","hero_margin":40,"hero_alignment2":"center","hero_vertical_alignment":"center","2aa4bd82eea14846deba7ab6ad429617":"","hero_structure":"normal","903cb80e509662ec633341220f4df229":"","page_title_bg_type":"featured_image","custom_hero_background":{"attachment_id":null},"parallax":{"desktop":false,"tablet":false,"mobile":false},"dc2fe7e3e297a3031a9c5cb908c2ef20":"","hero_height":"250px","pageTitleFont":{"family":"Default","variation":"Default","size":{"desktop":"32px","tablet":"30px","mobile":"25px"},"line-height":"CT_CSS_SKIP_RULE","letter-spacing":"CT_CSS_SKIP_RULE","text-transform":"CT_CSS_SKIP_RULE","text-decoration":"CT_CSS_SKIP_RULE"},"pageTitleFontColor":{"default":{"color":"CT_CSS_SKIP_RULEDEFAULT"}},"pageMetaFont":{"family":"Default","variation":"n6","size":"12px","line-height":"1.3","letter-spacing":"CT_CSS_SKIP_RULE","text-transform":"uppercase","text-decoration":"CT_CSS_SKIP_RULE"},"pageMetaFontColor":{"default":{"color":"CT_CSS_SKIP_RULEDEFAULT"},"hover":{"color":"CT_CSS_SKIP_RULEDEFAULT"}},"page_meta_button_type_font_colors":{"default":{"color":"CT_CSS_SKIP_RULEDEFAULT"},"hover":{"color":"CT_CSS_SKIP_RULEDEFAULT"}},"page_meta_button_type_background_colors":{"default":{"color":"CT_CSS_SKIP_RULEDEFAULT"},"hover":{"color":"CT_CSS_SKIP_RULEDEFAULT"}},"pageExcerptFont":{"family":"Default","variation":"Default","size":"CT_CSS_SKIP_RULE","line-height":"CT_CSS_SKIP_RULE","letter-spacing":"CT_CSS_SKIP_RULE","text-transform":"CT_CSS_SKIP_RULE","text-decoration":"CT_CSS_SKIP_RULE"},"pageExcerptColor":{"default":{"color":"CT_CSS_SKIP_RULEDEFAULT"}},"breadcrumbsFont":{"family":"Default","variation":"Default","size":"CT_CSS_SKIP_RULE","line-height":"CT_CSS_SKIP_RULE","letter-spacing":"CT_CSS_SKIP_RULE","text-transform":"CT_CSS_SKIP_RULE","text-decoration":"CT_CSS_SKIP_RULE"},"breadcrumbsFontColor":{"default":{"color":"CT_CSS_SKIP_RULEDEFAULT"},"initial":{"color":"CT_CSS_SKIP_RULEDEFAULT"},"hover":{"color":"CT_CSS_SKIP_RULEDEFAULT"}},"pageTitleOverlay":{"background_type":"color","background_pattern":"type-1","background_image":{"attachment_id":null,"x":0,"y":0},"gradient":"linear-gradient(135deg,rgba(6,147,227,1) 0%,rgb(155,81,224) 100%)","background_repeat":"repeat","background_size":"auto","background_attachment":"scroll","patternColor":{"default":{"color":"#e5e7ea"}},"overlayColor":{"default":{"color":"CT_CSS_SKIP_RULE"}},"backgroundColor":{"default":{"color":"CT_CSS_SKIP_RULE"}}},"pageTitleBackground":{"background_type":"color","background_pattern":"type-1","background_image":{"attachment_id":null,"x":0,"y":0},"gradient":"linear-gradient(135deg,rgba(6,147,227,1) 0%,rgb(155,81,224) 100%)","background_repeat":"repeat","background_size":"auto","background_attachment":"scroll","patternColor":{"default":{"color":"#e5e7ea"}},"overlayColor":{"default":{"color":"CT_CSS_SKIP_RULE"}},"backgroundColor":{"default":{"color":"var(--theme-palette-color-6)"}}},"pageTitlePadding":{"top":"50px","bottom":"50px","left":"auto","right":"auto","linked":true},"85c4069ea6d24b79c46c8671fe7d026b":"","page_structure_type":"default","c6ac4014ba867d1a28c202ae682a7713":"","content_style_source":"inherit","content_style":"wide","vertical_spacing_source":"inherit","content_area_spacing":"both","background":{"background_type":"color","background_pattern":"type-1","background_image":{"attachment_id":null,"x":0,"y":0},"gradient":"linear-gradient(135deg,rgba(6,147,227,1) 0%,rgb(155,81,224) 100%)","background_repeat":"repeat","background_size":"auto","background_attachment":"scroll","patternColor":{"default":{"color":"#e5e7ea"}},"overlayColor":{"default":{"color":"CT_CSS_SKIP_RULE"}},"backgroundColor":{"default":{"color":"CT_CSS_SKIP_RULE"}}},"content_background":{"background_type":"color","background_pattern":"type-1","background_image":{"attachment_id":null,"x":0,"y":0},"gradient":"linear-gradient(135deg,rgba(6,147,227,1) 0%,rgb(155,81,224) 100%)","background_repeat":"repeat","background_size":"auto","background_attachment":"scroll","patternColor":{"default":{"color":"#e5e7ea"}},"overlayColor":{"default":{"color":"CT_CSS_SKIP_RULE"}},"backgroundColor":{"default":{"color":"var(--theme-palette-color-8)"}}},"content_boxed_shadow":{"inherit":false,"blur":18,"spread":-6,"v_offset":12,"h_offset":0,"inset":false,"enable":true,"color":{"color":"rgba(34, 56, 101, 0.04)"}},"boxed_content_spacing":{"desktop":{"top":"40px","bottom":"40px","left":"40px","right":"40px","linked":true},"tablet":{"top":"35px","bottom":"35px","left":"35px","right":"35px","linked":true},"mobile":{"top":"20px","bottom":"20px","left":"20px","right":"20px","linked":true}},"content_boxed_radius":{"top":"3px","bottom":"3px","left":"3px","right":"3px","linked":true},"74485ed9b0ce8255ae462cd5348635c4":"","disable_featured_image":"no","disable_header":"no","disable_footer":"no"},"featured_image_urls_v2":{"full":["https:\/\/www.agentiaimpreuna.ro\/scoala-incluziva\/wp-content\/uploads\/2021\/10\/activitati_parentale.jpg",1920,1280,false],"thumbnail":["https:\/\/www.agentiaimpreuna.ro\/scoala-incluziva\/wp-content\/uploads\/2021\/10\/activitati_parentale-150x150.jpg",150,150,true],"medium":["https:\/\/www.agentiaimpreuna.ro\/scoala-incluziva\/wp-content\/uploads\/2021\/10\/activitati_parentale-300x200.jpg",300,200,true],"medium_large":["https:\/\/www.agentiaimpreuna.ro\/scoala-incluziva\/wp-content\/uploads\/2021\/10\/activitati_parentale-768x512.jpg",768,512,true],"large":["https:\/\/www.agentiaimpreuna.ro\/scoala-incluziva\/wp-content\/uploads\/2021\/10\/activitati_parentale-1024x683.jpg",1024,683,true],"1536x1536":["https:\/\/www.agentiaimpreuna.ro\/scoala-incluziva\/wp-content\/uploads\/2021\/10\/activitati_parentale-1536x1024.jpg",1536,1024,true],"2048x2048":["https:\/\/www.agentiaimpreuna.ro\/scoala-incluziva\/wp-content\/uploads\/2021\/10\/activitati_parentale.jpg",1920,1280,false],"trp-custom-language-flag":["https:\/\/www.agentiaimpreuna.ro\/scoala-incluziva\/wp-content\/uploads\/2021\/10\/activitati_parentale.jpg",18,12,false]},"post_excerpt_stackable_v2":"<p>La nivelul fiec\u0103rei \u0219coli, s-a organizat un grup de elevi forma\u021bi din aproximativ 10 persoane, care au identificat persoane resurs\u0103 la nivel local care s\u0103 fie modele de urmat pentru ceilal\u021bi membri ai comunit\u0103\u021bii. Aceast\u0103 identficare s-a f\u0103cut \u00een baza unei metodologii, iar fiecare echip\u0103 \u0219colar\u0103 de identificare a modelelor a identificat minim 4 modele (recomandarea fiind ca minim 2 s\u0103 fie despre persoane de etnie rom\u0103). Ulterior, fiecare echip\u0103 a ales 3 din cele 4 modele identificate la nivelul comunit\u0103\u021bii pentru a construi o poveste pe baza informa\u021biilor de\u021binute. Rolul acestor pove\u0219ti este de a transmite \u0219i altor familii,&hellip;<\/p>\n","category_list_v2":"","author_info_v2":{"name":"agenadmin","url":"https:\/\/www.agentiaimpreuna.ro\/scoala-incluziva\/author\/agenadmin\/"},"comments_num_v2":"0 comments","_links":{"self":[{"href":"https:\/\/www.agentiaimpreuna.ro\/scoala-incluziva\/wp-json\/wp\/v2\/pages\/1065","targetHints":{"allow":["GET"]}}],"collection":[{"href":"https:\/\/www.agentiaimpreuna.ro\/scoala-incluziva\/wp-json\/wp\/v2\/pages"}],"about":[{"href":"https:\/\/www.agentiaimpreuna.ro\/scoala-incluziva\/wp-json\/wp\/v2\/types\/page"}],"author":[{"embeddable":true,"href":"https:\/\/www.agentiaimpreuna.ro\/scoala-incluziva\/wp-json\/wp\/v2\/users\/1"}],"replies":[{"embeddable":true,"href":"https:\/\/www.agentiaimpreuna.ro\/scoala-incluziva\/wp-json\/wp\/v2\/comments?post=1065"}],"version-history":[{"count":20,"href":"https:\/\/www.agentiaimpreuna.ro\/scoala-incluziva\/wp-json\/wp\/v2\/pages\/1065\/revisions"}],"predecessor-version":[{"id":2005,"href":"https:\/\/www.agentiaimpreuna.ro\/scoala-incluziva\/wp-json\/wp\/v2\/pages\/1065\/revisions\/2005"}],"wp:featuredmedia":[{"embeddable":true,"href":"https:\/\/www.agentiaimpreuna.ro\/scoala-incluziva\/wp-json\/wp\/v2\/media\/1159"}],"wp:attachment":[{"href":"https:\/\/www.agentiaimpreuna.ro\/scoala-incluziva\/wp-json\/wp\/v2\/media?parent=1065"}],"curies":[{"name":"wp","href":"https:\/\/api.w.org\/{rel}","templated":true}]}}