{"id":1063,"date":"2021-10-05T21:13:20","date_gmt":"2021-10-05T21:13:20","guid":{"rendered":"https:\/\/www.agentiaimpreuna.ro\/scoala-incluziva\/?page_id=1063"},"modified":"2023-06-09T13:08:02","modified_gmt":"2023-06-09T13:08:02","slug":"dezvoltarea-curriculum-urilor","status":"publish","type":"page","link":"https:\/\/www.agentiaimpreuna.ro\/scoala-incluziva\/dezvoltarea-curriculum-urilor\/","title":{"rendered":"Dezvoltarea Curriculum-urilor"},"content":{"rendered":"\n<p><\/p>\n\n\n\n<p><em>Update:<\/em> Fiecare dintre cele cinci \u0219coli partenere din jude\u021bul Ilfov au realizat c\u00e2te&nbsp;<strong>o program\u0103 \u0219colar\u0103<\/strong>&nbsp;pentru o disciplin\u0103 \u0219colar\u0103 op\u021bional\u0103, pe care o vor pune \u00een aplicare \u00een anul \u0219colar urm\u0103tor. Aceste programe \u0219colare au avut \u00een vedere dezvoltarea practicilor incluzive, promovarea diversit\u0103\u021bii, interculturalit\u0103\u021bii \u0219i implic\u0103rii civice a tinerilor, dar \u0219i promovarea nonviolen\u021bei \u0219i egalit\u0103\u021bii de gen \u00een r\u00e2ndul elevilor:<\/p>\n\n\n\n<div class=\"wp-block-file\"><a id=\"wp-block-file--media-3f22ec6b-a1af-4261-9ada-4c6c11aee69c\" href=\"https:\/\/www.agentiaimpreuna.ro\/scoala-incluziva\/wp-content\/uploads\/2022\/06\/2.Buftea.docx\">1. <strong>Promovarea diversit\u0103\u021bii \u0219i intercultualit\u0103\u021bii <\/strong>(\u0218coala Gimnazial\u0103 Nr.3 Buftea)<\/a><a href=\"https:\/\/www.agentiaimpreuna.ro\/scoala-incluziva\/wp-content\/uploads\/2022\/06\/2.Buftea.docx\" class=\"wp-block-file__button wp-element-button\" download aria-describedby=\"wp-block-file--media-3f22ec6b-a1af-4261-9ada-4c6c11aee69c\">Download<\/a><\/div>\n\n\n\n<div class=\"wp-block-file\"><a id=\"wp-block-file--media-460d8c03-2469-4c11-96b8-0baac4e977ae\" href=\"https:\/\/www.agentiaimpreuna.ro\/scoala-incluziva\/wp-content\/uploads\/2023\/06\/2.-Educatie-pentru-dezvoltare-durabila-Scoala-Gimnaziala-Sintesti-Vidra-1.docx\">2. <strong>Educa\u021bie pentru dezvoltare durabil\u0103<\/strong> (\u0218coala Gimnazial\u0103 Sintesti-Vidra<\/a><a href=\"https:\/\/www.agentiaimpreuna.ro\/scoala-incluziva\/wp-content\/uploads\/2023\/06\/2.-Educatie-pentru-dezvoltare-durabila-Scoala-Gimnaziala-Sintesti-Vidra-1.docx\" class=\"wp-block-file__button wp-element-button\" download aria-describedby=\"wp-block-file--media-460d8c03-2469-4c11-96b8-0baac4e977ae\">Download<\/a><\/div>\n\n\n\n<div class=\"wp-block-file\"><a id=\"wp-block-file--media-8dd043d6-7819-48f2-884a-ae69c0f97529\" href=\"https:\/\/www.agentiaimpreuna.ro\/scoala-incluziva\/wp-content\/uploads\/2022\/06\/5.Branesti.docx\"><strong>3. Educa\u021bie pentru cet\u0103\u021benie activ\u0103 <\/strong>(Liceul Tehnologic \u201eCezar Nicolau\u201d)<\/a><a href=\"https:\/\/www.agentiaimpreuna.ro\/scoala-incluziva\/wp-content\/uploads\/2022\/06\/5.Branesti.docx\" class=\"wp-block-file__button wp-element-button\" download aria-describedby=\"wp-block-file--media-8dd043d6-7819-48f2-884a-ae69c0f97529\">Download<\/a><\/div>\n\n\n\n<div class=\"wp-block-file\"><a id=\"wp-block-file--media-3120a2ff-6d49-466b-a575-e3c2931ef707\" href=\"https:\/\/www.agentiaimpreuna.ro\/scoala-incluziva\/wp-content\/uploads\/2022\/06\/1.Pantelimon.docx\">4. <strong>Educa\u021bie pentru promovarea nonviolen\u021bei <\/strong>(\u0218coala Gimnazial\u0103 Nr.1, Pantelimon)<\/a><a href=\"https:\/\/www.agentiaimpreuna.ro\/scoala-incluziva\/wp-content\/uploads\/2022\/06\/1.Pantelimon.docx\" class=\"wp-block-file__button wp-element-button\" download aria-describedby=\"wp-block-file--media-3120a2ff-6d49-466b-a575-e3c2931ef707\">Download<\/a><\/div>\n\n\n\n<div class=\"wp-block-file\"><a id=\"wp-block-file--media-b001ff3a-d7ed-4884-b105-0ac28466bef0\" href=\"https:\/\/www.agentiaimpreuna.ro\/scoala-incluziva\/wp-content\/uploads\/2022\/06\/3.Tunari.EGALITATE-DE-GEN_TUNARI-2.docx\"><strong>5. Educa\u021bie pentru egalitate de gen <\/strong>(\u0218coala Gimnazial\u0103 Nr. 1 Tunari)<\/a><a href=\"https:\/\/www.agentiaimpreuna.ro\/scoala-incluziva\/wp-content\/uploads\/2022\/06\/3.Tunari.EGALITATE-DE-GEN_TUNARI-2.docx\" class=\"wp-block-file__button wp-element-button\" download aria-describedby=\"wp-block-file--media-b001ff3a-d7ed-4884-b105-0ac28466bef0\">Download<\/a><\/div>\n\n\n\n<div class=\"wp-block-file\"><a id=\"wp-block-file--media-290403e2-c47f-4802-b676-9b791e45cc57\" href=\"https:\/\/www.agentiaimpreuna.ro\/scoala-incluziva\/wp-content\/uploads\/2022\/06\/6.Agentia-Impreuna-1.docx\"><strong>6.<\/strong> <strong>Istoria cultura \u0219i identitatea romilor <\/strong>(Valentin Negoi)<\/a><a href=\"https:\/\/www.agentiaimpreuna.ro\/scoala-incluziva\/wp-content\/uploads\/2022\/06\/6.Agentia-Impreuna-1.docx\" class=\"wp-block-file__button wp-element-button\" download aria-describedby=\"wp-block-file--media-290403e2-c47f-4802-b676-9b791e45cc57\">Download<\/a><\/div>\n\n\n\n<p><strong>Reg\u0103si\u021bi toate materialele <a href=\"https:\/\/www.agentiaimpreuna.ro\/scoala-incluziva\/2022\/05\/05\/1358\/\">aici<\/a>.<\/strong><\/p>\n\n\n\n<h3 class=\"wp-block-heading\">1. Promovarea diversit\u0103\u021bii \u0219i interculturalit\u0103\u021bii (\u0218coala Gimnazial\u0103 Nr.3 Buftea)<\/h3>\n\n\n\n<p>Curriculumul urm\u0103re\u0219te: dezvoltarea unui comportament social activ \u0219i responsabil, participarea la luarea deciziilor \u0219i rezolvarea problemelor comunit\u0103\u021bii, cooperarea \u00eentre grupuri diverse \u0219i multiple, capacitate de dialog intercultural \u0219i cooperare. Acestea definesc impactul pe care acest op\u021bional \u00eel poate determina la nivelul elevilor care \u00eel urmeaz\u0103.<\/p>\n\n\n\n<p>Materialul se raporteaz\u0103 la specificul local, astfel, sunt folosite exemple concrete cu privire la experien\u021bele interculturale de la nivel local. Acesta con\u021bine m\u0103rturii\/ informa\u021bii despre via\u021ba unor persoane care apar\u021bin diverselor tipuri de minorit\u0103\u021bi &#8211; etnic\u0103, religioase, orientare sexual\u0103, statut social, dizailit\u0103\u021bi etc. De asemenea, se va aborda o problem\u0103 privind rela\u021biile interculturale locale sau integrarea unei minorit\u0103\u021bi.<\/p>\n\n\n\n<div data-wp-interactive=\"core\/file\" class=\"wp-block-file\"><object data-wp-bind--hidden=\"!state.hasPdfPreview\" hidden class=\"wp-block-file__embed\" data=\"https:\/\/www.agentiaimpreuna.ro\/scoala-incluziva\/wp-content\/uploads\/2023\/06\/Scoala-Gimnaziala-Nr.-3-Buftea.pdf\" type=\"application\/pdf\" style=\"width:100%;height:600px\" aria-label=\"\u00cenglobare pentru Promovarea diversit\u0103\u021bii \u0219i interculturalit\u0103\u021bii (\u0218coala Gimnazial\u0103 Nr.3 Buftea).\"><\/object><a id=\"wp-block-file--media-a1cebe83-bbac-4912-bdfa-ed9fc9b2a089\" href=\"https:\/\/www.agentiaimpreuna.ro\/scoala-incluziva\/wp-content\/uploads\/2023\/06\/Scoala-Gimnaziala-Nr.-3-Buftea.pdf\">Promovarea diversit\u0103\u021bii \u0219i interculturalit\u0103\u021bii (\u0218coala Gimnazial\u0103 Nr.3 Buftea)<\/a><a href=\"https:\/\/www.agentiaimpreuna.ro\/scoala-incluziva\/wp-content\/uploads\/2023\/06\/Scoala-Gimnaziala-Nr.-3-Buftea.pdf\" class=\"wp-block-file__button wp-element-button\" download aria-describedby=\"wp-block-file--media-a1cebe83-bbac-4912-bdfa-ed9fc9b2a089\">Download<\/a><\/div>\n\n\n\n<h3 class=\"wp-block-heading\">2. Educa\u021bie pentru dezvoltare durabil\u0103 (<strong>\u0218coala Gimnazial\u0103 Sinte\u0219ti-Vidra)<\/strong><\/h3>\n\n\n\n<p>Produsul include urm\u0103toarele teme: Dezvoltare economic\u0103, Dimensiune socio-cultural\u0103 (calitatea vie\u021bii, s\u0103n\u0103tatea etc.), Ecologie, Spa\u021biu, Timp, Participare. \u00cen ceea ce prive\u0219te concepte cheie, acestea sunt: globalizare \u0219i justi\u021bie social\u0103, natur\u0103 \u0219i mediul \u00eenconjur\u0103tor, echilibru natural, biodiveristate, valoarea consumurilor, clim\u0103, schimbare, materii prime \u0219i energie.<\/p>\n\n\n\n<div data-wp-interactive=\"core\/file\" class=\"wp-block-file\"><object data-wp-bind--hidden=\"!state.hasPdfPreview\" hidden class=\"wp-block-file__embed\" data=\"https:\/\/www.agentiaimpreuna.ro\/scoala-incluziva\/wp-content\/uploads\/2023\/06\/Scoala-Gimnaziala-Sintesti-Vidra-1.pdf\" type=\"application\/pdf\" style=\"width:100%;height:600px\" aria-label=\"\u00cenglobare pentru &lt;strong&gt;Educa\u021bie pentru dezvoltare durabil\u0103 &lt;\/strong&gt;(\u0218coala Gimnazial\u0103 Sinte\u0219ti-Vidra).\"><\/object><a id=\"wp-block-file--media-35daa305-3c1f-4604-beae-e44e9d8aacbe\" href=\"https:\/\/www.agentiaimpreuna.ro\/scoala-incluziva\/wp-content\/uploads\/2023\/06\/Scoala-Gimnaziala-Sintesti-Vidra-1.pdf\"><strong>Educa\u021bie pentru dezvoltare durabil\u0103 <\/strong>(\u0218coala Gimnazial\u0103 Sinte\u0219ti-Vidra)<\/a><a href=\"https:\/\/www.agentiaimpreuna.ro\/scoala-incluziva\/wp-content\/uploads\/2023\/06\/Scoala-Gimnaziala-Sintesti-Vidra-1.pdf\" class=\"wp-block-file__button wp-element-button\" download aria-describedby=\"wp-block-file--media-35daa305-3c1f-4604-beae-e44e9d8aacbe\">Download<\/a><\/div>\n\n\n\n<h3 class=\"wp-block-heading\">3. Educa\u021bie pentru cet\u0103\u021benie activ\u0103 (<strong>Liceul Tehnologic \u201eCezar Nicolau\u201d<\/strong>)<\/h3>\n\n\n\n<p>Curriculumul vizeaz\u0103 dezvoltarea diferitelor tipuri de abilit\u0103\u021bi precum: exprimarea, g\u00e2ndirea critic\u0103 \u0219i argumentarea, rezolvarea problemelor, lucru \u00een echip\u0103 \u0219i adoptarea deciziilor \u00een grup, rezolvarea conflictelor, cercetarea comunit\u0103\u021bii, influen\u021barea deciziilor publice \u0219i evaluarea. \u00cen cadrul materialului sunt abordate urm\u0103toarele teme: drepturile \u0219i responsabilit\u0103\u021bile cet\u0103\u021beanului, via\u021b\u0103 politic\u0103 \u0219i social\u0103 la nivel na\u021bional, local \u0219i jude\u021bean.<\/p>\n\n\n\n<div data-wp-interactive=\"core\/file\" class=\"wp-block-file\"><object data-wp-bind--hidden=\"!state.hasPdfPreview\" hidden class=\"wp-block-file__embed\" data=\"https:\/\/www.agentiaimpreuna.ro\/scoala-incluziva\/wp-content\/uploads\/2023\/06\/Liceul-Tehnologic-\u201eCezar-Nicolau.pdf\" type=\"application\/pdf\" style=\"width:100%;height:600px\" aria-label=\"\u00cenglobare pentru Educa\u021bie pentru cet\u0103\u021benie activ\u0103 (&lt;strong&gt;Liceul Tehnologic \u201eCezar Nicolau\u201d&lt;\/strong&gt;).\"><\/object><a id=\"wp-block-file--media-715d4d17-27f6-45b2-8ca8-679978280ca2\" href=\"https:\/\/www.agentiaimpreuna.ro\/scoala-incluziva\/wp-content\/uploads\/2023\/06\/Liceul-Tehnologic-\u201eCezar-Nicolau.pdf\">Educa\u021bie pentru cet\u0103\u021benie activ\u0103 (<strong>Liceul Tehnologic \u201eCezar Nicolau\u201d<\/strong>)<\/a><a href=\"https:\/\/www.agentiaimpreuna.ro\/scoala-incluziva\/wp-content\/uploads\/2023\/06\/Liceul-Tehnologic-\u201eCezar-Nicolau.pdf\" class=\"wp-block-file__button wp-element-button\" download aria-describedby=\"wp-block-file--media-715d4d17-27f6-45b2-8ca8-679978280ca2\">Download<\/a><\/div>\n\n\n\n<h3 class=\"wp-block-heading\">4. Educa\u021bie pentru promovarea nonviolen\u021bei <strong>(\u0218coala Gimnazial\u0103 Nr.1, Pantelimon)<\/strong><\/h3>\n\n\n\n<p>\u00cen ceea ce prive\u015fte curriculum pentru op\u0163ionalul educa\u0163ie pentru promovarea nonviolen\u0163ei, produsul intelectual urm\u0103re\u0219te dezvoltarea unor abilit\u0103\u0163i sociale (rela\u0163ionare \u00een grup, cooperare), de implicare activ\u0103 \u015fi constructiv\u0103 la nivelul comunit\u0103\u0163ii. Impactul acestui op\u0163ional urm\u0103re\u015fte ca elevii care \u00eel urmeaz\u0103 s\u0103-\u015fi dezvolte capacitatea de a comunica constructiv \u00een situa\u0163ii sociale diverse (con\u015ftientizarea responsabilit\u0103\u0163ii individuale \u015fi colective, acceptarea unor puncte de vedere diferite de cel propriu etc). <\/p>\n\n\n\n<p>Plec\u00e2nd de la definirea \u015fi \u00een\u0163elegerea general\u0103 asupra tututor formelor de violen\u0163\u0103, curriculum vizeaz\u0103 \u015fi \u00een\u0163elegerea conflictelor interetnice \u015fi cum pot fi acestea evitate. Astfel, instrumentele utilizate vor reflecta realitatea local\u0103, jude\u0163ean\u0103 \u015fi na\u0163ional\u0103, fiind centrate pe metode de educa\u0163ie nonformal\u0103.<\/p>\n\n\n\n<div data-wp-interactive=\"core\/file\" class=\"wp-block-file\"><object data-wp-bind--hidden=\"!state.hasPdfPreview\" hidden class=\"wp-block-file__embed\" data=\"https:\/\/www.agentiaimpreuna.ro\/scoala-incluziva\/wp-content\/uploads\/2023\/06\/Scoala-Gimnaziala-Nr.1-Pantelimon.pdf\" type=\"application\/pdf\" style=\"width:100%;height:600px\" aria-label=\"\u00cenglobare pentru Educa\u021bie pentru promovarea nonviolen\u021bei &lt;strong&gt;(\u0218coala Gimnazial\u0103 Nr.1, Pantelimon)&lt;\/strong&gt;.\"><\/object><a id=\"wp-block-file--media-f88bbbba-2e21-494e-b6a3-d7fa9a1e3428\" href=\"https:\/\/www.agentiaimpreuna.ro\/scoala-incluziva\/wp-content\/uploads\/2023\/06\/Scoala-Gimnaziala-Nr.1-Pantelimon.pdf\">Educa\u021bie pentru promovarea nonviolen\u021bei <strong>(\u0218coala Gimnazial\u0103 Nr.1, Pantelimon)<\/strong><\/a><a href=\"https:\/\/www.agentiaimpreuna.ro\/scoala-incluziva\/wp-content\/uploads\/2023\/06\/Scoala-Gimnaziala-Nr.1-Pantelimon.pdf\" class=\"wp-block-file__button wp-element-button\" download aria-describedby=\"wp-block-file--media-f88bbbba-2e21-494e-b6a3-d7fa9a1e3428\">Download<\/a><\/div>\n\n\n\n<h3 class=\"wp-block-heading\">5. Educa\u021bie pentru egalitate de gen <strong>(\u0218coala Gimnazial\u0103 Nr. 1 Tunari)<\/strong><\/h3>\n\n\n\n<p>Curriculum referitor la educa\u0163ie pentru egalitate de gen vizeaz\u0103 dezvoltarea unor competen\u0163e sociale \u015fi civice \u00een vederea asigur\u0103rii bun\u0103st\u0103rii sociale \u015fi profesionale a viitorilor adu\u0163i. Av\u00e2nd \u00een vedere faptul c\u0103 Rom\u00e2nia se confrunt\u0103 \u00een continuare cu o disparitate salarial\u0103 de gen, precum \u015fi cu o \u00eengrijor\u0103toare cre\u015ftere a fenomenului violen\u0163ei \u00eempotriva femeii, este necesar ca elevii s\u0103 \u00een\u0163eleag\u0103 principiile egalit\u0103\u0163ii de gen, respectiv crearea unei societ\u0103\u0163i cu oportunit\u0103\u0163i, drepturi, obliga\u0163ii pentru femei \u015fi b\u0103rba\u0163i. <\/p>\n\n\n\n<p>Op\u0163ionalul este cu at\u00e2t mai important \u00een dinamica proiectului, av\u00e2nd \u00een vedere stereotipurile \u015fi prejudec\u0103\u0163ile cu care se confrunt\u0103 femeile de etnie rom\u0103, acestea fiind de cele mai multe ori expuse discrimin\u0103rii multiple. <\/p>\n\n\n\n<div data-wp-interactive=\"core\/file\" class=\"wp-block-file\"><object data-wp-bind--hidden=\"!state.hasPdfPreview\" hidden class=\"wp-block-file__embed\" data=\"https:\/\/www.agentiaimpreuna.ro\/scoala-incluziva\/wp-content\/uploads\/2023\/06\/Scoala-Gimnaziala-Nr.-1-Tunari.pdf\" type=\"application\/pdf\" style=\"width:100%;height:600px\" aria-label=\"\u00cenglobare pentru Educa\u021bie pentru egalitate de gen &lt;strong&gt;(\u0218coala Gimnazial\u0103 Nr. 1 Tunari)&lt;\/strong&gt;.\"><\/object><a id=\"wp-block-file--media-e3315161-57f1-494a-b78d-899cc2a9467b\" href=\"https:\/\/www.agentiaimpreuna.ro\/scoala-incluziva\/wp-content\/uploads\/2023\/06\/Scoala-Gimnaziala-Nr.-1-Tunari.pdf\">Educa\u021bie pentru egalitate de gen <strong>(\u0218coala Gimnazial\u0103 Nr. 1 Tunari)<\/strong><\/a><a href=\"https:\/\/www.agentiaimpreuna.ro\/scoala-incluziva\/wp-content\/uploads\/2023\/06\/Scoala-Gimnaziala-Nr.-1-Tunari.pdf\" class=\"wp-block-file__button wp-element-button\" download aria-describedby=\"wp-block-file--media-e3315161-57f1-494a-b78d-899cc2a9467b\">Download<\/a><\/div>\n\n\n\n<h3 class=\"wp-block-heading\">6. Istoria, cultura \u0219i identitatea romilor<\/h3>\n\n\n\n<p>Din punct de vedere istoric educa\u0163ia valorilor \u015fi atitudinilor este un subiect ce \u0163ine de preocuparea fiec\u0103rei societ\u0103\u0163i \u015fi epoci istorice de a formula matricea unui sistem de valori care s\u0103-i confere identitate, rezisten\u0163\u0103 \u015fi soliditataritate.<\/p>\n\n\n\n<p>Discursul \u00eendreptat \u00eempotriva romilor este de 2 tipuri: (1) cel din ignoran\u021b\u0103, necunoa\u0219tere a istoriei \u0219i ne\u00een\u021belegere a diversit\u0103\u021bii \u0219i (2) discursul categoric \u00eempotriva romilor, nu neap\u0103rat dintr-o perspectiv\u0103 etnic\u0103, ci mai degrab\u0103 dintr-o perspectiv\u0103 a unui grup perceput ca deviant.<\/p>\n\n\n\n<p>Materialul (realizat de Valentin Negoi) se adreseaz\u0103 celor care au sentimente \u00eempotriva romilor cauzate mai degrab\u0103 de necunoa\u0219tere a istoriei pe care romii au tr\u0103it-o \u0219i de lips\u0103 de empatie fa\u021b\u0103 de cel diferit, dar \u0219i elevilor romi care nu \u00ee\u0219i cunosc istoria.<\/p>\n\n\n\n<p>Produsul con\u021bine urm\u0103toarele teme: apari\u021bia romilor \u00een spa\u021biul rom\u00e2nesc, dezbaterea rom sau tigan, robia romilor \u00een spa\u021biul rom\u00e2nesc, emanciparea romilor \u00een perioada interbelic\u0103, Holocaustul romilor, asimilarea romilor \u00een perioada interbelic\u0103. <\/p>\n\n\n\n<div data-wp-interactive=\"core\/file\" class=\"wp-block-file\"><object data-wp-bind--hidden=\"!state.hasPdfPreview\" hidden class=\"wp-block-file__embed\" data=\"https:\/\/www.agentiaimpreuna.ro\/scoala-incluziva\/wp-content\/uploads\/2023\/06\/Istoria-cultura-si-identitatea-romilor.pdf\" type=\"application\/pdf\" style=\"width:100%;height:600px\" aria-label=\"\u00cenglobare pentru Istoria, cultura \u0219i identitatea romilor.\"><\/object><a id=\"wp-block-file--media-45954901-a74b-4dd0-bb47-f4d99f72cf40\" href=\"https:\/\/www.agentiaimpreuna.ro\/scoala-incluziva\/wp-content\/uploads\/2023\/06\/Istoria-cultura-si-identitatea-romilor.pdf\">Istoria, cultura \u0219i identitatea romilor<\/a><a href=\"https:\/\/www.agentiaimpreuna.ro\/scoala-incluziva\/wp-content\/uploads\/2023\/06\/Istoria-cultura-si-identitatea-romilor.pdf\" class=\"wp-block-file__button wp-element-button\" download aria-describedby=\"wp-block-file--media-45954901-a74b-4dd0-bb47-f4d99f72cf40\">Download<\/a><\/div>\n","protected":false},"excerpt":{"rendered":"<p>Update: Fiecare dintre cele cinci \u0219coli partenere din jude\u021bul Ilfov au realizat c\u00e2te&nbsp;o program\u0103 \u0219colar\u0103&nbsp;pentru o disciplin\u0103 \u0219colar\u0103 op\u021bional\u0103, pe care o vor pune \u00een aplicare \u00een anul \u0219colar urm\u0103tor. Aceste programe \u0219colare au avut \u00een vedere dezvoltarea practicilor incluzive, promovarea diversit\u0103\u021bii, interculturalit\u0103\u021bii \u0219i implic\u0103rii civice a tinerilor, dar \u0219i promovarea nonviolen\u021bei \u0219i egalit\u0103\u021bii de [&hellip;]<\/p>\n","protected":false},"author":1,"featured_media":1156,"parent":0,"menu_order":0,"comment_status":"closed","ping_status":"closed","template":"","meta":{"footnotes":""},"class_list":["post-1063","page","type-page","status-publish","has-post-thumbnail","hentry"],"blocksy_meta":{"styles_descriptor":{"styles":{"desktop":"","tablet":"","mobile":""},"google_fonts":[],"version":6}},"featured_image_urls_v2":{"full":["https:\/\/www.agentiaimpreuna.ro\/scoala-incluziva\/wp-content\/uploads\/2021\/10\/dezvoltare_curriculum.jpg",1920,1280,false],"thumbnail":["https:\/\/www.agentiaimpreuna.ro\/scoala-incluziva\/wp-content\/uploads\/2021\/10\/dezvoltare_curriculum-150x150.jpg",150,150,true],"medium":["https:\/\/www.agentiaimpreuna.ro\/scoala-incluziva\/wp-content\/uploads\/2021\/10\/dezvoltare_curriculum-300x200.jpg",300,200,true],"medium_large":["https:\/\/www.agentiaimpreuna.ro\/scoala-incluziva\/wp-content\/uploads\/2021\/10\/dezvoltare_curriculum-768x512.jpg",768,512,true],"large":["https:\/\/www.agentiaimpreuna.ro\/scoala-incluziva\/wp-content\/uploads\/2021\/10\/dezvoltare_curriculum-1024x683.jpg",1024,683,true],"1536x1536":["https:\/\/www.agentiaimpreuna.ro\/scoala-incluziva\/wp-content\/uploads\/2021\/10\/dezvoltare_curriculum-1536x1024.jpg",1536,1024,true],"2048x2048":["https:\/\/www.agentiaimpreuna.ro\/scoala-incluziva\/wp-content\/uploads\/2021\/10\/dezvoltare_curriculum.jpg",1920,1280,false],"trp-custom-language-flag":["https:\/\/www.agentiaimpreuna.ro\/scoala-incluziva\/wp-content\/uploads\/2021\/10\/dezvoltare_curriculum.jpg",18,12,false]},"post_excerpt_stackable_v2":"<p>Update: Fiecare dintre cele cinci \u0219coli partenere din jude\u021bul Ilfov au realizat c\u00e2te&nbsp;o program\u0103 \u0219colar\u0103&nbsp;pentru o disciplin\u0103 \u0219colar\u0103 op\u021bional\u0103, pe care o vor pune \u00een aplicare \u00een anul \u0219colar urm\u0103tor. Aceste programe \u0219colare au avut \u00een vedere dezvoltarea practicilor incluzive, promovarea diversit\u0103\u021bii, interculturalit\u0103\u021bii \u0219i implic\u0103rii civice a tinerilor, dar \u0219i promovarea nonviolen\u021bei \u0219i egalit\u0103\u021bii de gen \u00een r\u00e2ndul elevilor: 1. Promovarea diversit\u0103\u021bii \u0219i intercultualit\u0103\u021bii (\u0218coala Gimnazial\u0103 Nr.3 Buftea)Download 2. Educa\u021bie pentru dezvoltare durabil\u0103 (\u0218coala Gimnazial\u0103 Sintesti-VidraDownload 3. Educa\u021bie pentru cet\u0103\u021benie activ\u0103 (Liceul Tehnologic \u201eCezar Nicolau\u201d)Download 4. Educa\u021bie pentru promovarea nonviolen\u021bei (\u0218coala Gimnazial\u0103 Nr.1, Pantelimon)Download 5. Educa\u021bie pentru egalitate de gen&hellip;<\/p>\n","category_list_v2":"","author_info_v2":{"name":"agenadmin","url":"https:\/\/www.agentiaimpreuna.ro\/scoala-incluziva\/author\/agenadmin\/"},"comments_num_v2":"0 comments","_links":{"self":[{"href":"https:\/\/www.agentiaimpreuna.ro\/scoala-incluziva\/wp-json\/wp\/v2\/pages\/1063","targetHints":{"allow":["GET"]}}],"collection":[{"href":"https:\/\/www.agentiaimpreuna.ro\/scoala-incluziva\/wp-json\/wp\/v2\/pages"}],"about":[{"href":"https:\/\/www.agentiaimpreuna.ro\/scoala-incluziva\/wp-json\/wp\/v2\/types\/page"}],"author":[{"embeddable":true,"href":"https:\/\/www.agentiaimpreuna.ro\/scoala-incluziva\/wp-json\/wp\/v2\/users\/1"}],"replies":[{"embeddable":true,"href":"https:\/\/www.agentiaimpreuna.ro\/scoala-incluziva\/wp-json\/wp\/v2\/comments?post=1063"}],"version-history":[{"count":24,"href":"https:\/\/www.agentiaimpreuna.ro\/scoala-incluziva\/wp-json\/wp\/v2\/pages\/1063\/revisions"}],"predecessor-version":[{"id":1724,"href":"https:\/\/www.agentiaimpreuna.ro\/scoala-incluziva\/wp-json\/wp\/v2\/pages\/1063\/revisions\/1724"}],"wp:featuredmedia":[{"embeddable":true,"href":"https:\/\/www.agentiaimpreuna.ro\/scoala-incluziva\/wp-json\/wp\/v2\/media\/1156"}],"wp:attachment":[{"href":"https:\/\/www.agentiaimpreuna.ro\/scoala-incluziva\/wp-json\/wp\/v2\/media?parent=1063"}],"curies":[{"name":"wp","href":"https:\/\/api.w.org\/{rel}","templated":true}]}}