{"id":1053,"date":"2021-10-05T21:05:00","date_gmt":"2021-10-05T21:05:00","guid":{"rendered":"https:\/\/www.agentiaimpreuna.ro\/scoala-incluziva\/?page_id=1053"},"modified":"2024-04-02T06:59:05","modified_gmt":"2024-04-02T06:59:05","slug":"prezentare-parteneri","status":"publish","type":"page","link":"https:\/\/www.agentiaimpreuna.ro\/scoala-incluziva\/prezentare-parteneri\/","title":{"rendered":"Prezentare Parteneri"},"content":{"rendered":"\n<div style=\"height:100px\" aria-hidden=\"true\" class=\"wp-block-spacer\"><\/div>\n\n\n<\/p>\n\n\n\n<p>Proiectul a fost derulat de Funda\u021bia Agen\u021bia de Dezvoltare Comunitar\u0103 \u00cempreun\u0103, \u00een parteneriat cu \u0218coala Gimnazial\u0103 nr 1 Pantelimon; \u0218coala Gimnazial\u0103 nr. 4 Buftea, structur\u0103 a \u0218colii Gimnaziale nr. 3 Buftea; \u0218coala Gimnazial\u0103 Nr. 1 Tunari; \u0218coala Gimnazial\u0103 nr. 3 Sinte\u0219ti \u2013 Vidra, structur\u0103 a \u0218colii Gimnaziale Nr. 2 Cre\u021be\u0219ti Vidra; Liceul Tehnologic \u201eCezar Nicolau\u201d.<\/p>\n\n\n\n<figure class=\"wp-block-image aligncenter size-large\"><img loading=\"lazy\" decoding=\"async\" width=\"1024\" height=\"576\" src=\"https:\/\/www.agentiaimpreuna.ro\/scoala-incluziva\/wp-content\/uploads\/2021\/10\/prezentare_parteneri-1024x576.png\" alt=\"Prezentare Parteneri\" class=\"wp-image-1118\" srcset=\"https:\/\/www.agentiaimpreuna.ro\/scoala-incluziva\/wp-content\/uploads\/2021\/10\/prezentare_parteneri-1024x576.png 1024w, https:\/\/www.agentiaimpreuna.ro\/scoala-incluziva\/wp-content\/uploads\/2021\/10\/prezentare_parteneri-300x169.png 300w, https:\/\/www.agentiaimpreuna.ro\/scoala-incluziva\/wp-content\/uploads\/2021\/10\/prezentare_parteneri-768x432.png 768w, https:\/\/www.agentiaimpreuna.ro\/scoala-incluziva\/wp-content\/uploads\/2021\/10\/prezentare_parteneri.png 1380w\" sizes=\"auto, (max-width: 1024px) 100vw, 1024px\" \/><\/figure>\n\n\n\n<h3 class=\"wp-block-heading\"><strong>\u0218coala Gimnazial\u0103 Nr1 Pantelimon<\/strong><\/h3>\n\n\n\n<p>Scoala Gimnazial\u0103 Nr.1 Pantelimon, dispune de 2 localuri recent reabilitate, de dou\u0103 s\u0103li de sport \u0219i are un efectiv de 1886 elevi la \u00eenv\u0103\u021b\u0103m\u00e2ntul primar \u0219i gimnazial \u0219i 86 cursan\u021bi \u00een cadrul programului A doua \u0219ans\u0103.<\/p>\n\n\n\n<p>Personalul didactic calificat num\u0103r\u0103 80 de angaja\u021bi \u0219i are o preg\u0103tire ce variaz\u0103 de la studii liceale p\u00e2n\u0103 la cele universitare \u015fi chiar postuniversitare, acoperind toate specialit\u0103\u0163ile prev\u0103zute pentru \u00eenv\u0103\u0163\u0103m\u00e2ntul obligatoriu.<\/p>\n\n\n\n<p>Proiectele \u0219colii sunt focusate pe elevi cu dificult\u0103\u021bi de \u00eenv\u0103\u021bare \u0219i rela\u021bionare \u00een mediul \u0219colar, proveni\u021bi din medii defavorizate \u0219i la care se urm\u0103re\u0219te \u00eembun\u0103t\u0103\u021birea rezultatelor \u0219colare \u0219i a frecven\u021bei la cursuri cu scopul de a favoriza dezvoltarea \u0219i progresul \u0219colar.<\/p>\n\n\n\n<h3 class=\"wp-block-heading\"><strong>\u0218coala Gimnazial\u0103 nr. 4 Buftea, structur\u0103 a \u0218colii Gimnaziale nr. 3 Buftea<\/strong><\/h3>\n\n\n\n<p>\u015ecoal\u0103 Gimnazial\u0103 Nr. 4 este situat\u0103 \u00een cartierul Buciumeni. \u00cen anul \u015fcolar 2019\/2020 \u00ee\u015fi desf\u0103\u015foar\u0103 activitatea: 51 de pre\u015fcolari, 184 de elevi, 19 cadre didactice, personal nedidactic \u00een num\u0103r de 5.<\/p>\n\n\n\n<p>Motto-ul nostru este \u201eO educa\u0163ie social\u0103 bine facut\u0103 poate, \u00eentotdeauna, s\u0103 scoat\u0103 dintr-un suflet, oricare ar fi el, partea folositoare pe care o con\u0163ine\u201d.<\/p>\n\n\n\n<p>Condi\u0163iile desf\u0103\u015fur\u0103rii procesului instructiv-educativ sunt optime. Unitatea dispune de personal didactic calificat la toate disciplinele de \u00eenv\u0103\u0163\u0103m\u00e2nt. Exist\u0103 laborator de informatic\u0103 conectat la internet, bibliotec\u0103, sal\u0103 de lectur\u0103, cabinet medical, sal\u0103 de sport \u0219i teren de sport semiamenajat. Elevii sunt sunt antrena\u021bi \u00een activit\u0103\u021bile cercurilor de teatru \u0219i dansuri populare.<\/p>\n\n\n\n<h3 class=\"wp-block-heading\"><strong>\u0218coala Gimnazial\u0103 Nr. 1 Tunari<\/strong><\/h3>\n\n\n\n<p>\u0218coala Gimnazial\u0103 nr.1 Tunari are ca principal domeniu de activitate educarea elevilor, derularea activit\u0103\u021bilor exra\u0219colare \u0219i extracurriculare \u0219i o serie de activit\u0103\u021bi menite s\u0103 asigure incluziunea tuturor elevilor. \u00cen unitatea noastr\u0103 \u0219colar\u0103 \u00ee\u0219i desf\u0103\u0219oara activitatea un num\u0103r de 35 de cadre didactice, un num\u0103r de 505 pre\u0219colari \u0219i elevi. Activitatea \u015fcolar\u0103 se desf\u0103\u015foar\u0103 \u00een trei corpuri moderizate cu s\u0103li de clase spa\u0163ioase, laboratoare, cabinete, cancelarii, Centru de Documentare \u015fi Informare \u015fi un Cabinet de Asisten\u0163\u0103 Psihopedagogic\u0103.<\/p>\n\n\n\n<p>Proiectele \u0219colii \u0219i-au propus ca prin activit\u0103\u021bile desf\u0103\u0219urate s\u0103 contribuie la cre\u0219terea stimei de sine a copiilor romi, la dep\u0103\u0219irea complexului de a fi romi \u0219i la promovarea culturii rome.<\/p>\n\n\n\n<h3 class=\"wp-block-heading\"><strong>\u0218coala Gimnazial\u0103 Nr. 3 Sinte\u0219ti-Vidra, structur\u0103 a \u0218colii Gimnaziale Nr. 2 Cre\u021be\u0219ti Vidra<\/strong><\/h3>\n\n\n\n<p>\u015ecoala Gimnazial\u0103 nr. 2 Cre\u021be\u0219ti, situat\u0103 \u00een apropierea municipiului Bucure\u0219ti, la o distan\u021b\u0103 de 18 km, \u015fi-a deschis por\u0163ile pentru elevi \u015fi cadre didactice la data de 15 septembrie 1969, iar Structura nr. 3 Sintesti, \u0219coal\u0103 din satul Sinte\u0219ti, \u00eencepe s\u0103 func\u021bioneze \u00een anul 1967, \u00een forma actual\u0103, p\u00e2n\u0103 \u00een 1967 fiind o singur\u0103 cl\u0103dire, Corpul B &#8211; \u00eenv\u0103\u021b\u0103m\u00e2nt primar.<\/p>\n\n\n\n<p>\u0218coala gimnazial\u0103 nr. 3 Sinte\u0219ti este o structur\u0103 a \u0218colii nr. 2 Cre\u021be\u0219ti, situat\u0103 \u00een satul Sinte\u0219ti, comuna Vidra \u0219i ofer\u0103 educa\u021bie popula\u021biei scolare de la nivel pre\u0219colar p\u00e2n\u0103 la nivel gimnazial. \u00cenfiin\u0163area \u015fcolii a ap\u0103rut ca fiind o necesitate prin construirea unui num\u0103r mare de case \u00een aceast\u0103 zon\u0103, fapt datorat popul\u0103rii localit\u0103\u021bii.<\/p>\n\n\n\n<p>\u015ecoala Gimnazial\u0103 nr.3 Sintesti se impune \u00een peisajul institu\u0163ional-educativ prin calitatea muncii, corectitudine, seriozitate, rela\u0163ii de parteneriat, performan\u0163e \u015fcolare, \u00een ea desf\u0103\u015fur\u00e2ndu-se \u00eenv\u0103\u0163\u0103m\u00e2ntul prescolar\u2013primar\u2013 gimnazial, atat pentru elevi romi (45%) cat si pentru elevi neromi (55%).<\/p>\n\n\n\n<h3 class=\"wp-block-heading\"><strong>Liceul Tehnologic \u201eCezar Nicolau\u201d<\/strong><\/h3>\n\n\n\n<p>Liceul are un num\u0103r de 784 elevi, dintre care 510 cu v\u00e2rst\u0103 cuprins\u0103 \u00eentre 14 \u0219i 19 ani \u0219i 274 peste 19 ani. 35% provin din urban (Pantelimon), 65% din rural (Br\u0103ne\u0219ti, G\u0103neasa, Fundeni, Sohatu, Gurb\u0103ne\u0219ti, Botoroaga etc), 25% provin din familii cu situa\u021bie material\u0103 precar\u0103 \u0219i din familii monoparentale, 28% locuiesc \u00een internatul liceului, 30% sunt naveti\u0219ti, 90% au p\u0103rin\u021bi cu studii medii, iar 1,8% elevi cu CES. La nivelul \u0219colii, exist\u0103 o mare vulnerabilitate privind abandonul \u0219colar \u0219i excluderea social\u0103.<\/p>\n\n\n<p>\n\n\n\n\n\n\n<div style=\"height:100px\" aria-hidden=\"true\" class=\"wp-block-spacer\"><\/div>\n","protected":false},"excerpt":{"rendered":"","protected":false},"author":1,"featured_media":1148,"parent":0,"menu_order":0,"comment_status":"closed","ping_status":"closed","template":"","meta":{"footnotes":""},"class_list":["post-1053","page","type-page","status-publish","has-post-thumbnail","hentry"],"blocksy_meta":{"styles_descriptor":{"styles":{"desktop":"","tablet":"","mobile":""},"google_fonts":[],"version":6}},"featured_image_urls_v2":{"full":["https:\/\/www.agentiaimpreuna.ro\/scoala-incluziva\/wp-content\/uploads\/2021\/10\/prezentare_parteneri.jpg",1920,1401,false],"thumbnail":["https:\/\/www.agentiaimpreuna.ro\/scoala-incluziva\/wp-content\/uploads\/2021\/10\/prezentare_parteneri-150x150.jpg",150,150,true],"medium":["https:\/\/www.agentiaimpreuna.ro\/scoala-incluziva\/wp-content\/uploads\/2021\/10\/prezentare_parteneri-300x219.jpg",300,219,true],"medium_large":["https:\/\/www.agentiaimpreuna.ro\/scoala-incluziva\/wp-content\/uploads\/2021\/10\/prezentare_parteneri-768x560.jpg",768,560,true],"large":["https:\/\/www.agentiaimpreuna.ro\/scoala-incluziva\/wp-content\/uploads\/2021\/10\/prezentare_parteneri-1024x747.jpg",1024,747,true],"1536x1536":["https:\/\/www.agentiaimpreuna.ro\/scoala-incluziva\/wp-content\/uploads\/2021\/10\/prezentare_parteneri-1536x1121.jpg",1536,1121,true],"2048x2048":["https:\/\/www.agentiaimpreuna.ro\/scoala-incluziva\/wp-content\/uploads\/2021\/10\/prezentare_parteneri.jpg",1920,1401,false],"trp-custom-language-flag":["https:\/\/www.agentiaimpreuna.ro\/scoala-incluziva\/wp-content\/uploads\/2021\/10\/prezentare_parteneri.jpg",16,12,false]},"post_excerpt_stackable_v2":"<p>Proiectul a fost derulat de Funda\u021bia Agen\u021bia de Dezvoltare Comunitar\u0103 \u00cempreun\u0103, \u00een parteneriat cu \u0218coala Gimnazial\u0103 nr 1 Pantelimon; \u0218coala Gimnazial\u0103 nr. 4 Buftea, structur\u0103 a \u0218colii Gimnaziale nr. 3 Buftea; \u0218coala Gimnazial\u0103 Nr. 1 Tunari; \u0218coala Gimnazial\u0103 nr. 3 Sinte\u0219ti \u2013 Vidra, structur\u0103 a \u0218colii Gimnaziale Nr. 2 Cre\u021be\u0219ti Vidra; Liceul Tehnologic \u201eCezar Nicolau\u201d. \u0218coala Gimnazial\u0103 Nr1 Pantelimon Scoala Gimnazial\u0103 Nr.1 Pantelimon, dispune de 2 localuri recent reabilitate, de dou\u0103 s\u0103li de sport \u0219i are un efectiv de 1886 elevi la \u00eenv\u0103\u021b\u0103m\u00e2ntul primar \u0219i gimnazial \u0219i 86 cursan\u021bi \u00een cadrul programului A doua \u0219ans\u0103. Personalul didactic calificat num\u0103r\u0103 80&hellip;<\/p>\n","category_list_v2":"","author_info_v2":{"name":"agenadmin","url":"https:\/\/www.agentiaimpreuna.ro\/scoala-incluziva\/author\/agenadmin\/"},"comments_num_v2":"0 comments","_links":{"self":[{"href":"https:\/\/www.agentiaimpreuna.ro\/scoala-incluziva\/wp-json\/wp\/v2\/pages\/1053","targetHints":{"allow":["GET"]}}],"collection":[{"href":"https:\/\/www.agentiaimpreuna.ro\/scoala-incluziva\/wp-json\/wp\/v2\/pages"}],"about":[{"href":"https:\/\/www.agentiaimpreuna.ro\/scoala-incluziva\/wp-json\/wp\/v2\/types\/page"}],"author":[{"embeddable":true,"href":"https:\/\/www.agentiaimpreuna.ro\/scoala-incluziva\/wp-json\/wp\/v2\/users\/1"}],"replies":[{"embeddable":true,"href":"https:\/\/www.agentiaimpreuna.ro\/scoala-incluziva\/wp-json\/wp\/v2\/comments?post=1053"}],"version-history":[{"count":7,"href":"https:\/\/www.agentiaimpreuna.ro\/scoala-incluziva\/wp-json\/wp\/v2\/pages\/1053\/revisions"}],"predecessor-version":[{"id":2003,"href":"https:\/\/www.agentiaimpreuna.ro\/scoala-incluziva\/wp-json\/wp\/v2\/pages\/1053\/revisions\/2003"}],"wp:featuredmedia":[{"embeddable":true,"href":"https:\/\/www.agentiaimpreuna.ro\/scoala-incluziva\/wp-json\/wp\/v2\/media\/1148"}],"wp:attachment":[{"href":"https:\/\/www.agentiaimpreuna.ro\/scoala-incluziva\/wp-json\/wp\/v2\/media?parent=1053"}],"curies":[{"name":"wp","href":"https:\/\/api.w.org\/{rel}","templated":true}]}}