{"id":1744,"date":"2023-06-26T13:19:47","date_gmt":"2023-06-26T13:19:47","guid":{"rendered":"https:\/\/www.agentiaimpreuna.ro\/scoala-incluziva\/?page_id=1744"},"modified":"2024-04-26T11:50:44","modified_gmt":"2024-04-26T11:50:44","slug":"activitati-parentale-si-schimb-de-experienta","status":"publish","type":"page","link":"https:\/\/www.agentiaimpreuna.ro\/scoala-incluziva\/en\/activitati-parentale-si-schimb-de-experienta\/","title":{"rendered":"Parental Activities &amp; Exchange of Experience"},"content":{"rendered":"<p>Beyond the extracurricular activities and the workshops we organized with the students, the classrooms were also occupied by parents. I visited the partner schools and, during some meetings with the parents, I talked about the project, about the activities that I have carried out with the children over time, but also about the pressures of the summer exam, about interculturality and diversity, about how . could encourage children not to drop out of school. To show them, in short, how some of our meetings with the little ones go, we put ourselves a little in their \"shoes\" and played together (it gives you the role of a parent). There were meetings where we set what we do not want together for the children: to build their confidence and reach their full potential.<\/p>\n\n\n\n<p>In each of the 5 partner schools, groups of parents (Roma and non-Roma) were organized, addressing topics such as:<\/p>\n\n\n\n<p>- Knowledge and expectations<\/p>\n\n\n\n<p>- Self-perception and community perception<\/p>\n\n\n\n<p>- Interculturality and diversity<\/p>\n\n\n\n<p>- Promoting non-violence in the community<\/p>\n\n\n\n<p>- Stereotypes and prejudices about minorities<\/p>\n\n\n\n<p>- The Roma. History and identity<\/p>\n\n\n\n<p>- Discrimination \u2013 what it is and how it manifests itself<\/p>\n\n\n\n<p>- Methods to combat discrimination<\/p>\n\n\n\n<p>- School-student-parent-community relationship<\/p>\n\n\n\n<p>- Promoting successful local models<\/p>\n\n\n\n<p>- Motivation for education.&nbsp;&nbsp;<\/p>\n\n\n\n<p>Following these workshops, 150 parents were informed about the effects of discrimination.<\/p>\n\n\n\n<p><br><\/p>","protected":false},"excerpt":{"rendered":"<p>Dincolo de activit\u0103\u021bile extra\u0219colare \u0219i atelierele pe care le-am organizat al\u0103turi de elevi, s\u0103lile de clas\u0103 au fost ocupate \u0219i de p\u0103rin\u021bi. Am vizitat \u0219colile partenere \u0219i, \u00een cadrul unor \u00eent\u00e2lniri cu p\u0103rin\u021bii, am povestit despre proiect, despre activit\u0103\u021bile pe care le-am realizat de-a lungul timpului cu copiii, dar \u0219i despre presiunile examenului din var\u0103, [&hellip;]<\/p>\n","protected":false},"author":1,"featured_media":1159,"parent":0,"menu_order":0,"comment_status":"closed","ping_status":"closed","template":"","meta":{"footnotes":""},"class_list":["post-1744","page","type-page","status-publish","has-post-thumbnail","hentry"],"blocksy_meta":{"styles_descriptor":{"styles":{"desktop":"","tablet":"","mobile":""},"google_fonts":[],"version":6},"page_title_panel":"","has_hero_section":"default","0970642137cbe2c18a295c4c5254b0de":"","hero_section":"type-1","hero_elements":[{"id":"custom_title","enabled":true,"heading_tag":"h1","title":"Home"},{"id":"custom_description","enabled":true,"description_visibility":{"desktop":true,"tablet":true,"mobile":false}},{"id":"custom_meta","enabled":false,"meta_elements":[{"id":"author","enabled":true,"label":"By","has_author_avatar":"yes","avatar_size":25},{"id":"post_date","enabled":true,"label":"On","date_format_source":"default","date_format":"M j, Y"},{"id":"updated_date","enabled":false,"label":"On","date_format_source":"default","date_format":"M j, Y"},{"id":"categories","enabled":false,"label":"In","style":"simple"},{"id":"comments","enabled":true}],"page_meta_elements":{"joined":true,"articles_count":true,"comments":true}},{"id":"breadcrumbs","enabled":false}],"ae51fcd448c3c9e9428240ce733039f0":"","hero_alignment1":"CT_CSS_SKIP_RULE","hero_margin":40,"hero_alignment2":"center","hero_vertical_alignment":"center","e16ea88a9a18bb2a4f6d958d535eef48":"","hero_structure":"narrow","b71b17bd3c391785a19545de3106720b":"","page_title_bg_type":"featured_image","custom_hero_background":{"attachment_id":null},"parallax":{"desktop":false,"tablet":false,"mobile":false},"db9b30136ac22352dcedb4ccdebb7a7e":"","hero_height":"250px","pageTitleFont":{"family":"Default","variation":"Default","size":{"desktop":"32px","tablet":"30px","mobile":"25px"},"line-height":"CT_CSS_SKIP_RULE","letter-spacing":"CT_CSS_SKIP_RULE","text-transform":"CT_CSS_SKIP_RULE","text-decoration":"CT_CSS_SKIP_RULE"},"pageTitleFontColor":{"default":{"color":"CT_CSS_SKIP_RULEDEFAULT"}},"pageMetaFont":{"family":"Default","variation":"n6","size":"12px","line-height":"1.3","letter-spacing":"CT_CSS_SKIP_RULE","text-transform":"uppercase","text-decoration":"CT_CSS_SKIP_RULE"},"pageMetaFontColor":{"default":{"color":"CT_CSS_SKIP_RULEDEFAULT"},"hover":{"color":"CT_CSS_SKIP_RULEDEFAULT"}},"page_meta_button_type_font_colors":{"default":{"color":"CT_CSS_SKIP_RULEDEFAULT"},"hover":{"color":"CT_CSS_SKIP_RULEDEFAULT"}},"page_meta_button_type_background_colors":{"default":{"color":"CT_CSS_SKIP_RULEDEFAULT"},"hover":{"color":"CT_CSS_SKIP_RULEDEFAULT"}},"pageExcerptFont":{"family":"Default","variation":"Default","size":"CT_CSS_SKIP_RULE","line-height":"CT_CSS_SKIP_RULE","letter-spacing":"CT_CSS_SKIP_RULE","text-transform":"CT_CSS_SKIP_RULE","text-decoration":"CT_CSS_SKIP_RULE"},"pageExcerptColor":{"default":{"color":"CT_CSS_SKIP_RULEDEFAULT"}},"breadcrumbsFont":{"family":"Default","variation":"Default","size":"CT_CSS_SKIP_RULE","line-height":"CT_CSS_SKIP_RULE","letter-spacing":"CT_CSS_SKIP_RULE","text-transform":"CT_CSS_SKIP_RULE","text-decoration":"CT_CSS_SKIP_RULE"},"breadcrumbsFontColor":{"default":{"color":"CT_CSS_SKIP_RULEDEFAULT"},"initial":{"color":"CT_CSS_SKIP_RULEDEFAULT"},"hover":{"color":"CT_CSS_SKIP_RULEDEFAULT"}},"pageTitleOverlay":{"background_type":"color","background_pattern":"type-1","background_image":{"attachment_id":null,"x":0,"y":0},"gradient":"linear-gradient(135deg,rgba(6,147,227,1) 0%,rgb(155,81,224) 100%)","background_repeat":"repeat","background_size":"auto","background_attachment":"scroll","patternColor":{"default":{"color":"#e5e7ea"}},"overlayColor":{"default":{"color":"CT_CSS_SKIP_RULE"}},"backgroundColor":{"default":{"color":"CT_CSS_SKIP_RULE"}}},"pageTitleBackground":{"background_type":"color","background_pattern":"type-1","background_image":{"attachment_id":null,"x":0,"y":0},"gradient":"linear-gradient(135deg,rgba(6,147,227,1) 0%,rgb(155,81,224) 100%)","background_repeat":"repeat","background_size":"auto","background_attachment":"scroll","patternColor":{"default":{"color":"#e5e7ea"}},"overlayColor":{"default":{"color":"CT_CSS_SKIP_RULE"}},"backgroundColor":{"default":{"color":"var(--theme-palette-color-6)"}}},"pageTitlePadding":{"top":"50px","bottom":"50px","left":"auto","right":"auto","linked":true},"fcf9f82dbec1fbb9a3e728ad42e1953f":"","page_structure_type":"type-3","7c8e05a3536474132167d00a1cd6e985":"","content_style_source":"inherit","content_style":"wide","vertical_spacing_source":"custom","content_area_spacing":"both","background":{"background_type":"color","background_pattern":"type-1","background_image":{"attachment_id":null,"x":0,"y":0},"gradient":"linear-gradient(135deg,rgba(6,147,227,1) 0%,rgb(155,81,224) 100%)","background_repeat":"repeat","background_size":"auto","background_attachment":"scroll","patternColor":{"default":{"color":"#e5e7ea"}},"overlayColor":{"default":{"color":"CT_CSS_SKIP_RULE"}},"backgroundColor":{"default":{"color":"CT_CSS_SKIP_RULE"}}},"content_background":{"background_type":"color","background_pattern":"type-1","background_image":{"attachment_id":null,"x":0,"y":0},"gradient":"linear-gradient(135deg,rgba(6,147,227,1) 0%,rgb(155,81,224) 100%)","background_repeat":"repeat","background_size":"auto","background_attachment":"scroll","patternColor":{"default":{"color":"#e5e7ea"}},"overlayColor":{"default":{"color":"CT_CSS_SKIP_RULE"}},"backgroundColor":{"default":{"color":"var(--theme-palette-color-8)"}}},"content_boxed_shadow":{"inherit":false,"blur":18,"spread":-6,"v_offset":12,"h_offset":0,"inset":false,"enable":true,"color":{"color":"rgba(34, 56, 101, 0.04)"}},"boxed_content_spacing":{"desktop":{"top":"40px","bottom":"40px","left":"40px","right":"40px","linked":true},"tablet":{"top":"35px","bottom":"35px","left":"35px","right":"35px","linked":true},"mobile":{"top":"20px","bottom":"20px","left":"20px","right":"20px","linked":true}},"content_boxed_radius":{"top":"3px","bottom":"3px","left":"3px","right":"3px","linked":true},"7110c6b20257a8621ae018c4ecd565df":"","disable_featured_image":"no","disable_header":"no","disable_footer":"no"},"featured_image_urls_v2":{"full":["https:\/\/www.agentiaimpreuna.ro\/scoala-incluziva\/wp-content\/uploads\/2021\/10\/activitati_parentale.jpg",1920,1280,false],"thumbnail":["https:\/\/www.agentiaimpreuna.ro\/scoala-incluziva\/wp-content\/uploads\/2021\/10\/activitati_parentale-150x150.jpg",150,150,true],"medium":["https:\/\/www.agentiaimpreuna.ro\/scoala-incluziva\/wp-content\/uploads\/2021\/10\/activitati_parentale-300x200.jpg",300,200,true],"medium_large":["https:\/\/www.agentiaimpreuna.ro\/scoala-incluziva\/wp-content\/uploads\/2021\/10\/activitati_parentale-768x512.jpg",768,512,true],"large":["https:\/\/www.agentiaimpreuna.ro\/scoala-incluziva\/wp-content\/uploads\/2021\/10\/activitati_parentale-1024x683.jpg",1024,683,true],"1536x1536":["https:\/\/www.agentiaimpreuna.ro\/scoala-incluziva\/wp-content\/uploads\/2021\/10\/activitati_parentale-1536x1024.jpg",1536,1024,true],"2048x2048":["https:\/\/www.agentiaimpreuna.ro\/scoala-incluziva\/wp-content\/uploads\/2021\/10\/activitati_parentale.jpg",1920,1280,false],"trp-custom-language-flag":["https:\/\/www.agentiaimpreuna.ro\/scoala-incluziva\/wp-content\/uploads\/2021\/10\/activitati_parentale.jpg",18,12,false]},"post_excerpt_stackable_v2":"<p>Dincolo de activit\u0103\u021bile extra\u0219colare \u0219i atelierele pe care le-am organizat al\u0103turi de elevi, s\u0103lile de clas\u0103 au fost ocupate \u0219i de p\u0103rin\u021bi. Am vizitat \u0219colile partenere \u0219i, \u00een cadrul unor \u00eent\u00e2lniri cu p\u0103rin\u021bii, am povestit despre proiect, despre activit\u0103\u021bile pe care le-am realizat de-a lungul timpului cu copiii, dar \u0219i despre presiunile examenului din var\u0103, despre interculturalitate \u0219i diversitate, despre cum ar putea s\u0103 \u00eei \u00eencurajeze pe copii s\u0103 nu renun\u021be la \u0219coal\u0103. Pentru a le ar\u0103ta, pe scurt, cum se desf\u0103\u0219oar\u0103 unele dintre \u00eent\u00e2lnirile noastre cu cei mici, ne-am pus pu\u021bin \u00een \u201epapucii\u201d lor \u0219i ne-am jucat \u00eempreun\u0103 (sau&hellip;<\/p>\n","category_list_v2":"","author_info_v2":{"name":"agenadmin","url":"https:\/\/www.agentiaimpreuna.ro\/scoala-incluziva\/en\/author\/agenadmin\/"},"comments_num_v2":"0 comments","_links":{"self":[{"href":"https:\/\/www.agentiaimpreuna.ro\/scoala-incluziva\/en\/wp-json\/wp\/v2\/pages\/1744","targetHints":{"allow":["GET"]}}],"collection":[{"href":"https:\/\/www.agentiaimpreuna.ro\/scoala-incluziva\/en\/wp-json\/wp\/v2\/pages"}],"about":[{"href":"https:\/\/www.agentiaimpreuna.ro\/scoala-incluziva\/en\/wp-json\/wp\/v2\/types\/page"}],"author":[{"embeddable":true,"href":"https:\/\/www.agentiaimpreuna.ro\/scoala-incluziva\/en\/wp-json\/wp\/v2\/users\/1"}],"replies":[{"embeddable":true,"href":"https:\/\/www.agentiaimpreuna.ro\/scoala-incluziva\/en\/wp-json\/wp\/v2\/comments?post=1744"}],"version-history":[{"count":8,"href":"https:\/\/www.agentiaimpreuna.ro\/scoala-incluziva\/en\/wp-json\/wp\/v2\/pages\/1744\/revisions"}],"predecessor-version":[{"id":2030,"href":"https:\/\/www.agentiaimpreuna.ro\/scoala-incluziva\/en\/wp-json\/wp\/v2\/pages\/1744\/revisions\/2030"}],"wp:featuredmedia":[{"embeddable":true,"href":"https:\/\/www.agentiaimpreuna.ro\/scoala-incluziva\/en\/wp-json\/wp\/v2\/media\/1159"}],"wp:attachment":[{"href":"https:\/\/www.agentiaimpreuna.ro\/scoala-incluziva\/en\/wp-json\/wp\/v2\/media?parent=1744"}],"curies":[{"name":"wp","href":"https:\/\/api.w.org\/{rel}","templated":true}]}}