{"id":1174,"date":"2021-10-07T10:26:22","date_gmt":"2021-10-07T10:26:22","guid":{"rendered":"https:\/\/www.agentiaimpreuna.ro\/scoala-incluziva\/?page_id=1174"},"modified":"2021-10-07T10:32:10","modified_gmt":"2021-10-07T10:32:10","slug":"gdpr","status":"publish","type":"page","link":"https:\/\/www.agentiaimpreuna.ro\/scoala-incluziva\/en\/gdpr\/","title":{"rendered":"GDPR"},"content":{"rendered":"<div style=\"height:100px\" aria-hidden=\"true\" class=\"wp-block-spacer\"><\/div>\n\n\n\n<p>Agen\u0163ia de Dezvoltare Comunitar\u0103 \u201c\u00cempreun\u0103\u201d a stabilit m\u0103suri tehnice \u0219i opera\u021bionale \u00een vederea protej\u0103rii datelor cu caracter personal. Prevenim accesul, utilizarea sau transferul neautorizat, precum \u0219i orice alt\u0103 modalitate de \u00eenc\u0103lcare a securit\u0103\u021bii datelor cu caracter personal, \u00een conformitate cu prevederile Regulamentului (UE) 2016\/679.<br><\/p>\n\n\n\n<p>\u00cen raportul de colaborare cu noi, ave\u021bi obliga\u021bia de a respecta \u00een egal\u0103 m\u0103sur\u0103 prevederile <a rel=\"noreferrer noopener\" href=\"https:\/\/eur-lex.europa.eu\/legal-content\/RO\/TXT\/PDF\/?uri=CELEX:32016R0679&amp;from=EL\" target=\"_blank\">Regulamentului (UE) 2016\/679.<\/a><\/p>\n\n\n\n<p>Pentru mai multe informa\u021bii referitor la gestionarea datele cu caracter personal de c\u0103tre Agen\u021bia &#8222;\u00cempreun\u0103&#8221;, v\u0103 rugam vede\u021bi \u0219i sec\u021biunile aferente de pe paginile <a href=\"https:\/\/www.agentiaimpreuna.ro\/scoala-incluziva\/en\/termeni-si-conditii\/\" data-type=\"URL\" data-id=\"https:\/\/www.agentiaimpreuna.ro\/scoala-incluziva\/termeni-si-conditii\">Terms and Services<\/a>, c\u00e2t \u0219i <a href=\"https:\/\/www.agentiaimpreuna.ro\/scoala-incluziva\/en\/termeni-si-conditii\/\" data-type=\"URL\" data-id=\"https:\/\/www.agentiaimpreuna.ro\/scoala-incluziva\/termeni-si-conditii\">Privacy Policy<\/a><\/p>\n\n\n\n<div style=\"height:100px\" aria-hidden=\"true\" class=\"wp-block-spacer\"><\/div>","protected":false},"excerpt":{"rendered":"<p>Agen\u0163ia de Dezvoltare Comunitar\u0103 \u201c\u00cempreun\u0103\u201d a stabilit m\u0103suri tehnice \u0219i opera\u021bionale \u00een vederea protej\u0103rii datelor cu caracter personal. Prevenim accesul, utilizarea sau transferul neautorizat, precum \u0219i orice alt\u0103 modalitate de \u00eenc\u0103lcare a securit\u0103\u021bii datelor cu caracter personal, \u00een conformitate cu prevederile Regulamentului (UE) 2016\/679. \u00cen raportul de colaborare cu noi, ave\u021bi obliga\u021bia de a respecta [&hellip;]<\/p>\n","protected":false},"author":1,"featured_media":1168,"parent":0,"menu_order":0,"comment_status":"closed","ping_status":"closed","template":"","meta":{"footnotes":""},"class_list":["post-1174","page","type-page","status-publish","has-post-thumbnail","hentry"],"blocksy_meta":{"styles_descriptor":{"styles":{"desktop":"","tablet":"","mobile":""},"google_fonts":[],"version":6}},"featured_image_urls_v2":{"full":["https:\/\/www.agentiaimpreuna.ro\/scoala-incluziva\/wp-content\/uploads\/2021\/10\/GDPR.jpg",1920,1280,false],"thumbnail":["https:\/\/www.agentiaimpreuna.ro\/scoala-incluziva\/wp-content\/uploads\/2021\/10\/GDPR-150x150.jpg",150,150,true],"medium":["https:\/\/www.agentiaimpreuna.ro\/scoala-incluziva\/wp-content\/uploads\/2021\/10\/GDPR-300x200.jpg",300,200,true],"medium_large":["https:\/\/www.agentiaimpreuna.ro\/scoala-incluziva\/wp-content\/uploads\/2021\/10\/GDPR-768x512.jpg",768,512,true],"large":["https:\/\/www.agentiaimpreuna.ro\/scoala-incluziva\/wp-content\/uploads\/2021\/10\/GDPR-1024x683.jpg",1024,683,true],"1536x1536":["https:\/\/www.agentiaimpreuna.ro\/scoala-incluziva\/wp-content\/uploads\/2021\/10\/GDPR-1536x1024.jpg",1536,1024,true],"2048x2048":["https:\/\/www.agentiaimpreuna.ro\/scoala-incluziva\/wp-content\/uploads\/2021\/10\/GDPR.jpg",1920,1280,false],"trp-custom-language-flag":["https:\/\/www.agentiaimpreuna.ro\/scoala-incluziva\/wp-content\/uploads\/2021\/10\/GDPR.jpg",18,12,false]},"post_excerpt_stackable_v2":"<p>Agen\u0163ia de Dezvoltare Comunitar\u0103 \u201c\u00cempreun\u0103\u201d a stabilit m\u0103suri tehnice \u0219i opera\u021bionale \u00een vederea protej\u0103rii datelor cu caracter personal. Prevenim accesul, utilizarea sau transferul neautorizat, precum \u0219i orice alt\u0103 modalitate de \u00eenc\u0103lcare a securit\u0103\u021bii datelor cu caracter personal, \u00een conformitate cu prevederile Regulamentului (UE) 2016\/679. \u00cen raportul de colaborare cu noi, ave\u021bi obliga\u021bia de a respecta \u00een egal\u0103 m\u0103sur\u0103 prevederile Regulamentului (UE) 2016\/679. Pentru mai multe informa\u021bii referitor la gestionarea datele cu caracter personal de c\u0103tre Agen\u021bia &#8222;\u00cempreun\u0103&#8221;, v\u0103 rugam vede\u021bi \u0219i sec\u021biunile aferente de pe paginile Termeni \u0219i Condi\u021bii, c\u00e2t \u0219i Politici de Confiden\u021bialitate<\/p>\n","category_list_v2":"","author_info_v2":{"name":"agenadmin","url":"https:\/\/www.agentiaimpreuna.ro\/scoala-incluziva\/en\/author\/agenadmin\/"},"comments_num_v2":"0 comments","_links":{"self":[{"href":"https:\/\/www.agentiaimpreuna.ro\/scoala-incluziva\/en\/wp-json\/wp\/v2\/pages\/1174","targetHints":{"allow":["GET"]}}],"collection":[{"href":"https:\/\/www.agentiaimpreuna.ro\/scoala-incluziva\/en\/wp-json\/wp\/v2\/pages"}],"about":[{"href":"https:\/\/www.agentiaimpreuna.ro\/scoala-incluziva\/en\/wp-json\/wp\/v2\/types\/page"}],"author":[{"embeddable":true,"href":"https:\/\/www.agentiaimpreuna.ro\/scoala-incluziva\/en\/wp-json\/wp\/v2\/users\/1"}],"replies":[{"embeddable":true,"href":"https:\/\/www.agentiaimpreuna.ro\/scoala-incluziva\/en\/wp-json\/wp\/v2\/comments?post=1174"}],"version-history":[{"count":2,"href":"https:\/\/www.agentiaimpreuna.ro\/scoala-incluziva\/en\/wp-json\/wp\/v2\/pages\/1174\/revisions"}],"predecessor-version":[{"id":1176,"href":"https:\/\/www.agentiaimpreuna.ro\/scoala-incluziva\/en\/wp-json\/wp\/v2\/pages\/1174\/revisions\/1176"}],"wp:featuredmedia":[{"embeddable":true,"href":"https:\/\/www.agentiaimpreuna.ro\/scoala-incluziva\/en\/wp-json\/wp\/v2\/media\/1168"}],"wp:attachment":[{"href":"https:\/\/www.agentiaimpreuna.ro\/scoala-incluziva\/en\/wp-json\/wp\/v2\/media?parent=1174"}],"curies":[{"name":"wp","href":"https:\/\/api.w.org\/{rel}","templated":true}]}}