{"id":640,"date":"2021-06-15T21:07:24","date_gmt":"2021-06-15T21:07:24","guid":{"rendered":"https:\/\/agentiaimpreuna.ml\/putem-mai-mult\/?page_id=640"},"modified":"2023-03-07T15:18:37","modified_gmt":"2023-03-07T15:18:37","slug":"capacitarea-a-75-de-experti-si-lideri-romi","status":"publish","type":"page","link":"https:\/\/www.agentiaimpreuna.ro\/putem-mai-mult\/capacitarea-a-75-de-experti-si-lideri-romi\/","title":{"rendered":"Capacitarea a 75 de exper\u021bi \u0219i lideri romi"},"content":{"rendered":"\n<div class=\"wp-block-ugb-spacer ugb-spacer ugb-9e8985a ugb-spacer--v2 ugb-main-block\"><style>@media screen and (min-width:768px){.ugb-9e8985a.ugb-spacer{height:100px}}<\/style><div class=\"ugb-inner-block\"><div class=\"ugb-block-content\"><div class=\"ugb-spacer--inner\"><\/div><\/div><\/div><\/div>\n\n\n\n<p><strong>Program de formare complex\u0103<\/strong><\/p>\n\n\n\n<p>Programul de preg\u0103tire a exper\u021bilor \u0219i liderilor romi s-a adresat unui num\u0103r de 75 de exper\u021bi\/ lideri romi, membri ai organiza\u021biilor neguvernamentale ale romilor din Rom\u00e2nia, fiind structurat \u00een patru module de pregatire:<\/p>\n\n\n\n<p>MODULUL I &#8211; Respectarea drepturilor omului<\/p>\n\n\n\n<p>Cursurile au avut loc \u00een perioadele 9-10 aprilie 2022 (Buz\u0103u), 14-15 aprilie 2022 (Bra\u0219ov), 28-29 mai 2022 (Ia\u0219i) \u0219i au participat exper\u021bi \u0219i lideri romi din toate cele cinci jude\u021be implicate \u00een proiect. Obiectivul modulului a fost de a preg\u0103ti cei 75 exper\u021bi \u0219i lideri romi s\u0103 identifice situa\u021bii de discriminare \u0219i s\u0103 ac\u021bioneze atunci c\u00e2nd este nevoie. Principalele teme care au fost abordate \u00een cadrul cursului au fost:<\/p>\n\n\n\n<ul class=\"wp-block-list\">\n<li>Discriminare direct\u0103 \u0219i indirect\u0103;<\/li>\n\n\n\n<li>Legisla\u021bie na\u021bional\u0103 \u0219i directive europene;<\/li>\n\n\n\n<li>Institu\u021bii responsabile;<\/li>\n\n\n\n<li>Segregare \u0219i metodologie de desegregare;<\/li>\n\n\n\n<li>Exemple de cazuri de discriminare sanc\u021bionate de CNCD (unde participan\u021bii au fost informa\u021bi despre care sunt pa\u0219ii pe care trebuie s\u0103 \u00eei fac\u0103 pentru a sesiza cazurile de discriminare, precum \u0219i modul de redactare a unei cereri c\u0103tre CNCD).<\/li>\n<\/ul>\n\n\n\n<p>MODULUL II  &#8211; Comunicare, public speaking, tehnici de advocacy \u0219i negociere<\/p>\n\n\n\n<p>MODULUL III- Identitatea romani \u0219i imaginea de sine etnic\u0103<\/p>\n\n\n\n<p>MODULUL IV &#8211; Dezvoltarea culturii romani contemporane<\/p>\n\n\n\n<p><\/p>\n\n\n\n<p><\/p>\n\n\n\n<p><strong>Schimburi de experien\u021b\u0103, study tour \u0219i promovarea de bune practici<\/strong><\/p>\n\n\n\n<p>\u00cen cadrul acestei activit\u0103\u021bi ne-am propus ca cei 75 de exper\u021bi\/ lideri care particip\u0103 la programul de preg\u0103tire complex\u0103 s\u0103 viziteze cel pu\u021bin una din cele 20 de localit\u0103\u021bi beneficiare ale programului de dezvoltare comunitar\u0103 cu rezultate deosebite. Aceast schimb de experien\u021b\u0103 le-a oferit participan\u0163ilor ocazia de a se \u00eent\u00e2lni cu autorit\u0103\u0163ile locale, cu membrii comunit\u0103\u0163ii \u015fi s\u0103 dezbat\u0103 problemele diverse care se \u00eent\u00e2lnesc de la o regiune la alta.<\/p>\n\n\n\n<p>Dintre temele abordate \u00een cadrul vizitelor:<\/p>\n\n\n\n<ul class=\"wp-block-list\">\n<li>Bune practici pentru rezolvarea nevoilor comunit\u0103\u021bilor de romi;<\/li>\n\n\n\n<li>Bune practici de promovare a culturii romilor;<\/li>\n\n\n\n<li>M\u0103suri de desegregare \u0219i combatere a discrimin\u0103rii;<\/li>\n\n\n\n<li>Rela\u021bia institu\u021bii\/ autorit\u0103\u021bi locale cu cet\u0103\u021benii de etnie rom\u0103;<\/li>\n\n\n\n<li>Reprezentare \u0219i reprezentativitate.<\/li>\n<\/ul>\n\n\n\n<p><strong>Dezbateri publice pentru influen\u021barea politicilor publice<\/strong><\/p>\n\n\n\n<p>Au avut loc \u00eent\u00e2lniri la nivel jude\u021bean \u00een cadrul c\u0103rora s-au dezb\u0103tut nevoile comununit\u0103\u021bilor de romi \u0219i solu\u021biile pentru ca acestea s\u0103 fie adresate inclusiv prin intermediul documentelor strategice de la nivel jude\u021bean \u0219i\/ sau regional.<\/p>\n\n\n\n<p>Scopul dezbaterilor a fost actualizarea strategiilor jude\u021bene de dezvoltare astfel \u00eenc\u00e2t ele s\u0103 includ\u0103 \u0219i nevoile comunit\u0103\u021bilor de romi, iar discursul din cadrul acestor strategii s\u0103 nu mai fie stereotipar la adresa romilor.<\/p>\n\n\n\n<div class=\"wp-block-ugb-spacer ugb-spacer ugb-102b617 ugb-spacer--v2 ugb-main-block\"><style>@media screen and (min-width:768px){.ugb-102b617.ugb-spacer{height:100px}}<\/style><div class=\"ugb-inner-block\"><div class=\"ugb-block-content\"><div class=\"ugb-spacer--inner\"><\/div><\/div><\/div><\/div>\n\n\n\n<p><\/p>\n","protected":false},"excerpt":{"rendered":"<p>Program de formare complex\u0103 Programul de preg\u0103tire a exper\u021bilor \u0219i liderilor romi s-a adresat unui num\u0103r de 75 de exper\u021bi\/ lideri romi, membri ai organiza\u021biilor neguvernamentale ale romilor din Rom\u00e2nia, fiind structurat \u00een patru module de pregatire: MODULUL I &#8211; Respectarea drepturilor omului Cursurile au avut loc \u00een perioadele 9-10 aprilie 2022 (Buz\u0103u), 14-15 aprilie 2022 (Bra\u0219ov), 28-29 mai 2022 (Ia\u0219i) \u0219i au participat exper\u021bi \u0219i lideri romi din toate cele cinci jude\u021be implicate \u00een proiect. Obiectivul modulului a fost de a preg\u0103ti cei 75 exper\u021bi \u0219i lideri romi s\u0103 identifice situa\u021bii de discriminare \u0219i s\u0103 ac\u021bioneze atunci c\u00e2nd este\u2026<\/p>\n","protected":false},"author":1,"featured_media":732,"parent":0,"menu_order":0,"comment_status":"closed","ping_status":"closed","template":"","meta":{"footnotes":""},"class_list":["post-640","page","type-page","status-publish","has-post-thumbnail","hentry"],"blocksy_meta":{"styles_descriptor":{"styles":{"desktop":"","tablet":"","mobile":""},"google_fonts":[]}},"featured_image_urls_v2":{"full":["https:\/\/www.agentiaimpreuna.ro\/putem-mai-mult\/wp-content\/uploads\/2021\/06\/jehyun-sung-6U5AEmQIajg-unsplash.jpg",2000,1333,false],"thumbnail":["https:\/\/www.agentiaimpreuna.ro\/putem-mai-mult\/wp-content\/uploads\/2021\/06\/jehyun-sung-6U5AEmQIajg-unsplash-150x150.jpg",150,150,true],"medium":["https:\/\/www.agentiaimpreuna.ro\/putem-mai-mult\/wp-content\/uploads\/2021\/06\/jehyun-sung-6U5AEmQIajg-unsplash-300x200.jpg",300,200,true],"medium_large":["https:\/\/www.agentiaimpreuna.ro\/putem-mai-mult\/wp-content\/uploads\/2021\/06\/jehyun-sung-6U5AEmQIajg-unsplash-768x512.jpg",768,512,true],"large":["https:\/\/www.agentiaimpreuna.ro\/putem-mai-mult\/wp-content\/uploads\/2021\/06\/jehyun-sung-6U5AEmQIajg-unsplash-1024x682.jpg",1024,682,true],"1536x1536":["https:\/\/www.agentiaimpreuna.ro\/putem-mai-mult\/wp-content\/uploads\/2021\/06\/jehyun-sung-6U5AEmQIajg-unsplash-1536x1024.jpg",1536,1024,true],"2048x2048":["https:\/\/www.agentiaimpreuna.ro\/putem-mai-mult\/wp-content\/uploads\/2021\/06\/jehyun-sung-6U5AEmQIajg-unsplash.jpg",2000,1333,false],"trp-custom-language-flag":["https:\/\/www.agentiaimpreuna.ro\/putem-mai-mult\/wp-content\/uploads\/2021\/06\/jehyun-sung-6U5AEmQIajg-unsplash.jpg",18,12,false]},"post_excerpt_stackable_v2":"<p>Program de formare complex\u0103 Programul de preg\u0103tire a exper\u021bilor \u0219i liderilor romi s-a adresat unui num\u0103r de 75 de exper\u021bi\/ lideri romi, membri ai organiza\u021biilor neguvernamentale ale romilor din Rom\u00e2nia, fiind structurat \u00een patru module de pregatire: MODULUL I &#8211; Respectarea drepturilor omului Cursurile au avut loc \u00een perioadele 9-10 aprilie 2022 (Buz\u0103u), 14-15 aprilie 2022 (Bra\u0219ov), 28-29 mai 2022 (Ia\u0219i) \u0219i au participat exper\u021bi \u0219i lideri romi din toate cele cinci jude\u021be implicate \u00een proiect. Obiectivul modulului a fost de a preg\u0103ti cei 75 exper\u021bi \u0219i lideri romi s\u0103 identifice situa\u021bii de discriminare \u0219i s\u0103 ac\u021bioneze atunci c\u00e2nd este&hellip;<\/p>\n","category_list_v2":"","author_info_v2":{"name":"agenadmin","url":"https:\/\/www.agentiaimpreuna.ro\/putem-mai-mult\/author\/agenadmin\/"},"comments_num_v2":"0 comments","_links":{"self":[{"href":"https:\/\/www.agentiaimpreuna.ro\/putem-mai-mult\/wp-json\/wp\/v2\/pages\/640","targetHints":{"allow":["GET"]}}],"collection":[{"href":"https:\/\/www.agentiaimpreuna.ro\/putem-mai-mult\/wp-json\/wp\/v2\/pages"}],"about":[{"href":"https:\/\/www.agentiaimpreuna.ro\/putem-mai-mult\/wp-json\/wp\/v2\/types\/page"}],"author":[{"embeddable":true,"href":"https:\/\/www.agentiaimpreuna.ro\/putem-mai-mult\/wp-json\/wp\/v2\/users\/1"}],"replies":[{"embeddable":true,"href":"https:\/\/www.agentiaimpreuna.ro\/putem-mai-mult\/wp-json\/wp\/v2\/comments?post=640"}],"version-history":[{"count":7,"href":"https:\/\/www.agentiaimpreuna.ro\/putem-mai-mult\/wp-json\/wp\/v2\/pages\/640\/revisions"}],"predecessor-version":[{"id":1649,"href":"https:\/\/www.agentiaimpreuna.ro\/putem-mai-mult\/wp-json\/wp\/v2\/pages\/640\/revisions\/1649"}],"wp:featuredmedia":[{"embeddable":true,"href":"https:\/\/www.agentiaimpreuna.ro\/putem-mai-mult\/wp-json\/wp\/v2\/media\/732"}],"wp:attachment":[{"href":"https:\/\/www.agentiaimpreuna.ro\/putem-mai-mult\/wp-json\/wp\/v2\/media?parent=640"}],"curies":[{"name":"wp","href":"https:\/\/api.w.org\/{rel}","templated":true}]}}