{"id":991,"date":"2020-06-17T17:01:42","date_gmt":"2020-06-17T17:01:42","guid":{"rendered":"https:\/\/demo.creativethemes.com\/blocksy\/charity\/?page_id=91"},"modified":"2021-07-12T20:16:24","modified_gmt":"2021-07-12T20:16:24","slug":"contact","status":"publish","type":"page","link":"https:\/\/www.agentiaimpreuna.ro\/putem-mai-mult\/en\/contact\/","title":{"rendered":"Contact Us"},"content":{"rendered":"\n<div class=\"wp-block-ugb-columns ugb-columns ugb-62f2e82 ugb-columns--design-plain ugb-columns--columns-3 ugb-main-block\"><style>.ugb-62f2e82 .ugb-block-title{text-align:center}@media screen and (min-width:768px){.ugb-62f2e82.ugb-columns{margin-top:130px !important}}@media screen and (min-width:768px) and (max-width:1025px){.ugb-62f2e82.ugb-columns{margin-top:80px !important}}<\/style><div class=\"ugb-inner-block\"><h2 class=\"ugb-block-title\">Informa\u021bii Utile<\/h2><div class=\"ugb-block-content\"><div class=\"ugb-columns__item ugb-62f2e82-content-wrapper\">\n<div class=\"wp-block-ugb-column ugb-column ugb-dc21997 ugb-column--design-basic ugb-main-block\"><style>.ugb-dc21997-column-wrapper{border-radius:5px !important}<\/style><div class=\"ugb-inner-block\"><div class=\"ugb-block-content\"><div class=\"ugb-column__item ugb-dc21997-column-wrapper ugb--shadow-6\"><div class=\"ugb-column__content-wrapper\">\n<div class=\"wp-block-ugb-icon ugb-icon ugb-fd39ba0 ugb-icon--v2 ugb-icon--design-basic ugb-main-block\"><style>.ugb-fd39ba0 .ugb-icon__icon .ugb-icon-inner-svg,.ugb-fd39ba0 .ugb-icon__icon .ugb-icon-inner-svg svg{width:30px !important;height:30px !important}.ugb-fd39ba0 .ugb-icon__icon .ugb-icon-inner-svg{color:var(--paletteColor2) !important}.ugb-fd39ba0 .ugb-icon__icon{margin-bottom:0px !important}@media screen and (min-width:768px){.ugb-fd39ba0.ugb-icon{margin-bottom:25px !important}}.ugb-fd39ba0 .ugb-icon__icon .ugb-icon-inner-svg,.ugb-fd39ba0 .ugb-icon__icon .ugb-icon-inner-svg svg *{color:var(--paletteColor2) !important;fill:var(--paletteColor2) !important}<\/style><div class=\"ugb-inner-block\"><div class=\"ugb-block-content\"><div class=\"ugb-icon__content-wrapper\"><div class=\"ugb-icon__item ugb-icon__item1\"><div class=\"ugb-icon__icon\"><div class=\"ugb-icon-inner-svg\"><svg data-prefix=\"fas\" data-icon=\"map-marker-alt\" class=\"svg-inline--fa fa-map-marker-alt fa-w-12\" role=\"img\" xmlns=\"http:\/\/www.w3.org\/2000\/svg\" viewBox=\"0 0 384 512\"><path fill=\"currentColor\" d=\"M172.268 501.67C26.97 291.031 0 269.413 0 192 0 85.961 85.961 0 192 0s192 85.961 192 192c0 77.413-26.97 99.031-172.268 309.67-9.535 13.774-29.93 13.773-39.464 0zM192 272c44.183 0 80-35.817 80-80s-35.817-80-80-80-80 35.817-80 80 35.817 80 80 80z\"><\/path><\/svg><\/div><\/div><\/div><\/div><\/div><\/div><\/div>\n\n\n\n<div class=\"wp-block-ugb-heading ugb-heading ugb-47dc847 ugb-main-block\"><style>.ugb-47dc847 .ugb-heading__title{text-align:center}.ugb-47dc847 .ugb-inner-block{text-align:center}@media screen and (min-width:768px){.ugb-47dc847.ugb-heading{margin-bottom:0px !important}}<\/style><div class=\"ugb-inner-block\"><div class=\"ugb-block-content\"><h5 class=\"ugb-heading__title\">Adres\u0103<\/h5><p class=\"ugb-heading__subtitle\">Str. Slobozia, Nr. 31, Sector 4, <br>040522, Bucuresti<\/p><\/div><\/div><\/div>\n<\/div><\/div><\/div><\/div><\/div>\n\n\n\n<div class=\"wp-block-ugb-column ugb-column ugb-249f9ad ugb-column--design-basic ugb-main-block\"><style>.ugb-249f9ad-column-wrapper{border-radius:5px !important}<\/style><div class=\"ugb-inner-block\"><div class=\"ugb-block-content\"><div class=\"ugb-column__item ugb-249f9ad-column-wrapper ugb--shadow-6\"><div class=\"ugb-column__content-wrapper\">\n<div class=\"wp-block-ugb-icon ugb-icon ugb-143d149 ugb-icon--v2 ugb-icon--design-basic ugb-main-block\"><style>.ugb-143d149 .ugb-icon__icon .ugb-icon-inner-svg,.ugb-143d149 .ugb-icon__icon .ugb-icon-inner-svg svg{width:30px !important;height:30px !important}.ugb-143d149 .ugb-icon__icon .ugb-icon-inner-svg{color:var(--paletteColor2) !important}.ugb-143d149 .ugb-icon__icon{margin-bottom:0px !important}@media screen and (min-width:768px){.ugb-143d149.ugb-icon{margin-bottom:25px !important}}.ugb-143d149 .ugb-icon__icon .ugb-icon-inner-svg,.ugb-143d149 .ugb-icon__icon .ugb-icon-inner-svg svg *{color:var(--paletteColor2) !important;fill:var(--paletteColor2) !important}<\/style><div class=\"ugb-inner-block\"><div class=\"ugb-block-content\"><div class=\"ugb-icon__content-wrapper\"><div class=\"ugb-icon__item ugb-icon__item1\"><div class=\"ugb-icon__icon\"><div class=\"ugb-icon-inner-svg\"><svg data-prefix=\"fas\" data-icon=\"clock\" class=\"svg-inline--fa fa-clock fa-w-16\" role=\"img\" xmlns=\"http:\/\/www.w3.org\/2000\/svg\" viewBox=\"0 0 512 512\"><path fill=\"currentColor\" d=\"M256,8C119,8,8,119,8,256S119,504,256,504,504,393,504,256,393,8,256,8Zm92.49,313h0l-20,25a16,16,0,0,1-22.49,2.5h0l-67-49.72a40,40,0,0,1-15-31.23V112a16,16,0,0,1,16-16h32a16,16,0,0,1,16,16V256l58,42.5A16,16,0,0,1,348.49,321Z\"><\/path><\/svg><\/div><\/div><\/div><\/div><\/div><\/div><\/div>\n\n\n\n<div class=\"wp-block-ugb-heading ugb-heading ugb-70c5e93 ugb-main-block\"><style>.ugb-70c5e93 .ugb-heading__title{text-align:center}.ugb-70c5e93 .ugb-inner-block{text-align:center}@media screen and (min-width:768px){.ugb-70c5e93.ugb-heading{margin-bottom:0px !important}}<\/style><div class=\"ugb-inner-block\"><div class=\"ugb-block-content\"><h5 class=\"ugb-heading__title\">Program<\/h5><p class=\"ugb-heading__subtitle\">Luni &#8211; Vineri: 9am &#8211; 5pm<br>Weekend: \u00cenchis<\/p><\/div><\/div><\/div>\n<\/div><\/div><\/div><\/div><\/div>\n\n\n\n<div class=\"wp-block-ugb-column ugb-column ugb-22ee65c ugb-column--design-basic ugb-main-block\"><style>.ugb-22ee65c-column-wrapper{border-radius:5px !important}<\/style><div class=\"ugb-inner-block\"><div class=\"ugb-block-content\"><div class=\"ugb-column__item ugb-22ee65c-column-wrapper ugb--shadow-6\"><div class=\"ugb-column__content-wrapper\">\n<div class=\"wp-block-ugb-icon ugb-icon ugb-d3af5f7 ugb-icon--v2 ugb-icon--design-basic ugb-main-block\"><style>.ugb-d3af5f7 .ugb-icon__icon .ugb-icon-inner-svg,.ugb-d3af5f7 .ugb-icon__icon .ugb-icon-inner-svg svg{width:30px !important;height:30px !important}.ugb-d3af5f7 .ugb-icon__icon .ugb-icon-inner-svg{color:var(--paletteColor2) !important}.ugb-d3af5f7 .ugb-icon__icon{margin-bottom:0px !important}@media screen and (min-width:768px){.ugb-d3af5f7.ugb-icon{margin-bottom:25px !important}}.ugb-d3af5f7 .ugb-icon__icon .ugb-icon-inner-svg,.ugb-d3af5f7 .ugb-icon__icon .ugb-icon-inner-svg svg *{color:var(--paletteColor2) !important;fill:var(--paletteColor2) !important}<\/style><div class=\"ugb-inner-block\"><div class=\"ugb-block-content\"><div class=\"ugb-icon__content-wrapper\"><div class=\"ugb-icon__item ugb-icon__item1\"><div class=\"ugb-icon__icon\"><div class=\"ugb-icon-inner-svg\"><svg data-prefix=\"fas\" data-icon=\"mobile\" class=\"svg-inline--fa fa-mobile fa-w-10\" role=\"img\" xmlns=\"http:\/\/www.w3.org\/2000\/svg\" viewBox=\"0 0 320 512\"><path fill=\"currentColor\" d=\"M272 0H48C21.5 0 0 21.5 0 48v416c0 26.5 21.5 48 48 48h224c26.5 0 48-21.5 48-48V48c0-26.5-21.5-48-48-48zM160 480c-17.7 0-32-14.3-32-32s14.3-32 32-32 32 14.3 32 32-14.3 32-32 32z\"><\/path><\/svg><\/div><\/div><\/div><\/div><\/div><\/div><\/div>\n\n\n\n<div class=\"wp-block-ugb-heading ugb-heading ugb-58f91f5 ugb-main-block\"><style>.ugb-58f91f5 .ugb-heading__title{text-align:center}.ugb-58f91f5 .ugb-inner-block{text-align:center}@media screen and (min-width:768px){.ugb-58f91f5.ugb-heading{margin-bottom:0px !important}}<\/style><div class=\"ugb-inner-block\"><div class=\"ugb-block-content\"><h5 class=\"ugb-heading__title\">Num\u0103r Telefon<\/h5><p class=\"ugb-heading__subtitle\">+40 21 210 0539<\/p><\/div><\/div><\/div>\n<\/div><\/div><\/div><\/div><\/div>\n<\/div><\/div><\/div><\/div>\n\n\n\n<div class=\"wp-block-ugb-columns ugb-columns ugb-d2341ea ugb-columns--design-plain ugb-columns--columns-3 ugb-main-block\"><style>.ugb-d2341ea > .ugb-inner-block > .ugb-block-content > .ugb-columns__item{grid-template-columns:0.54fr 1.92fr 0.54fr !important}.ugb-d2341ea .ugb-block-title{text-align:center}@media screen and (min-width:768px){.ugb-d2341ea.ugb-columns{margin-top:130px !important}}@media screen and (min-width:768px) and (max-width:1025px){.ugb-d2341ea.ugb-columns{margin-top:80px !important}}<\/style><div class=\"ugb-inner-block\"><h2 class=\"ugb-block-title\">Trimite-ne Un Mesaj<\/h2><div class=\"ugb-block-content\"><div class=\"ugb-columns__item ugb-d2341ea-content-wrapper\">\n<div class=\"wp-block-ugb-column ugb-column ugb-33f6f66 ugb-column--design-plain ugb-main-block ugb--hide-mobile\"><div class=\"ugb-inner-block\"><div class=\"ugb-block-content\"><div class=\"ugb-column__item ugb-33f6f66-column-wrapper\"><div class=\"ugb-column__content-wrapper\"><\/div><\/div><\/div><\/div><\/div>\n\n\n\n<div class=\"wp-block-ugb-column ugb-column ugb-43d96f9 ugb-column--design-plain ugb-main-block\"><div class=\"ugb-inner-block\"><div class=\"ugb-block-content\"><div class=\"ugb-column__item ugb-43d96f9-column-wrapper\"><div class=\"ugb-column__content-wrapper\"><div class=\"wpforms-container wpforms-block ct-wpforms\" id=\"wpforms-485\"><form id=\"wpforms-form-485\" class=\"wpforms-validate wpforms-form\" data-formid=\"485\" method=\"post\" enctype=\"multipart\/form-data\" action=\"\/putem-mai-mult\/en\/wp-json\/wp\/v2\/pages\/991\" data-token=\"cf42253c18d057ab725cb6325f1c7e27\" data-token-time=\"1777619833\"><noscript class=\"wpforms-error-noscript\">Please enable JavaScript in your browser to complete this form.<\/noscript><div class=\"wpforms-field-container\"><div id=\"wpforms-485-field_0-container\" class=\"wpforms-field wpforms-field-name\" data-field-id=\"0\"><label class=\"wpforms-field-label\" for=\"wpforms-485-field_0\">Nume Complet <span class=\"wpforms-required-label\">*<\/span><\/label><input type=\"text\" id=\"wpforms-485-field_0\" class=\"wpforms-field-large wpforms-field-required\" name=\"wpforms[fields][0]\" required><\/div><div id=\"wpforms-485-field_1-container\" class=\"wpforms-field wpforms-field-email\" data-field-id=\"1\"><label class=\"wpforms-field-label\" for=\"wpforms-485-field_1\">Adresa Email <span class=\"wpforms-required-label\">*<\/span><\/label><input type=\"email\" id=\"wpforms-485-field_1\" class=\"wpforms-field-large wpforms-field-required\" name=\"wpforms[fields][1]\" spellcheck=\"false\" required><\/div>\t\t<div id=\"wpforms-485-field_4-container\"\n\t\t\tclass=\"wpforms-field wpforms-field-text\"\n\t\t\tdata-field-type=\"text\"\n\t\t\tdata-field-id=\"4\"\n\t\t\t>\n\t\t\t<label class=\"wpforms-field-label\" for=\"wpforms-485-field_4\" >Adresa Mesaj Nume<\/label>\n\t\t\t<input type=\"text\" id=\"wpforms-485-field_4\" class=\"wpforms-field-medium\" name=\"wpforms[fields][4]\" >\n\t\t<\/div>\n\t\t<div id=\"wpforms-485-field_3-container\" class=\"wpforms-field wpforms-field-text\" data-field-id=\"3\"><label class=\"wpforms-field-label\" for=\"wpforms-485-field_3\">Subiect <span class=\"wpforms-required-label\">*<\/span><\/label><input type=\"text\" id=\"wpforms-485-field_3\" class=\"wpforms-field-large wpforms-field-required\" name=\"wpforms[fields][3]\" required><\/div><div id=\"wpforms-485-field_2-container\" class=\"wpforms-field wpforms-field-textarea\" data-field-id=\"2\"><label class=\"wpforms-field-label\" for=\"wpforms-485-field_2\">Mesaj <span class=\"wpforms-required-label\">*<\/span><\/label><textarea id=\"wpforms-485-field_2\" class=\"wpforms-field-medium wpforms-field-required\" name=\"wpforms[fields][2]\" required><\/textarea><\/div><script>\n\t\t\t\t( function() {\n\t\t\t\t\tconst style = document.createElement( 'style' );\n\t\t\t\t\tstyle.appendChild( document.createTextNode( '#wpforms-485-field_4-container { position: absolute !important; overflow: hidden !important; display: inline !important; height: 1px !important; width: 1px !important; z-index: -1000 !important; padding: 0 !important; } #wpforms-485-field_4-container input { visibility: hidden; } #wpforms-conversational-form-page #wpforms-485-field_4-container label { counter-increment: none; }' ) );\n\t\t\t\t\tdocument.head.appendChild( style );\n\t\t\t\t\tdocument.currentScript?.remove();\n\t\t\t\t} )();\n\t\t\t<\/script><\/div><!-- .wpforms-field-container --><div class=\"wpforms-field wpforms-field-hp\"><label for=\"wpforms-485-field-hp\" class=\"wpforms-field-label\">Message<\/label><input type=\"text\" name=\"wpforms[hp]\" id=\"wpforms-485-field-hp\" class=\"wpforms-field-medium\"><\/div><div class=\"wpforms-recaptcha-container wpforms-is-recaptcha wpforms-is-recaptcha-type-v2\" ><div class=\"g-recaptcha\" data-sitekey=\"6LeBDtoqAAAAAKsv7cnDPy7Fc6sM8K6RswVH6jKg\"><\/div><input type=\"text\" name=\"g-recaptcha-hidden\" class=\"wpforms-recaptcha-hidden\" style=\"position:absolute!important;clip:rect(0,0,0,0)!important;height:1px!important;width:1px!important;border:0!important;overflow:hidden!important;padding:0!important;margin:0!important;\" data-rule-recaptcha=\"1\"><\/div><div class=\"wpforms-submit-container\" ><input type=\"hidden\" name=\"wpforms[id]\" value=\"485\"><input type=\"hidden\" name=\"page_title\" value=\"\"><input type=\"hidden\" name=\"page_url\" value=\"https:\/\/www.agentiaimpreuna.ro\/putem-mai-mult\/en\/wp-json\/wp\/v2\/pages\/991\"><input type=\"hidden\" name=\"url_referer\" value=\"\"><button type=\"submit\" name=\"wpforms[submit]\" id=\"wpforms-submit-485\" class=\"wpforms-submit\" data-alt-text=\"Acum se trimite..\" data-submit-text=\"Trimite mesaj\" aria-live=\"assertive\" value=\"wpforms-submit\">Trimite mesaj<\/button><\/div><\/form><\/div>  <!-- .wpforms-container --><\/div><\/div><\/div><\/div><\/div>\n\n\n\n<div class=\"wp-block-ugb-column ugb-column ugb-8919767 ugb-column--design-plain ugb-main-block ugb--hide-mobile\"><div class=\"ugb-inner-block\"><div class=\"ugb-block-content\"><div class=\"ugb-column__item ugb-8919767-column-wrapper\"><div class=\"ugb-column__content-wrapper\"><\/div><\/div><\/div><\/div><\/div>\n<\/div><\/div><\/div><\/div>\n\n\n\n<div class=\"wp-block-ugb-spacer ugb-spacer ugb-ed70dbe ugb-spacer--v2 ugb-main-block\"><style>@media screen and (min-width:768px){.ugb-ed70dbe.ugb-spacer{height:100px}}<\/style><div class=\"ugb-inner-block\"><div class=\"ugb-block-content\"><div class=\"ugb-spacer--inner\"><\/div><\/div><\/div><\/div>\n","protected":false},"excerpt":{"rendered":"<p>Adres\u0103 Str. Slobozia, Nr. 31, Sector 4, 040522, Bucuresti Program Luni &#8211; Vineri: 9am &#8211; 5pmWeekend: \u00cenchis Num\u0103r Telefon +40 21 210 0539<\/p>","protected":false},"author":1,"featured_media":950,"parent":0,"menu_order":0,"comment_status":"closed","ping_status":"closed","template":"","meta":{"footnotes":""},"class_list":["post-991","page","type-page","status-publish","has-post-thumbnail","hentry"],"blocksy_meta":{"styles_descriptor":{"styles":{"desktop":"","tablet":"","mobile":""},"google_fonts":[]}},"featured_image_urls_v2":{"full":["https:\/\/www.agentiaimpreuna.ro\/putem-mai-mult\/wp-content\/uploads\/2021\/07\/contact.jpg",1000,667,false],"thumbnail":["https:\/\/www.agentiaimpreuna.ro\/putem-mai-mult\/wp-content\/uploads\/2021\/07\/contact-150x150.jpg",150,150,true],"medium":["https:\/\/www.agentiaimpreuna.ro\/putem-mai-mult\/wp-content\/uploads\/2021\/07\/contact-300x200.jpg",300,200,true],"medium_large":["https:\/\/www.agentiaimpreuna.ro\/putem-mai-mult\/wp-content\/uploads\/2021\/07\/contact-768x512.jpg",768,512,true],"large":["https:\/\/www.agentiaimpreuna.ro\/putem-mai-mult\/wp-content\/uploads\/2021\/07\/contact.jpg",1000,667,false],"1536x1536":["https:\/\/www.agentiaimpreuna.ro\/putem-mai-mult\/wp-content\/uploads\/2021\/07\/contact.jpg",1000,667,false],"2048x2048":["https:\/\/www.agentiaimpreuna.ro\/putem-mai-mult\/wp-content\/uploads\/2021\/07\/contact.jpg",1000,667,false],"trp-custom-language-flag":["https:\/\/www.agentiaimpreuna.ro\/putem-mai-mult\/wp-content\/uploads\/2021\/07\/contact.jpg",18,12,false]},"post_excerpt_stackable_v2":"<p>Informa\u021bii Utile Adres\u0103Str. Slobozia, Nr. 31, Sector 4, 040522, Bucuresti ProgramLuni &#8211; Vineri: 9am &#8211; 5pmWeekend: \u00cenchis Num\u0103r Telefon+40 21 210 0539 Trimite-ne Un Mesaj Please enable JavaScript in your browser to complete this form.Nume Complet *Adresa Email * Email Nume Adresa Subiect *Mesaj *NameTrimite mesaj<\/p>\n","category_list_v2":"","author_info_v2":{"name":"agenadmin","url":"https:\/\/www.agentiaimpreuna.ro\/putem-mai-mult\/en\/author\/agenadmin\/"},"comments_num_v2":"0 comments","_links":{"self":[{"href":"https:\/\/www.agentiaimpreuna.ro\/putem-mai-mult\/en\/wp-json\/wp\/v2\/pages\/991","targetHints":{"allow":["GET"]}}],"collection":[{"href":"https:\/\/www.agentiaimpreuna.ro\/putem-mai-mult\/en\/wp-json\/wp\/v2\/pages"}],"about":[{"href":"https:\/\/www.agentiaimpreuna.ro\/putem-mai-mult\/en\/wp-json\/wp\/v2\/types\/page"}],"author":[{"embeddable":true,"href":"https:\/\/www.agentiaimpreuna.ro\/putem-mai-mult\/en\/wp-json\/wp\/v2\/users\/1"}],"replies":[{"embeddable":true,"href":"https:\/\/www.agentiaimpreuna.ro\/putem-mai-mult\/en\/wp-json\/wp\/v2\/comments?post=991"}],"version-history":[{"count":1,"href":"https:\/\/www.agentiaimpreuna.ro\/putem-mai-mult\/en\/wp-json\/wp\/v2\/pages\/991\/revisions"}],"predecessor-version":[{"id":1077,"href":"https:\/\/www.agentiaimpreuna.ro\/putem-mai-mult\/en\/wp-json\/wp\/v2\/pages\/991\/revisions\/1077"}],"wp:featuredmedia":[{"embeddable":true,"href":"https:\/\/www.agentiaimpreuna.ro\/putem-mai-mult\/en\/wp-json\/wp\/v2\/media\/950"}],"wp:attachment":[{"href":"https:\/\/www.agentiaimpreuna.ro\/putem-mai-mult\/en\/wp-json\/wp\/v2\/media?parent=991"}],"curies":[{"name":"wp","href":"https:\/\/api.w.org\/{rel}","templated":true}]}}