{"id":988,"date":"2020-06-17T17:01:10","date_gmt":"2020-06-17T17:01:10","guid":{"rendered":"https:\/\/demo.creativethemes.com\/blocksy\/charity\/?page_id=85"},"modified":"2020-06-17T17:01:10","modified_gmt":"2020-06-17T17:01:10","slug":"prezentare-proiect","status":"publish","type":"page","link":"https:\/\/www.agentiaimpreuna.ro\/putem-mai-mult\/en\/prezentare-proiect\/","title":{"rendered":"Project Presentation"},"content":{"rendered":"<div class=\"wp-block-ugb-spacer ugb-spacer ugb-98c282c ugb-spacer--v2 ugb-main-block\"><style>@media screen and (min-width:768px){.ugb-98c282c.ugb-spacer{height:100px}}<\/style><div class=\"ugb-inner-block\"><div class=\"ugb-block-content\"><div class=\"ugb-spacer--inner\"><\/div><\/div><\/div><\/div>\n\n\n\n<p>The \"We can do more together!\" project benefits from a grant of \u20ac897,454 from Iceland, Liechtenstein, and Norway through EEA Grants under the Local Development Program.<\/p>\n\n\n\n<p>The project aims to support the empowerment of 2,200 Roma at the national level, using a \"bottom-up\" approach in which Roma citizens are at the center, learning to actively contribute to solving community problems and making their voices heard.<\/p>\n\n\n\n<p>The project is implemented by Agen\u021bia \"\u00cempreun\u0103\" (The \"Together\" Agency), along with its partners: The Romano-Kher National Roma Culture Center, The Roma Amare Rromentza Center Association, The Marginalized Communities Association Boto\u0219ani, The F\u0103g\u0103ra\u0219 Roma Association, The DANROM F\u0103urei Association, The Community Development Agency in Buz\u0103u, and the Ursari Roma Association from Dag\u00e2\u021ba, during the period of 01.01.2021-31.12.2022.<\/p>\n\n\n\n<p>The approach of this project is innovative, changing the frequently used social perspective in public policies and the media portrayal of the group in an ethnic perspective of the Roma, as a resource for Romania's development.<\/p>\n\n\n\n<p>The general objective of the proposed project is: Increasing the inclusion and empowerment of 2,200 Roma in Romania. The project will meet the general objective set by 3 pillars:<\/p>\n\n\n\n<ul class=\"wp-block-list\"><li>Empowerment of 20 Roma communities from 5 counties (Boto\u0219ani, Bra\u0219ov, Br\u0103ila, Buz\u0103u and Ia\u0219i) through: community facilitation and development;<\/li><li>Training of 75 Roma experts and leaders at a national level to increase their involvement in decision-making targeting Roma communities and beyond;<\/li><li>Campaigns to promote Roma culture and identity addressed both to Roma (to better understand the elements of their own identity and stimulate its assumption), and to the majority of people, to reduce stereotypes and prejudices caused by the lack of knowledge regarding the Roma group.<\/li><\/ul>\n\n\n\n<div class=\"wp-block-ugb-spacer ugb-spacer ugb-59fb49e ugb-spacer--v2 ugb-main-block\"><style>@media screen and (min-width:768px){.ugb-59fb49e.ugb-spacer{height:100px}}<\/style><div class=\"ugb-inner-block\"><div class=\"ugb-block-content\"><div class=\"ugb-spacer--inner\"><\/div><\/div><\/div><\/div>","protected":false},"excerpt":{"rendered":"<p>Proiectul \u201ePutem mai mult \u00eempreun\u0103\u201d beneficiaz\u0103 de un grant \u00een valoare de 897,454 \u20ac oferit de Islanda, Liechtenstein \u0219i Norvegia prin Granturile SEE \u00een cadrul Programului Dezvoltare local\u0103. Obiectivul proiectului este de a sprijini \u00eemputernicirea a 2200 de romi de la nivel na\u021bional, folosind o abordare de \u201ejos \u00een sus\u201d \u00een care cet\u0103\u021benii de etnie rom\u0103 se afl\u0103 \u00een centru, ei \u00eenv\u0103\u021b\u00e2nd s\u0103 contribuie activ la rezolvarea problemelor comunit\u0103\u021bii \u0219i s\u0103 fac\u0103 auzit\u0103 vocea acestora. Proiectul este implementat de Funda\u021bia Agen\u021bia \u00cempreun\u0103 al\u0103turi de partenerii s\u0103i: Centrul Na\u021bional de Cultur\u0103 a Romilor Romano- Kher, Asocia\u021bia Centrul Rromilor Amare Rromentza, Asocia\u021bia\u2026<\/p>","protected":false},"author":1,"featured_media":847,"parent":0,"menu_order":0,"comment_status":"closed","ping_status":"closed","template":"","meta":{"footnotes":""},"class_list":["post-988","page","type-page","status-publish","has-post-thumbnail","hentry"],"blocksy_meta":{"styles_descriptor":{"styles":{"desktop":"","tablet":"","mobile":""},"google_fonts":[]}},"featured_image_urls_v2":{"full":["https:\/\/www.agentiaimpreuna.ro\/putem-mai-mult\/wp-content\/uploads\/2021\/07\/project.jpg",2250,1500,false],"thumbnail":["https:\/\/www.agentiaimpreuna.ro\/putem-mai-mult\/wp-content\/uploads\/2021\/07\/project-150x150.jpg",150,150,true],"medium":["https:\/\/www.agentiaimpreuna.ro\/putem-mai-mult\/wp-content\/uploads\/2021\/07\/project-300x200.jpg",300,200,true],"medium_large":["https:\/\/www.agentiaimpreuna.ro\/putem-mai-mult\/wp-content\/uploads\/2021\/07\/project-768x512.jpg",768,512,true],"large":["https:\/\/www.agentiaimpreuna.ro\/putem-mai-mult\/wp-content\/uploads\/2021\/07\/project-1024x683.jpg",1024,683,true],"1536x1536":["https:\/\/www.agentiaimpreuna.ro\/putem-mai-mult\/wp-content\/uploads\/2021\/07\/project-1536x1024.jpg",1536,1024,true],"2048x2048":["https:\/\/www.agentiaimpreuna.ro\/putem-mai-mult\/wp-content\/uploads\/2021\/07\/project-2048x1365.jpg",2048,1365,true],"trp-custom-language-flag":["https:\/\/www.agentiaimpreuna.ro\/putem-mai-mult\/wp-content\/uploads\/2021\/07\/project.jpg",18,12,false]},"post_excerpt_stackable_v2":"<p>Proiectul \u201ePutem mai mult \u00eempreun\u0103\u201d beneficiaz\u0103 de un grant \u00een valoare de 897,454 \u20ac oferit de Islanda, Liechtenstein \u0219i Norvegia prin Granturile SEE \u00een cadrul Programului Dezvoltare local\u0103. Obiectivul proiectului este de a sprijini \u00eemputernicirea a 2200 de romi de la nivel na\u021bional, folosind o abordare de \u201ejos \u00een sus\u201d \u00een care cet\u0103\u021benii de etnie rom\u0103 se afl\u0103 \u00een centru, ei \u00eenv\u0103\u021b\u00e2nd s\u0103 contribuie activ la rezolvarea problemelor comunit\u0103\u021bii \u0219i s\u0103 fac\u0103 auzit\u0103 vocea acestora. Proiectul este implementat de Funda\u021bia Agen\u021bia \u00cempreun\u0103 al\u0103turi de partenerii s\u0103i: Centrul Na\u021bional de Cultur\u0103 a Romilor Romano- Kher, Asocia\u021bia Centrul Rromilor Amare Rromentza, Asocia\u021bia&hellip;<\/p>\n","category_list_v2":"","author_info_v2":{"name":"agenadmin","url":"https:\/\/www.agentiaimpreuna.ro\/putem-mai-mult\/en\/author\/agenadmin\/"},"comments_num_v2":"0 comments","_links":{"self":[{"href":"https:\/\/www.agentiaimpreuna.ro\/putem-mai-mult\/en\/wp-json\/wp\/v2\/pages\/988","targetHints":{"allow":["GET"]}}],"collection":[{"href":"https:\/\/www.agentiaimpreuna.ro\/putem-mai-mult\/en\/wp-json\/wp\/v2\/pages"}],"about":[{"href":"https:\/\/www.agentiaimpreuna.ro\/putem-mai-mult\/en\/wp-json\/wp\/v2\/types\/page"}],"author":[{"embeddable":true,"href":"https:\/\/www.agentiaimpreuna.ro\/putem-mai-mult\/en\/wp-json\/wp\/v2\/users\/1"}],"replies":[{"embeddable":true,"href":"https:\/\/www.agentiaimpreuna.ro\/putem-mai-mult\/en\/wp-json\/wp\/v2\/comments?post=988"}],"version-history":[{"count":1,"href":"https:\/\/www.agentiaimpreuna.ro\/putem-mai-mult\/en\/wp-json\/wp\/v2\/pages\/988\/revisions"}],"predecessor-version":[{"id":1118,"href":"https:\/\/www.agentiaimpreuna.ro\/putem-mai-mult\/en\/wp-json\/wp\/v2\/pages\/988\/revisions\/1118"}],"wp:featuredmedia":[{"embeddable":true,"href":"https:\/\/www.agentiaimpreuna.ro\/putem-mai-mult\/en\/wp-json\/wp\/v2\/media\/847"}],"wp:attachment":[{"href":"https:\/\/www.agentiaimpreuna.ro\/putem-mai-mult\/en\/wp-json\/wp\/v2\/media?parent=988"}],"curies":[{"name":"wp","href":"https:\/\/api.w.org\/{rel}","templated":true}]}}