{"id":987,"date":"2020-06-12T15:43:30","date_gmt":"2020-06-12T15:43:30","guid":{"rendered":"https:\/\/demo.creativethemes.com\/blocksy\/charity\/?page_id=2"},"modified":"2021-09-13T11:51:38","modified_gmt":"2021-09-13T11:51:38","slug":"termeni-si-conditii","status":"publish","type":"page","link":"https:\/\/www.agentiaimpreuna.ro\/putem-mai-mult\/en\/termeni-si-conditii\/","title":{"rendered":"Terms and Conditions"},"content":{"rendered":"<div class=\"wp-block-ugb-spacer ugb-spacer ugb-369a109 ugb-spacer--v2 ugb-main-block\"><style>@media screen and (min-width:768px){.ugb-369a109.ugb-spacer{height:100px !important}}<\/style><div class=\"ugb-inner-block\"><div class=\"ugb-block-content\"><div class=\"ugb-spacer--inner\"><\/div><\/div><\/div><\/div>\n\n\n\n<p>Condi\u0163ii Generale pentru utilizarea site-ului www.agentiaimpreuna.ro<\/p>\n\n\n\n<p><strong>INTRODUCERE<\/strong><\/p>\n\n\n\n<p>Prezentele Condi\u0163ii Generale definesc condi\u0163iile de utilizare a site-ului www.agentiaimpreuna.ro de c\u0103tre poten\u0163ialii vizitatori sau clien\u0163i. Acces\u00e2nd \u015fi navig\u00e2nd pe acest site, accepta\u0163i termenii de utilizare descri\u015fi \u00een continuare<\/p>\n\n\n\n<p><strong>DREPTURILE ASUPRA CON\u0162INUTULUI SITE-ULUI<\/strong><\/p>\n\n\n\n<p>Agen\u021bia &#8222;\u00cempreun\u0103&#8221; de\u0163ine drepturi complete \u015fi depline asupra titlului de proprietate \u015fi prin aceasta toate drepturile de autor \u015fi cele brevetate. Nu ave\u0163i dreptul s\u0103 redistribui\u0163i, vinde\u0163i, decompila\u0163i, dezasambla\u0163i aplica\u0163ia software \u00eentr-o form\u0103 perceptibil\u0103 de c\u0103tre oameni.<\/p>\n\n\n\n<p>Toate informa\u0163iile, produsele sau aplica\u0163iile con\u0163inute \u00een acest site sunt proprietatea Agen\u021bia &#8222;\u00cempreun\u0103&#8221;, care \u00ee\u015fi rezerv\u0103 dreptul de a modifica con\u0163inutul \u015fi\/sau structura site-ului \u00een orice moment \u015fi far\u0103 nici o informare prealabil\u0103.<\/p>\n\n\n\n<p>\u00centregul con\u0163inut al site-ului www.agentiaimpreuna.ro este protejat prin Legea drepturilor de autor, toate drepturile fiind rezervate. Toate drepturile referitoare la pagini, con\u0163inutul \u015fi prezentarea site-ului sunt de\u0163inute de Agen\u021bia &#8222;\u00cempreun\u0103&#8221;. Este interzis\u0103 copierea, modificarea, afi\u015farea, distribuirea, transmiterea, publicarea, comercializarea, licen\u0163ierea, crearea unor materiale derivate sau utilizarea con\u0163inutului site-ului \u00een orice scop far\u0103 confirmarea scris\u0103 din partea Agen\u021bia &#8222;\u00cempreun\u0103&#8221;.<\/p>\n\n\n\n<p>Accesul si utilizarea paginii&nbsp;https:\/\/agentiaimpreuna.ro&nbsp;&nbsp;sunt gratuite si au scopul de a veni in ajutorul utilizatorilor pentru a g\u0103si informa\u021biile necesare \u00een cel mai u\u0219or si rapid mod posibil, conform cerin\u021belor fiec\u0103ruia.<\/p>\n\n\n\n<p>Informa\u021biile prezente pe https:\/\/agentiaimpreuna. sunt de interes general \u0219i sunt puse la dispozi\u021bia utilizatorilor \u00een mod gratuit. Prin termenul \u201cutilizator\u201d al acestei pagini se \u00een\u021belege orice persoana fizic\u0103 sau juridic\u0103 care va accesa pagina. Pute\u021bi copia \u0219i tip\u0103ri con\u021binutul paginilor de pe https:\/\/agentiaimpreuna.ro pentru folosin\u021ba dumneavoastr\u0103 personal\u0103, f\u0103r\u0103 inten\u021bii comerciale. \u00cen orice alte situa\u021bii, con\u021binutul https:\/\/agentiaimpreuna.ro&nbsp;nu poate fi reprodus, modificat sau exploatat f\u0103r\u0103 consim\u021b\u0103m\u00e2ntul explicit al reprezentan\u021bilor Agen\u021bia &#8222;\u00cempreun\u0103&#8221;.<\/p>\n\n\n\n<p><strong>NEANGAJAREA R\u0102SPUNDERII<\/strong><\/p>\n\n\n\n<p>Con\u0163inutul informa\u0163iilor se refer\u0103 la descrierea \u00eentr-un anumit grad de detaliere a activit\u0103\u0163ilor, produselor \u015fi serviciilor Agen\u021bia &#8222;\u00cempreun\u0103&#8221;. Agen\u021bia &#8222;\u00cempreun\u0103&#8221; nu va acorda nici o garan\u0163ie referitoare la:<\/p>\n\n\n\n<p>\u2013 evitarea utiliz\u0103rii anevoioase sau \u00eentreruperii \u00een utilizare a site-ului;<br>\u2013 neafectarea \u00een sens negativ a altor sisteme prin utilizarea site-ului;<br>\u2013 inexisten\u0163a pe site-ul pus la dispozi\u0163ie a viru\u015filor sau alte componente care ar putea d\u0103una utilizatorilor.<\/p>\n\n\n\n<p>Astfel, Agen\u021bia &#8222;\u00cempreun\u0103&#8221; nu poate fi responsabil\u0103 pentru nici un fel de daune directe sau indirecte produse prin utilizarea site-ului s\u0103u.<\/p>\n\n\n\n<p><strong>OBIECTIVUL CON\u0162INUTULUI SITE-ULUI<\/strong><\/p>\n\n\n\n<p>Obiectivul con\u0163inutului site-ului este de a transmite informa\u0163ii actualizate \u015fi exacte.<\/p>\n\n\n\n<p>Agen\u021bia &#8222;\u00cempreun\u0103&#8221; nu poate garanta c\u0103 prezentele pagini nu con\u0163in erori, \u015fi asigur\u0103 c\u0103 va depune toate diligen\u0163ele pentru realizarea unei inform\u0103ri corecte \u015fi remedierea eventualelor erori.<\/p>\n\n\n\n<p><strong>INFORMA\u0162II PERSONALE<\/strong><\/p>\n\n\n\n<p>C\u00e2nd prin intermediul prezentului site v\u0103 sunt solicitate informa\u0163ii, aceasta are ca scop identificarea dumneavoastr\u0103 sau posibilitatea de a v\u0103 contacta. Acest lucru este cu at\u00e2t mai necesar \u00een cazul folosirii aplica\u0163iilor disponibile pe site.<\/p>\n\n\n\n<p>Natura informa\u0163iilor solicitate se refer\u0103 \u00een special la date personale (nume, adres\u0103, numere de telefon), adres\u0103 de e-mail, modul \u00een care sunt utilizate sau inten\u0163ioneaz\u0103 s\u0103 fie utilizate produsele \u015fi\/sau serviciile Agen\u021bia &#8222;\u00cempreun\u0103&#8221;, dar poate include \u015fi alte informa\u0163ii aflate \u00een str\u00e2ns\u0103 leg\u0103tur\u0103 cu utilizarea serviciilor \u015fi\/sau produselor solicitate.<\/p>\n\n\n\n<p>Cu scopul de a r\u0103spunde mai bine nevoilor \u015fi \u00eentreb\u0103rilor utilizatorilor site-ului, informa\u0163iile solicitate prin intermediul acestui site vor face obiectul unei stoc\u0103ri \u015fi prelucr\u0103ri electronice.<\/p>\n\n\n\n<p><strong>COMUNICAREA CU VIZITATORII SITE-ULUI<\/strong><\/p>\n\n\n\n<p>Metodele prin care vizitatorii site-ului ini\u021biaz\u0103 contactul cu noi sunt: adres\u0103 de e-mail, num\u0103r de telefon, formularele prezente pe site.<\/p>\n\n\n\n<p>Aceast\u0103 contactare are loc pentru a cere informa\u021bii despre produsele noastre pentru a ne consulta p\u0103rerea pe diferite subiecte.<\/p>\n\n\n\n<p>Ini\u021bierea contactului de c\u0103tre d-voastr\u0103 \u00eel consider\u0103m \/ reprezint\u0103 consim\u021b\u0103m\u00e2ntul d-voastr\u0103 pentru a vi se r\u0103spunde \u00eenapoi, a vi se furniza informa\u021biile, a primi detalii de plata sau orice informa\u021bie solicitat\u0103.<\/p>\n\n\n\n<p>Ulterior desf\u0103\u0219ur\u0103rii comunic\u0103rii ini\u021biale, Agen\u021bia &#8222;\u00cempreun\u0103&#8221; &nbsp;\u00ee\u0219i stabile\u0219te ca interes legitim posibilitatea de a v\u0103 transmite \u0219i comunica informa\u021bii ulterioare, relevante solicit\u0103rii d-voastr\u0103, f\u0103r\u0103 a avea caracter de newsletter. Comunicarea se va realiza prin intermediul Microsoft Outlook.<\/p>\n\n\n\n<p>\u00cen acest sens Agen\u021bia &#8222;\u00cempreun\u0103&#8221; \u0219i-a stabilit un termen rezonabil de prelucrare ulterioar\u0103 de 18 luni de la data ini\u021bierii comunic\u0103rii.<\/p>\n\n\n\n<p><strong>LEG\u0102TURA CU ALTE SITE-URI<\/strong><\/p>\n\n\n\n<p>Prezentul site poate con\u0163ine leg\u0103turi sau trimiteri c\u0103tre alte site-uri considerate de Agen\u021bia &#8222;\u00cempreun\u0103&#8221; utile \u00een leg\u0103tur\u0103 cu con\u0163inutul site-ului s\u0103u \u015fi care nu se afl\u0103 sub controlul sau \u00eendrumarea sa. \u00cen cazul utiliz\u0103rii acestor leg\u0103turi sau trimiteri se vor aplica condi\u0163iile generale de utilizare corespunz\u0103toare acelor site-uri.<\/p>\n\n\n\n<p>Agen\u021bia &#8222;\u00cempreun\u0103&#8221; nu poate garanta\/controla actualitatea\/exactitatea informa\u0163iilor prezente pe site-urile unor ter\u0163i, la care se face trimitere de pe site-ul s\u0103u.<\/p>\n\n\n\n<p><strong>INFORMA\u0162IILE OFERITE PRIN INTERMEDIUL SITE-ULUI<\/strong><\/p>\n\n\n\n<p>Orice persoan\u0103 care viziteaz\u0103 site-ul www.agentiaimpreuna.ro \u015fi care ofer\u0103 date sau informa\u0163ii cu caracter personal prin intermediul acestui site \u00ee\u015fi manifest\u0103 acordul \u00een mod expres \u015fi neechivoc pentru urm\u0103toarele: prelucrarea acestor date \u015fi informa\u0163ii personale de c\u0103tre Agen\u021bia &#8222;\u00cempreun\u0103&#8221; \u00een vederea solu\u0163ionarea de c\u0103tre Agen\u021bia &#8222;\u00cempreun\u0103&#8221; a cererilor, \u00eentreb\u0103rilor \u015fi reclama\u0163iilor adresate (a se vedea pagina <a href=\"https:\/\/www.agentiaimpreuna.ro\/putem-mai-mult\/en\/contact\/\">Contact<\/a> din site); alte activit\u0103\u0163i \u00eentreprinse de Agen\u021bia &#8222;\u00cempreun\u0103&#8221; \u015fi permise de lege, ce nu fac obiectul unei aprob\u0103ri din partea destinatarului.<\/p>\n\n\n\n<p>Agen\u021bia &#8222;\u00cempreun\u0103&#8221; va p\u0103stra confiden\u0163ialitatea acestor informa\u0163ii.<\/p>\n\n\n\n<p>Utilizarea \u00een continuare a acestui site constituie acordul expres \u015fi neechivoc al dumneavoastr\u0103 \u00een conformitate cu directivele GDPR pentru protec\u0163ia persoanelor cu privire la prelucrarea datelor cu caracter personal \u015fi libera circula\u0163ie a acestor date.<\/p>\n\n\n\n<p>Pentru orice nel\u0103murire \u00een leg\u0103tur\u0103 cu exercitarea drepturilor dumneavoastr\u0103 referitoare la utilizarea site-ului \u015fi la protec\u0163ia utiliz\u0103rii v\u0103 rug\u0103m s\u0103 ne contacta\u0163i prin intermediul sec\u0163iunii <a href=\"https:\/\/www.agentiaimpreuna.ro\/putem-mai-mult\/en\/contact\/\">Contact<\/a> din site.<\/p>\n\n\n\n<div class=\"wp-block-ugb-spacer ugb-spacer ugb-8b2f283 ugb-spacer--v2 ugb-main-block\"><style>@media screen and (min-width:768px){.ugb-8b2f283.ugb-spacer{height:100px !important}}<\/style><div class=\"ugb-inner-block\"><div class=\"ugb-block-content\"><div class=\"ugb-spacer--inner\"><\/div><\/div><\/div><\/div>","protected":false},"excerpt":{"rendered":"<p>Condi\u0163ii Generale pentru utilizarea site-ului www.agentiaimpreuna.ro INTRODUCERE Prezentele Condi\u0163ii Generale definesc condi\u0163iile de utilizare a site-ului www.agentiaimpreuna.ro de c\u0103tre poten\u0163ialii vizitatori sau clien\u0163i. Acces\u00e2nd \u015fi navig\u00e2nd pe acest site, accepta\u0163i termenii de utilizare descri\u015fi \u00een continuare DREPTURILE ASUPRA CON\u0162INUTULUI SITE-ULUI Agen\u021bia &#8222;\u00cempreun\u0103&#8221; de\u0163ine drepturi complete \u015fi depline asupra titlului de proprietate \u015fi prin aceasta toate drepturile de autor \u015fi cele brevetate. Nu ave\u0163i dreptul s\u0103 redistribui\u0163i, vinde\u0163i, decompila\u0163i, dezasambla\u0163i aplica\u0163ia software \u00eentr-o form\u0103 perceptibil\u0103 de c\u0103tre oameni. Toate informa\u0163iile, produsele sau aplica\u0163iile con\u0163inute \u00een acest site sunt proprietatea Agen\u021bia &#8222;\u00cempreun\u0103&#8221;, care \u00ee\u015fi rezerv\u0103 dreptul de a modifica con\u0163inutul \u015fi\/sau structura\u2026<\/p>","protected":false},"author":1,"featured_media":0,"parent":0,"menu_order":0,"comment_status":"closed","ping_status":"open","template":"","meta":{"footnotes":""},"class_list":["post-987","page","type-page","status-publish","hentry"],"blocksy_meta":{"styles_descriptor":{"styles":{"desktop":"","tablet":"","mobile":""},"google_fonts":[]}},"featured_image_urls_v2":{"full":"","thumbnail":"","medium":"","medium_large":"","large":"","1536x1536":"","2048x2048":"","trp-custom-language-flag":""},"post_excerpt_stackable_v2":"<p>Condi\u0163ii Generale pentru utilizarea site-ului www.agentiaimpreuna.ro INTRODUCERE Prezentele Condi\u0163ii Generale definesc condi\u0163iile de utilizare a site-ului www.agentiaimpreuna.ro de c\u0103tre poten\u0163ialii vizitatori sau clien\u0163i. Acces\u00e2nd \u015fi navig\u00e2nd pe acest site, accepta\u0163i termenii de utilizare descri\u015fi \u00een continuare DREPTURILE ASUPRA CON\u0162INUTULUI SITE-ULUI Agen\u021bia &#8222;\u00cempreun\u0103&#8221; de\u0163ine drepturi complete \u015fi depline asupra titlului de proprietate \u015fi prin aceasta toate drepturile de autor \u015fi cele brevetate. Nu ave\u0163i dreptul s\u0103 redistribui\u0163i, vinde\u0163i, decompila\u0163i, dezasambla\u0163i aplica\u0163ia software \u00eentr-o form\u0103 perceptibil\u0103 de c\u0103tre oameni. Toate informa\u0163iile, produsele sau aplica\u0163iile con\u0163inute \u00een acest site sunt proprietatea Agen\u021bia &#8222;\u00cempreun\u0103&#8221;, care \u00ee\u015fi rezerv\u0103 dreptul de a modifica con\u0163inutul \u015fi\/sau structura&hellip;<\/p>\n","category_list_v2":"","author_info_v2":{"name":"agenadmin","url":"https:\/\/www.agentiaimpreuna.ro\/putem-mai-mult\/en\/author\/agenadmin\/"},"comments_num_v2":"0 comments","_links":{"self":[{"href":"https:\/\/www.agentiaimpreuna.ro\/putem-mai-mult\/en\/wp-json\/wp\/v2\/pages\/987","targetHints":{"allow":["GET"]}}],"collection":[{"href":"https:\/\/www.agentiaimpreuna.ro\/putem-mai-mult\/en\/wp-json\/wp\/v2\/pages"}],"about":[{"href":"https:\/\/www.agentiaimpreuna.ro\/putem-mai-mult\/en\/wp-json\/wp\/v2\/types\/page"}],"author":[{"embeddable":true,"href":"https:\/\/www.agentiaimpreuna.ro\/putem-mai-mult\/en\/wp-json\/wp\/v2\/users\/1"}],"replies":[{"embeddable":true,"href":"https:\/\/www.agentiaimpreuna.ro\/putem-mai-mult\/en\/wp-json\/wp\/v2\/comments?post=987"}],"version-history":[{"count":1,"href":"https:\/\/www.agentiaimpreuna.ro\/putem-mai-mult\/en\/wp-json\/wp\/v2\/pages\/987\/revisions"}],"predecessor-version":[{"id":1112,"href":"https:\/\/www.agentiaimpreuna.ro\/putem-mai-mult\/en\/wp-json\/wp\/v2\/pages\/987\/revisions\/1112"}],"wp:attachment":[{"href":"https:\/\/www.agentiaimpreuna.ro\/putem-mai-mult\/en\/wp-json\/wp\/v2\/media?parent=987"}],"curies":[{"name":"wp","href":"https:\/\/api.w.org\/{rel}","templated":true}]}}