{"id":640,"date":"2021-06-15T21:07:24","date_gmt":"2021-06-15T21:07:24","guid":{"rendered":"https:\/\/agentiaimpreuna.ml\/putem-mai-mult\/?page_id=640"},"modified":"2023-03-07T15:18:37","modified_gmt":"2023-03-07T15:18:37","slug":"capacitarea-a-75-de-experti-si-lideri-romi","status":"publish","type":"page","link":"https:\/\/www.agentiaimpreuna.ro\/putem-mai-mult\/en\/capacitarea-a-75-de-experti-si-lideri-romi\/","title":{"rendered":"Training of 75 Roma experts and leaders"},"content":{"rendered":"<div class=\"wp-block-ugb-spacer ugb-spacer ugb-9e8985a ugb-spacer--v2 ugb-main-block\"><style>@media screen and (min-width:768px){.ugb-9e8985a.ugb-spacer{height:100px}}<\/style><div class=\"ugb-inner-block\"><div class=\"ugb-block-content\"><div class=\"ugb-spacer--inner\"><\/div><\/div><\/div><\/div>\n\n\n\n<p><strong>Comprehensive training program<\/strong><\/p>\n\n\n\n<p>The training program for Roma experts and leaders was addressed to a number of 75 Roma experts\/ leaders, members of non-governmental organizations of Roma in Romania, structured in four modules:<\/p>\n\n\n\n<p>MODULE I \u2013 Respecting human rights<\/p>\n\n\n\n<p>The courses took place between the 9th \u2013 10th of April, 2022 (Buzau), 14th -15th of April, 2022 (Brasov), 28th-29th May, 2022 (Iasi) and were attended by experts and Roma leaders from all five counties involved in the project. The objective of the module was to prepare the 75 Roma experts and leaders to identify situations of discrimination and to act upon when needed. The main topics addressed during the course were:<\/p>\n\n\n\n<ul class=\"wp-block-list\">\n<li>Direct and indirect discrimination;<\/li>\n\n\n\n<li>National legislation and European directives;<\/li>\n\n\n\n<li>Responsible institutions;<\/li>\n\n\n\n<li>Segregation and desegregation methodology;<\/li>\n\n\n\n<li>Examples cases of discrimination sanctioned by the CNCD (where participants were informed about what steps they need to take in order to report cases of discrimination, as well as the ways in which the application must be formulated to the CNCD).<\/li>\n<\/ul>\n\n\n\n<p>MODULE II \u2013 Communication, public speaking, advocacy and negotiation techniques<\/p>\n\n\n\n<p>MODULE III- Roman identity and ethnic self-image<\/p>\n\n\n\n<p>MODULE IV \u2013 Development of contemporary Romani culture<\/p>\n\n\n\n<p><\/p>\n\n\n\n<p><\/p>\n\n\n\n<p><strong>Exchanges of experience, study tours and promotion of good practices<\/strong><\/p>\n\n\n\n<p>Within this activity we proposed that the 75 experts \/ leaders who participate in the complex training program to visit at least one of the 20 localities benefiting from the community development program with outstanding results. This exchange of experience gave participants the opportunity to meet with local authorities, community members and to debate the various issues that encountered by one region to another.<\/p>\n\n\n\n<p>Among the topics addressed during the visits:<\/p>\n\n\n\n<ul class=\"wp-block-list\">\n<li>Best practices for addressing the needs of Roma communities;<\/li>\n\n\n\n<li>Best practices for promoting Roma culture;<\/li>\n\n\n\n<li>Measures to desegregate and combat discrimination;<\/li>\n\n\n\n<li>Relationship between local institutions \/ authorities with Roma citizens;<\/li>\n\n\n\n<li>Representation and representativeness.<\/li>\n<\/ul>\n\n\n\n<p><strong>Public debates to influence public policies<\/strong><\/p>\n\n\n\n<p>Meetings were held at county level during which the needs of the Roma communities and the solutions were addressed including strategic documents at county and \/ or regional level were debated.<\/p>\n\n\n\n<p>The purpose of the debates was to update the county development strategies in order to also include the needs of the Roma communities, but also to change the  discourse of  these strategies so they would no longer be stereotypical towards the Roma.<\/p>\n\n\n\n<div class=\"wp-block-ugb-spacer ugb-spacer ugb-102b617 ugb-spacer--v2 ugb-main-block\"><style>@media screen and (min-width:768px){.ugb-102b617.ugb-spacer{height:100px}}<\/style><div class=\"ugb-inner-block\"><div class=\"ugb-block-content\"><div class=\"ugb-spacer--inner\"><\/div><\/div><\/div><\/div>\n\n\n\n<p><\/p>","protected":false},"excerpt":{"rendered":"<p>Program de formare complex\u0103 Programul de preg\u0103tire a exper\u021bilor \u0219i liderilor romi s-a adresat unui num\u0103r de 75 de exper\u021bi\/ lideri romi, membri ai organiza\u021biilor neguvernamentale ale romilor din Rom\u00e2nia, fiind structurat \u00een patru module de pregatire: MODULUL I &#8211; Respectarea drepturilor omului Cursurile au avut loc \u00een perioadele 9-10 aprilie 2022 (Buz\u0103u), 14-15 aprilie 2022 (Bra\u0219ov), 28-29 mai 2022 (Ia\u0219i) \u0219i au participat exper\u021bi \u0219i lideri romi din toate cele cinci jude\u021be implicate \u00een proiect. Obiectivul modulului a fost de a preg\u0103ti cei 75 exper\u021bi \u0219i lideri romi s\u0103 identifice situa\u021bii de discriminare \u0219i s\u0103 ac\u021bioneze atunci c\u00e2nd este\u2026<\/p>","protected":false},"author":1,"featured_media":732,"parent":0,"menu_order":0,"comment_status":"closed","ping_status":"closed","template":"","meta":{"footnotes":""},"class_list":["post-640","page","type-page","status-publish","has-post-thumbnail","hentry"],"blocksy_meta":{"styles_descriptor":{"styles":{"desktop":"","tablet":"","mobile":""},"google_fonts":[]}},"featured_image_urls_v2":{"full":["https:\/\/www.agentiaimpreuna.ro\/putem-mai-mult\/wp-content\/uploads\/2021\/06\/jehyun-sung-6U5AEmQIajg-unsplash.jpg",2000,1333,false],"thumbnail":["https:\/\/www.agentiaimpreuna.ro\/putem-mai-mult\/wp-content\/uploads\/2021\/06\/jehyun-sung-6U5AEmQIajg-unsplash-150x150.jpg",150,150,true],"medium":["https:\/\/www.agentiaimpreuna.ro\/putem-mai-mult\/wp-content\/uploads\/2021\/06\/jehyun-sung-6U5AEmQIajg-unsplash-300x200.jpg",300,200,true],"medium_large":["https:\/\/www.agentiaimpreuna.ro\/putem-mai-mult\/wp-content\/uploads\/2021\/06\/jehyun-sung-6U5AEmQIajg-unsplash-768x512.jpg",768,512,true],"large":["https:\/\/www.agentiaimpreuna.ro\/putem-mai-mult\/wp-content\/uploads\/2021\/06\/jehyun-sung-6U5AEmQIajg-unsplash-1024x682.jpg",1024,682,true],"1536x1536":["https:\/\/www.agentiaimpreuna.ro\/putem-mai-mult\/wp-content\/uploads\/2021\/06\/jehyun-sung-6U5AEmQIajg-unsplash-1536x1024.jpg",1536,1024,true],"2048x2048":["https:\/\/www.agentiaimpreuna.ro\/putem-mai-mult\/wp-content\/uploads\/2021\/06\/jehyun-sung-6U5AEmQIajg-unsplash.jpg",2000,1333,false],"trp-custom-language-flag":["https:\/\/www.agentiaimpreuna.ro\/putem-mai-mult\/wp-content\/uploads\/2021\/06\/jehyun-sung-6U5AEmQIajg-unsplash.jpg",18,12,false]},"post_excerpt_stackable_v2":"<p>Program de formare complex\u0103 Programul de preg\u0103tire a exper\u021bilor \u0219i liderilor romi s-a adresat unui num\u0103r de 75 de exper\u021bi\/ lideri romi, membri ai organiza\u021biilor neguvernamentale ale romilor din Rom\u00e2nia, fiind structurat \u00een patru module de pregatire: MODULUL I &#8211; Respectarea drepturilor omului Cursurile au avut loc \u00een perioadele 9-10 aprilie 2022 (Buz\u0103u), 14-15 aprilie 2022 (Bra\u0219ov), 28-29 mai 2022 (Ia\u0219i) \u0219i au participat exper\u021bi \u0219i lideri romi din toate cele cinci jude\u021be implicate \u00een proiect. Obiectivul modulului a fost de a preg\u0103ti cei 75 exper\u021bi \u0219i lideri romi s\u0103 identifice situa\u021bii de discriminare \u0219i s\u0103 ac\u021bioneze atunci c\u00e2nd este&hellip;<\/p>\n","category_list_v2":"","author_info_v2":{"name":"agenadmin","url":"https:\/\/www.agentiaimpreuna.ro\/putem-mai-mult\/en\/author\/agenadmin\/"},"comments_num_v2":"0 comments","_links":{"self":[{"href":"https:\/\/www.agentiaimpreuna.ro\/putem-mai-mult\/en\/wp-json\/wp\/v2\/pages\/640","targetHints":{"allow":["GET"]}}],"collection":[{"href":"https:\/\/www.agentiaimpreuna.ro\/putem-mai-mult\/en\/wp-json\/wp\/v2\/pages"}],"about":[{"href":"https:\/\/www.agentiaimpreuna.ro\/putem-mai-mult\/en\/wp-json\/wp\/v2\/types\/page"}],"author":[{"embeddable":true,"href":"https:\/\/www.agentiaimpreuna.ro\/putem-mai-mult\/en\/wp-json\/wp\/v2\/users\/1"}],"replies":[{"embeddable":true,"href":"https:\/\/www.agentiaimpreuna.ro\/putem-mai-mult\/en\/wp-json\/wp\/v2\/comments?post=640"}],"version-history":[{"count":7,"href":"https:\/\/www.agentiaimpreuna.ro\/putem-mai-mult\/en\/wp-json\/wp\/v2\/pages\/640\/revisions"}],"predecessor-version":[{"id":1649,"href":"https:\/\/www.agentiaimpreuna.ro\/putem-mai-mult\/en\/wp-json\/wp\/v2\/pages\/640\/revisions\/1649"}],"wp:featuredmedia":[{"embeddable":true,"href":"https:\/\/www.agentiaimpreuna.ro\/putem-mai-mult\/en\/wp-json\/wp\/v2\/media\/732"}],"wp:attachment":[{"href":"https:\/\/www.agentiaimpreuna.ro\/putem-mai-mult\/en\/wp-json\/wp\/v2\/media?parent=640"}],"curies":[{"name":"wp","href":"https:\/\/api.w.org\/{rel}","templated":true}]}}