{"id":833,"date":"2022-04-06T11:55:06","date_gmt":"2022-04-06T11:55:06","guid":{"rendered":"https:\/\/www.agentiaimpreuna.ro\/invatamant-universitar-incluziv\/?page_id=833"},"modified":"2022-04-07T20:13:16","modified_gmt":"2022-04-07T20:13:16","slug":"studiu-privind-evaluarea-masurii-afirmative-de-alocare-a-locurilor-distincte-pentru-studentii-romi","status":"publish","type":"page","link":"https:\/\/www.agentiaimpreuna.ro\/invatamant-universitar-incluziv\/studiu-privind-evaluarea-masurii-afirmative-de-alocare-a-locurilor-distincte-pentru-studentii-romi\/","title":{"rendered":"Studiu privind evaluarea m\u0103surii afirmative de alocare a locurilor distincte pentru studen\u021bii romi"},"content":{"rendered":"\n<div class=\"wp-block-stackable-columns alignfull stk-block-columns stk-block stk-52f0d10 stk-block-background stk--has-background-overlay\" data-block-id=\"52f0d10\"><style>.stk-52f0d10{background-color:#0a0806 !important;background-image:url(https:\/\/www.agentiaimpreuna.ro\/invatamant-universitar-incluziv\/wp-content\/uploads\/2022\/04\/Studiu-privind-evaluarea-masurii-afirmative-de-alocare-a-locurilor-distincte-pentru-studentii-romi.jpg) !important;background-position:center center !important}.stk-52f0d10:before{background-color:#0a0806 !important;opacity:0.7 !important}.stk-52f0d10{padding-top:200px !important;padding-bottom:150px !important;margin-bottom:0px !important}@media screen and (max-width:999px){.stk-52f0d10{padding-top:200px !important;padding-bottom:150px !important}}<\/style><div class=\"stk-row stk-inner-blocks stk-block-content stk-content-align stk-52f0d10-column alignwide\">\n<div class=\"wp-block-stackable-column stk-block-column stk-column stk-block stk-76c1e59\" data-block-id=\"76c1e59\"><div class=\"stk-column-wrapper stk-block-column__content stk-container stk-76c1e59-container stk--no-background stk--no-padding\"><div class=\"stk-block-content stk-inner-blocks\">\n<div class=\"wp-block-stackable-heading stk-block-heading stk-block stk-afeea05\" id=\"studiu-privind-evaluarea-masurii-afirmative-de-alocare-a-locurilor-distincte-pentru-studen\u021bii-romi\" data-block-id=\"afeea05\"><style>.stk-afeea05{margin-bottom:15px !important}.stk-afeea05 .stk-block-heading__text{font-size:50px !important;color:var(--paletteColor8,#ffffff) !important}@media screen and (max-width:999px){.stk-afeea05 .stk-block-heading__text{font-size:35px !important}}<\/style><h2 class=\"stk-block-heading__text has-text-color has-palette-color-8-color has-text-align-center\">Studiu privind evaluarea m\u0103surii afirmative de alocare a locurilor distincte pentru studen\u021bii romi<\/h2><\/div>\n<\/div><\/div><\/div>\n<\/div><\/div>\n\n\n\n<div class=\"wp-block-stackable-spacer stk-block-spacer stk--no-padding stk-block stk-bccd798\" data-block-id=\"bccd798\"><style>@media screen and (max-width:999px){.stk-bccd798{height:70px !important}}<\/style><\/div>\n\n\n\n<p>\u00cen prima etap\u0103 a proiectului se va realiza o analiz\u0103 de impact a m\u0103surii de alocare a locurilor distincte pentru romi \u00een \u00eenv\u0103\u021b\u0103m\u00e2ntul superior, \u00een perioada 1992-2020. Cercetarea va avea \u00een vedere trei piloni, cu obiective aferente fiec\u0103ruia dintre ei:<\/p>\n\n\n\n<p><strong>PRIMA ETAP\u0102:<\/strong><\/p>\n\n\n\n<p>Analiz\u0103 sistematic\u0103 a politicii publice de alocare a locurilor distincte pentru romi \u00een \u00eenv\u0103\u021b\u0103m\u00e2ntul universitar, incluz\u00e2nd perspectiva legislativ\u0103, evolu\u021bia politicii publice, evolu\u021bia num\u0103rului de absolven\u021bi romi care au beneficiat de m\u0103sur\u0103, diferen\u021be \u00eentre universit\u0103\u021bi \u0219i realizarea unei tipologii a universit\u0103\u021bilor care au adoptat m\u0103sura.<\/p>\n\n\n\n<p><strong>A DOUA ETAP\u0102:<\/strong><\/p>\n\n\n\n<p>Analiza \u00een profunzime a parcursului unor romi care au fost beneficiari ai m\u0103surii cu scopul de a identifica schimb\u0103ri la nivelul familiei, genera\u021biei, comunit\u0103\u021bii.<\/p>\n\n\n\n<p><em>\u021ain\u00e2nd cont de faptul c\u0103 nu exist\u0103 date sistematice cu privire la traiectoria profesional\u0103 a absolven\u021bilor romi care au beneficiat de un loc distinct \u00een universit\u0103\u021bi, este nevoie de o analiz\u0103 calitativ\u0103, \u00een profunzime, pentru a identifica tipare\/tipologii de romi \u0219i a observa evolu\u021bia acestora.<\/em><\/p>\n\n\n\n<p><a><\/a> <strong>A TREIA ETAP\u0102:<\/strong><\/p>\n\n\n\n<p>Studiu de caz care s\u0103 reflecte cum a implementat Universitatea din Bucure\u0219ti m\u0103sura afirmativ\u0103, \u00een\u021beleg\u00e2nd care au fost dificult\u0103\u021bile, dar \u0219i aspectele pozitive, perspectivele profesorilor \u0219i studen\u021bilor romi \u0219i neromi.<\/p>\n\n\n\n<div class=\"wp-block-stackable-spacer stk-block-spacer stk--no-padding stk-block stk-f76e11f\" data-block-id=\"f76e11f\"><style>.stk-f76e11f{height:50px !important}@media screen and (max-width:999px){.stk-f76e11f{height:70px !important}}<\/style><\/div>\n\n\n\n<figure class=\"wp-block-video\"><video height=\"788\" style=\"aspect-ratio: 940 \/ 788;\" width=\"940\" controls poster=\"https:\/\/www.agentiaimpreuna.ro\/invatamant-universitar-incluziv\/wp-content\/uploads\/2022\/04\/poster_image_Studiu-privind-evaluarea-masurii-afirmative-de-alocare-a-locurilor-distincte-pentru-studentii-romi.png\" src=\"https:\/\/www.agentiaimpreuna.ro\/invatamant-universitar-incluziv\/wp-content\/uploads\/2022\/04\/1.-Studiu-privind-evaluarea-ma\u0306surii-afirmative-de-alocare-a-locurilor-distincte-pentru-student\u0326ii-romi.mp4\"><\/video><\/figure>\n\n\n\n<div class=\"wp-block-stackable-spacer stk-block-spacer stk--no-padding stk-block stk-af488a7\" data-block-id=\"af488a7\"><style>@media screen and (max-width:999px){.stk-af488a7{height:70px !important}}<\/style><\/div>\n","protected":false},"excerpt":{"rendered":"<p>Studiu privind evaluarea m\u0103surii afirmative de alocare a locurilor distincte pentru studen\u021bii romi \u00cen prima etap\u0103 a proiectului se va realiza o analiz\u0103 de impact a m\u0103surii de alocare a locurilor distincte pentru romi \u00een \u00eenv\u0103\u021b\u0103m\u00e2ntul superior, \u00een perioada 1992-2020. Cercetarea va avea \u00een vedere trei piloni, cu obiective aferente fiec\u0103ruia dintre ei: PRIMA ETAP\u0102: Analiz\u0103 sistematic\u0103 a politicii publice de alocare a locurilor distincte pentru romi \u00een \u00eenv\u0103\u021b\u0103m\u00e2ntul universitar, incluz\u00e2nd perspectiva legislativ\u0103, evolu\u021bia politicii publice, evolu\u021bia num\u0103rului de absolven\u021bi romi care au beneficiat de m\u0103sur\u0103, diferen\u021be \u00eentre universit\u0103\u021bi \u0219i realizarea unei tipologii a universit\u0103\u021bilor care au adoptat m\u0103sura. A\u2026<\/p>\n","protected":false},"author":1,"featured_media":0,"parent":0,"menu_order":0,"comment_status":"closed","ping_status":"closed","template":"","meta":{"footnotes":""},"class_list":["post-833","page","type-page","status-publish","hentry"],"blocksy_meta":{"page_title_panel":"","has_hero_section":"disabled","1c8a72d09e17ac29b79f4c9ec395e24e":"","hero_section":"type-1","hero_elements":[{"id":"custom_title","enabled":true,"heading_tag":"h1","title":"Home"},{"id":"custom_description","enabled":true,"description_visibility":{"desktop":true,"tablet":true,"mobile":false}},{"id":"custom_meta","enabled":false,"meta_elements":[{"id":"author","enabled":true,"label":"By","has_author_avatar":"yes","avatar_size":25},{"id":"post_date","enabled":true,"label":"On","date_format_source":"default","date_format":"M j, Y"},{"id":"updated_date","enabled":false,"label":"On","date_format_source":"default","date_format":"M j, Y"},{"id":"categories","enabled":false,"label":"In","style":"simple"},{"id":"comments","enabled":true}],"page_meta_elements":{"joined":true,"articles_count":true,"comments":true}},{"id":"breadcrumbs","enabled":false}],"a2f869f977937bf50bdd237ef287ce84":"","hero_alignment1":"CT_CSS_SKIP_RULE","hero_margin":40,"hero_alignment2":"center","hero_vertical_alignment":"center","4ff7ec349b15826e35fd43173a6b37f6":"","hero_structure":"narrow","92f5e8d98fa41ce9279f7b14c5a15e3a":"","page_title_bg_type":"featured_image","custom_hero_background":{"attachment_id":null},"page_title_image_size":"full","parallax":{"desktop":false,"tablet":false,"mobile":false},"45d0d5f91e008f9d16c720b56bfb0461":"","hero_height":"250px","pageTitleFont":{"family":"Default","variation":"Default","size":"30px","line-height":"CT_CSS_SKIP_RULE","letter-spacing":"CT_CSS_SKIP_RULE","text-transform":"CT_CSS_SKIP_RULE","text-decoration":"CT_CSS_SKIP_RULE"},"pageTitleFontColor":{"default":{"color":"CT_CSS_SKIP_RULEDEFAULT"}},"pageMetaFont":{"family":"Default","variation":"n6","size":"12px","line-height":"1.3","letter-spacing":"CT_CSS_SKIP_RULE","text-transform":"uppercase","text-decoration":"CT_CSS_SKIP_RULE"},"pageMetaFontColor":{"default":{"color":"CT_CSS_SKIP_RULEDEFAULT"},"hover":{"color":"CT_CSS_SKIP_RULEDEFAULT"}},"page_meta_button_type_font_colors":{"default":{"color":"CT_CSS_SKIP_RULEDEFAULT"},"hover":{"color":"CT_CSS_SKIP_RULEDEFAULT"}},"page_meta_button_type_background_colors":{"default":{"color":"CT_CSS_SKIP_RULEDEFAULT"},"hover":{"color":"CT_CSS_SKIP_RULEDEFAULT"}},"pageExcerptFont":{"family":"Default","variation":"Default","size":"CT_CSS_SKIP_RULE","line-height":"CT_CSS_SKIP_RULE","letter-spacing":"CT_CSS_SKIP_RULE","text-transform":"CT_CSS_SKIP_RULE","text-decoration":"CT_CSS_SKIP_RULE"},"pageExcerptColor":{"default":{"color":"CT_CSS_SKIP_RULEDEFAULT"}},"breadcrumbsFont":{"family":"Default","variation":"Default","size":"CT_CSS_SKIP_RULE","line-height":"CT_CSS_SKIP_RULE","letter-spacing":"CT_CSS_SKIP_RULE","text-transform":"CT_CSS_SKIP_RULE","text-decoration":"CT_CSS_SKIP_RULE"},"breadcrumbsFontColor":{"default":{"color":"CT_CSS_SKIP_RULEDEFAULT"},"initial":{"color":"CT_CSS_SKIP_RULEDEFAULT"},"hover":{"color":"CT_CSS_SKIP_RULEDEFAULT"}},"pageTitleOverlay":{"background_type":"color","background_pattern":"type-1","background_image":{"attachment_id":null,"x":0,"y":0},"gradient":"linear-gradient(135deg,rgba(6,147,227,1) 0%,rgb(155,81,224) 100%)","background_repeat":"repeat","background_size":"auto","background_attachment":"scroll","patternColor":{"default":{"color":"#e5e7ea"}},"overlayColor":{"default":{"color":"CT_CSS_SKIP_RULE"}},"backgroundColor":{"default":{"color":"CT_CSS_SKIP_RULE"}}},"pageTitleBackground":{"background_type":"color","background_pattern":"type-1","background_image":{"attachment_id":null,"x":0,"y":0},"gradient":"linear-gradient(135deg,rgba(6,147,227,1) 0%,rgb(155,81,224) 100%)","background_repeat":"repeat","background_size":"auto","background_attachment":"scroll","patternColor":{"default":{"color":"#e5e7ea"}},"overlayColor":{"default":{"color":"CT_CSS_SKIP_RULE"}},"backgroundColor":{"default":{"color":"var(--paletteColor6)"}}},"pageTitlePadding":{"top":"50px","bottom":"50px","left":"auto","right":"auto","linked":true},"4747237747b6f482cd7f415c4ac5903a":"","page_structure_type":"type-3","b68a822f0e42576a7a58c98bfd0ffd84":"","content_style_source":"inherit","content_style":"wide","vertical_spacing_source":"custom","content_area_spacing":"none","background":{"background_type":"color","background_pattern":"type-1","background_image":{"attachment_id":null,"x":0,"y":0},"gradient":"linear-gradient(135deg,rgba(6,147,227,1) 0%,rgb(155,81,224) 100%)","background_repeat":"repeat","background_size":"auto","background_attachment":"scroll","patternColor":{"default":{"color":"#e5e7ea"}},"overlayColor":{"default":{"color":"CT_CSS_SKIP_RULE"}},"backgroundColor":{"default":{"color":"CT_CSS_SKIP_RULE"}}},"content_background":{"background_type":"color","background_pattern":"type-1","background_image":{"attachment_id":null,"x":0,"y":0},"gradient":"linear-gradient(135deg,rgba(6,147,227,1) 0%,rgb(155,81,224) 100%)","background_repeat":"repeat","background_size":"auto","background_attachment":"scroll","patternColor":{"default":{"color":"#e5e7ea"}},"overlayColor":{"default":{"color":"CT_CSS_SKIP_RULE"}},"backgroundColor":{"default":{"color":"var(--paletteColor8)"}}},"content_boxed_shadow":{"inherit":false,"blur":18,"spread":-6,"v_offset":12,"h_offset":0,"inset":false,"enable":true,"color":{"color":"rgba(34, 56, 101, 0.04)"}},"boxed_content_spacing":{"desktop":{"top":"40px","bottom":"40px","left":"40px","right":"40px","linked":true},"tablet":{"top":"35px","bottom":"35px","left":"35px","right":"35px","linked":true},"mobile":{"top":"20px","bottom":"20px","left":"20px","right":"20px","linked":true}},"content_boxed_radius":{"top":"3px","bottom":"3px","left":"3px","right":"3px","linked":true},"313b389461ca329972559ebda14ff300":"","disable_featured_image":"no","disable_share_box":"no","disable_header":"no","disable_footer":"no","styles_descriptor":{"styles":{"desktop":"","tablet":"","mobile":""},"google_fonts":[],"version":5}},"_links":{"self":[{"href":"https:\/\/www.agentiaimpreuna.ro\/invatamant-universitar-incluziv\/wp-json\/wp\/v2\/pages\/833","targetHints":{"allow":["GET"]}}],"collection":[{"href":"https:\/\/www.agentiaimpreuna.ro\/invatamant-universitar-incluziv\/wp-json\/wp\/v2\/pages"}],"about":[{"href":"https:\/\/www.agentiaimpreuna.ro\/invatamant-universitar-incluziv\/wp-json\/wp\/v2\/types\/page"}],"author":[{"embeddable":true,"href":"https:\/\/www.agentiaimpreuna.ro\/invatamant-universitar-incluziv\/wp-json\/wp\/v2\/users\/1"}],"replies":[{"embeddable":true,"href":"https:\/\/www.agentiaimpreuna.ro\/invatamant-universitar-incluziv\/wp-json\/wp\/v2\/comments?post=833"}],"version-history":[{"count":7,"href":"https:\/\/www.agentiaimpreuna.ro\/invatamant-universitar-incluziv\/wp-json\/wp\/v2\/pages\/833\/revisions"}],"predecessor-version":[{"id":915,"href":"https:\/\/www.agentiaimpreuna.ro\/invatamant-universitar-incluziv\/wp-json\/wp\/v2\/pages\/833\/revisions\/915"}],"wp:attachment":[{"href":"https:\/\/www.agentiaimpreuna.ro\/invatamant-universitar-incluziv\/wp-json\/wp\/v2\/media?parent=833"}],"curies":[{"name":"wp","href":"https:\/\/api.w.org\/{rel}","templated":true}]}}