{"id":978,"date":"2022-09-06T06:21:26","date_gmt":"2022-09-06T06:21:26","guid":{"rendered":"https:\/\/www.agentiaimpreuna.ro\/cunoasterea-romului-de-langa-noi\/?page_id=978"},"modified":"2023-11-01T12:18:04","modified_gmt":"2023-11-01T12:18:04","slug":"ghid-despre-diversitate-si-incluziune","status":"publish","type":"page","link":"https:\/\/www.agentiaimpreuna.ro\/cunoasterea-romului-de-langa-noi\/ghid-despre-diversitate-si-incluziune\/","title":{"rendered":"Ghid despre diversitate \u0219i incluziune"},"content":{"rendered":"\n<h2 class=\"wp-block-heading\"><strong>UPDATE<\/strong>:<\/h2>\n\n\n\n<p>Prin intermediul ghidului, ne-am dorit <\/p>\n\n\n\n<p>Primul pas \u00een conturarea ghidului a fost realizarea unui chestionar online, cu privire la principalele stereotipuri\/prejudec\u0103\u021bi cu care tinerii s-au confruntat, pentru a folosi r\u0103spunsurile lor \u00een material. <\/p>\n\n\n\n<figure class=\"wp-block-image size-full\"><img loading=\"lazy\" decoding=\"async\" width=\"940\" height=\"788\" src=\"https:\/\/www.agentiaimpreuna.ro\/cunoasterea-romului-de-langa-noi\/wp-content\/uploads\/2023\/11\/3.png\" alt=\"\" class=\"wp-image-1939\" srcset=\"https:\/\/www.agentiaimpreuna.ro\/cunoasterea-romului-de-langa-noi\/wp-content\/uploads\/2023\/11\/3.png 940w, https:\/\/www.agentiaimpreuna.ro\/cunoasterea-romului-de-langa-noi\/wp-content\/uploads\/2023\/11\/3-300x251.png 300w, https:\/\/www.agentiaimpreuna.ro\/cunoasterea-romului-de-langa-noi\/wp-content\/uploads\/2023\/11\/3-768x644.png 768w\" sizes=\"auto, (max-width: 940px) 100vw, 940px\" \/><\/figure>\n\n\n\n<p>Dup\u0103 realizarea unui raport cu r\u0103spunsurile primite \u00een acest chestionar, am \u00eenceput realizarea propriu-zis\u0103 a ghidului, care s-a concentrat pe stereotipurile \u0219i prejudec\u0103\u021bile cel mai des \u00eent\u00e2lnite \u0219i felul \u00een care putem s\u0103 le combatem.<\/p>\n\n\n\n<p>De asemenea, am realizat \u0219i un material de prezentare a ghidului, folosit \u00een cazul formarilor fizice sau online ale elevilor. Practic, un rezumat al produsului final care s\u0103 fie diseminat \u0219i folosit la clas\u0103. \u00cen cadrul acestei prezent\u0103ri s-a pus accentul pe diferen\u021ba dintre prejudecat\u0103 \u0219i stereotip, pe discriminare, pe exerc\u021bii \u0219i activit\u0103\u021bi de echip\u0103, dar \u0219i pe mici pa\u0219i \u00een a-l cunoaste pe celalalt, care s\u0103 vin\u0103 \u00een completarea explica\u021biilor \u0219i care s\u0103 ajung\u0103 la tineri \u00eentr-un format c\u00e2t mai prietenos.<\/p>\n\n\n\n<p>Dincolo de asta, am realizat fi\u0219e de lec\u021bie pe baza ghidului (care s\u0103 vin\u0103 \u00een sprijinul elevilor pentru realizarea activit\u0103\u021bilor la clas\u0103) care au cuprins jocuri de storytelling si teatru, dar si materiale educationale pentru explicarea unor stereotipuri\/ prejudec\u0103\u021bi \u0219i buc\u0103\u021bi din istoria romilor, r\u0103mase nespuse. Aceste fi\u0219e au fost realizate \u00een trei variante: pentru ciclul primar, gimnazial \u0219i liceal, pentru a se plia pe nevoile tinerilor, \u00een func\u021bie de v\u00e2rsta lor \u0219i a le fi c\u00e2t mai accesibile.<\/p>\n\n\n\n<figure class=\"wp-block-image size-large\"><img loading=\"lazy\" decoding=\"async\" width=\"730\" height=\"1024\" src=\"https:\/\/www.agentiaimpreuna.ro\/cunoasterea-romului-de-langa-noi\/wp-content\/uploads\/2023\/11\/WhatsApp-Image-2023-11-01-at-13.33.49-1-730x1024.jpeg\" alt=\"\" class=\"wp-image-1933\" srcset=\"https:\/\/www.agentiaimpreuna.ro\/cunoasterea-romului-de-langa-noi\/wp-content\/uploads\/2023\/11\/WhatsApp-Image-2023-11-01-at-13.33.49-1-730x1024.jpeg 730w, https:\/\/www.agentiaimpreuna.ro\/cunoasterea-romului-de-langa-noi\/wp-content\/uploads\/2023\/11\/WhatsApp-Image-2023-11-01-at-13.33.49-1-214x300.jpeg 214w, https:\/\/www.agentiaimpreuna.ro\/cunoasterea-romului-de-langa-noi\/wp-content\/uploads\/2023\/11\/WhatsApp-Image-2023-11-01-at-13.33.49-1-768x1078.jpeg 768w, https:\/\/www.agentiaimpreuna.ro\/cunoasterea-romului-de-langa-noi\/wp-content\/uploads\/2023\/11\/WhatsApp-Image-2023-11-01-at-13.33.49-1-1094x1536.jpeg 1094w, https:\/\/www.agentiaimpreuna.ro\/cunoasterea-romului-de-langa-noi\/wp-content\/uploads\/2023\/11\/WhatsApp-Image-2023-11-01-at-13.33.49-1.jpeg 1140w\" sizes=\"auto, (max-width: 730px) 100vw, 730px\" \/><\/figure>\n\n\n\n<p><\/p>\n\n\n\n<p><strong>Realizarea ghidului despre diversitate \u0219i incluziune<\/strong><\/p>\n\n\n\n<p>Ghidul realizat va veni \u00een sprijinul elevilor care vor desf\u0103\u0219ura activit\u0103\u021bi de diseminare la clas\u0103, dar \u0219i tinerilor \u0219i cadrelor didactice care vor putea replica acest tip de activitate la clas\u0103.<\/p>\n\n\n\n<div class=\"wp-block-stackable-image stk-block-image stk-block stk-a0381b6\" data-block-id=\"a0381b6\"><style>.stk-a0381b6 .stk-img-wrapper{filter:drop-shadow(0px 2px 20px rgba(153,153,153,0.2)) !important}<\/style><figure class=\"stk-img-wrapper stk-image--shape-stretch stk--shadow-0px 2px 20px rgba(153, 153, 153, 0.2)\"><img loading=\"lazy\" decoding=\"async\" class=\"stk-img wp-image-1037\" src=\"https:\/\/www.agentiaimpreuna.ro\/cunoasterea-romului-de-langa-noi\/wp-content\/uploads\/2022\/09\/III.-1.-Ghid-despre-diversitate-si-incluziune-1.png\" width=\"940\" height=\"788\" alt=\"III. 1. Ghid despre diversitate si incluziune 1\" srcset=\"https:\/\/www.agentiaimpreuna.ro\/cunoasterea-romului-de-langa-noi\/wp-content\/uploads\/2022\/09\/III.-1.-Ghid-despre-diversitate-si-incluziune-1.png 940w, https:\/\/www.agentiaimpreuna.ro\/cunoasterea-romului-de-langa-noi\/wp-content\/uploads\/2022\/09\/III.-1.-Ghid-despre-diversitate-si-incluziune-1-300x251.png 300w, https:\/\/www.agentiaimpreuna.ro\/cunoasterea-romului-de-langa-noi\/wp-content\/uploads\/2022\/09\/III.-1.-Ghid-despre-diversitate-si-incluziune-1-768x644.png 768w\" sizes=\"auto, (max-width: 940px) 100vw, 940px\" \/><\/figure><\/div>\n\n\n\n<div class=\"wp-block-stackable-image stk-block-image stk-block stk-389fc2f\" data-block-id=\"389fc2f\"><style>.stk-389fc2f .stk-img-wrapper{filter:drop-shadow(0px 2px 20px rgba(153,153,153,0.2)) !important}<\/style><figure class=\"stk-img-wrapper stk-image--shape-stretch stk--shadow-0px 2px 20px rgba(153, 153, 153, 0.2)\"><img loading=\"lazy\" decoding=\"async\" class=\"stk-img wp-image-1038\" src=\"https:\/\/www.agentiaimpreuna.ro\/cunoasterea-romului-de-langa-noi\/wp-content\/uploads\/2022\/09\/III.-1.-Ghid-despre-diversitate-si-incluziune-2.png\" width=\"940\" height=\"788\" srcset=\"https:\/\/www.agentiaimpreuna.ro\/cunoasterea-romului-de-langa-noi\/wp-content\/uploads\/2022\/09\/III.-1.-Ghid-despre-diversitate-si-incluziune-2.png 940w, https:\/\/www.agentiaimpreuna.ro\/cunoasterea-romului-de-langa-noi\/wp-content\/uploads\/2022\/09\/III.-1.-Ghid-despre-diversitate-si-incluziune-2-300x251.png 300w, https:\/\/www.agentiaimpreuna.ro\/cunoasterea-romului-de-langa-noi\/wp-content\/uploads\/2022\/09\/III.-1.-Ghid-despre-diversitate-si-incluziune-2-768x644.png 768w\" sizes=\"auto, (max-width: 940px) 100vw, 940px\" \/><\/figure><\/div>\n\n\n\n<p>Totu\u0219i, \u00een vederea stabilirii temelor se va realiza \u0219i o consultare online \u00een r\u00e2ndul tinerilor cu privire la principalele stereotipuri\/prejudec\u0103\u021bi cu care ace\u0219tia s-au confruntat.<\/p>\n\n\n\n<p>Odat\u0103 realizat ghidul despre diversitate \u0219i incluziune, acesta va fi diseminat at\u00e2t online, dar \u0219i la nivelul unit\u0103\u021bilor \u0219colare din care provin cei 200 de tineri selecta\u021bi \u0219i forma\u021bi.<\/p>\n","protected":false},"excerpt":{"rendered":"<p>UPDATE: Prin intermediul ghidului, ne-am dorit Primul pas \u00een conturarea ghidului a fost realizarea unui chestionar online, cu privire la principalele stereotipuri\/prejudec\u0103\u021bi cu care tinerii s-au confruntat, pentru a folosi r\u0103spunsurile lor \u00een material. Dup\u0103 realizarea unui raport cu r\u0103spunsurile primite \u00een acest chestionar, am \u00eenceput realizarea propriu-zis\u0103 a ghidului, care s-a concentrat pe stereotipurile [&hellip;]<\/p>\n","protected":false},"author":1,"featured_media":1108,"parent":0,"menu_order":0,"comment_status":"closed","ping_status":"closed","template":"","meta":{"footnotes":""},"class_list":["post-978","page","type-page","status-publish","has-post-thumbnail","hentry"],"blocksy_meta":{"styles_descriptor":{"styles":{"desktop":"","tablet":"","mobile":""},"google_fonts":[],"version":6},"page_title_panel":"","has_hero_section":"default","7a82516c0dab2c7f702abcedc66fabb0":"","hero_section":"type-1","hero_elements":[{"id":"custom_title","enabled":true,"heading_tag":"h1","title":"Home"},{"id":"custom_description","enabled":true,"description_visibility":{"desktop":true,"tablet":true,"mobile":false}},{"id":"custom_meta","enabled":false,"meta_elements":[{"id":"author","enabled":true,"label":"By","has_author_avatar":"yes","avatar_size":25},{"id":"post_date","enabled":true,"label":"On","date_format_source":"default","date_format":"M j, Y"},{"id":"updated_date","enabled":false,"label":"On","date_format_source":"default","date_format":"M j, Y"},{"id":"categories","enabled":false,"label":"In","style":"simple"},{"id":"comments","enabled":true}],"page_meta_elements":{"joined":true,"articles_count":true,"comments":true}},{"id":"breadcrumbs","enabled":false}],"dae5297d881e73483953efecd27f89ab":"","hero_alignment1":"CT_CSS_SKIP_RULE","hero_margin":40,"hero_alignment2":"center","hero_vertical_alignment":"center","b7cf55e01a936506f74a9af7ea8c3521":"","hero_structure":"narrow","74b173c86c2328e163e4c527ea4bb703":"","page_title_bg_type":"featured_image","custom_hero_background":{"attachment_id":null},"page_title_image_size":"full","parallax":{"desktop":false,"tablet":false,"mobile":false},"01830a93912d00ce3d8b58e58c6a7d97":"","hero_height":"250px","pageTitleFont":{"family":"Default","variation":"Default","size":"30px","line-height":"CT_CSS_SKIP_RULE","letter-spacing":"CT_CSS_SKIP_RULE","text-transform":"CT_CSS_SKIP_RULE","text-decoration":"CT_CSS_SKIP_RULE"},"pageTitleFontColor":{"default":{"color":"CT_CSS_SKIP_RULEDEFAULT"}},"pageMetaFont":{"family":"Default","variation":"n6","size":"12px","line-height":"1.3","letter-spacing":"CT_CSS_SKIP_RULE","text-transform":"uppercase","text-decoration":"CT_CSS_SKIP_RULE"},"pageMetaFontColor":{"default":{"color":"CT_CSS_SKIP_RULEDEFAULT"},"hover":{"color":"CT_CSS_SKIP_RULEDEFAULT"}},"page_meta_button_type_font_colors":{"default":{"color":"CT_CSS_SKIP_RULEDEFAULT"},"hover":{"color":"CT_CSS_SKIP_RULEDEFAULT"}},"page_meta_button_type_background_colors":{"default":{"color":"CT_CSS_SKIP_RULEDEFAULT"},"hover":{"color":"CT_CSS_SKIP_RULEDEFAULT"}},"pageExcerptFont":{"family":"Default","variation":"Default","size":"CT_CSS_SKIP_RULE","line-height":"CT_CSS_SKIP_RULE","letter-spacing":"CT_CSS_SKIP_RULE","text-transform":"CT_CSS_SKIP_RULE","text-decoration":"CT_CSS_SKIP_RULE"},"pageExcerptColor":{"default":{"color":"CT_CSS_SKIP_RULEDEFAULT"}},"breadcrumbsFont":{"family":"Default","variation":"Default","size":"CT_CSS_SKIP_RULE","line-height":"CT_CSS_SKIP_RULE","letter-spacing":"CT_CSS_SKIP_RULE","text-transform":"CT_CSS_SKIP_RULE","text-decoration":"CT_CSS_SKIP_RULE"},"breadcrumbsFontColor":{"default":{"color":"CT_CSS_SKIP_RULEDEFAULT"},"initial":{"color":"CT_CSS_SKIP_RULEDEFAULT"},"hover":{"color":"CT_CSS_SKIP_RULEDEFAULT"}},"pageTitleOverlay":{"background_type":"color","background_pattern":"type-1","background_image":{"attachment_id":null,"x":0,"y":0},"gradient":"linear-gradient(135deg,rgba(6,147,227,1) 0%,rgb(155,81,224) 100%)","background_repeat":"repeat","background_size":"auto","background_attachment":"scroll","patternColor":{"default":{"color":"#e5e7ea"}},"overlayColor":{"default":{"color":"CT_CSS_SKIP_RULE"}},"backgroundColor":{"default":{"color":"CT_CSS_SKIP_RULE"}}},"pageTitleBackground":{"background_type":"color","background_pattern":"type-1","background_image":{"attachment_id":null,"x":0,"y":0},"gradient":"linear-gradient(135deg,rgba(6,147,227,1) 0%,rgb(155,81,224) 100%)","background_repeat":"repeat","background_size":"auto","background_attachment":"scroll","patternColor":{"default":{"color":"#e5e7ea"}},"overlayColor":{"default":{"color":"CT_CSS_SKIP_RULE"}},"backgroundColor":{"default":{"color":"var(--theme-palette-color-6)"}}},"pageTitlePadding":{"top":"50px","bottom":"50px","left":"auto","right":"auto","linked":true},"61ad4e08d8218f0c7292bcf2e0054454":"","page_structure_type":"type-3","ca7afadb189d0c95a980779a637bdc8f":"","content_style_source":"inherit","content_style":"wide","vertical_spacing_source":"custom","content_area_spacing":"both","background":{"background_type":"color","background_pattern":"type-1","background_image":{"attachment_id":null,"x":0,"y":0},"gradient":"linear-gradient(135deg,rgba(6,147,227,1) 0%,rgb(155,81,224) 100%)","background_repeat":"repeat","background_size":"auto","background_attachment":"scroll","patternColor":{"default":{"color":"#e5e7ea"}},"overlayColor":{"default":{"color":"CT_CSS_SKIP_RULE"}},"backgroundColor":{"default":{"color":"CT_CSS_SKIP_RULE"}}},"content_background":{"background_type":"color","background_pattern":"type-1","background_image":{"attachment_id":null,"x":0,"y":0},"gradient":"linear-gradient(135deg,rgba(6,147,227,1) 0%,rgb(155,81,224) 100%)","background_repeat":"repeat","background_size":"auto","background_attachment":"scroll","patternColor":{"default":{"color":"#e5e7ea"}},"overlayColor":{"default":{"color":"CT_CSS_SKIP_RULE"}},"backgroundColor":{"default":{"color":"var(--theme-palette-color-8)"}}},"content_boxed_shadow":{"inherit":false,"blur":18,"spread":-6,"v_offset":12,"h_offset":0,"inset":false,"enable":true,"color":{"color":"rgba(34, 56, 101, 0.04)"}},"content_boxed_border":{"width":1,"style":"none","color":{"color":"rgba(44,62,80,0.2)"}},"content_boxed_radius":{"top":"3px","bottom":"3px","left":"3px","right":"3px","linked":true},"boxed_content_spacing":{"desktop":{"top":"40px","bottom":"40px","left":"40px","right":"40px","linked":true},"tablet":{"top":"35px","bottom":"35px","left":"35px","right":"35px","linked":true},"mobile":{"top":"20px","bottom":"20px","left":"20px","right":"20px","linked":true}},"d69f8e4aa3424ff4a62d29639b2ebbe1":"","disable_featured_image":"no","disable_share_box":"no","disable_header":"no","disable_footer":"no","1751b18c7511f99258dbb000dcb5aebb":"","40fd4eb5df93135ed2a6f6e55b7d0c50":"","7c424d24cfd40acaa180f2365c2b0200":"","202f93bd47445e42551cbc16f5b424eb":"","a0d8b9a94580a95cf1af374cf126cc94":"","34a30f2e6f259642b241089b2df58bed":"","c698ae3c7507625e706ca26992a1a17e":"","e1c583680a9380e3f659c42d76d4e4c8":"","fdddad4a7576f2bf3e38b3b67df008f5":"","0ca4c82520bd76969fd95fae5b2de26a":"","8bf7eb6addf7b14a416ef673f5bb670b":"","ff753bd22d327bbe13daacdbc4fde9cd":"","58bb4dcfc1ae537057009f2837c084e3":"","c585a41bf30037e1209cee29ae4e1432":"","762ada3ff00971acc6049cddc6e2dddd":"","05a31f804ead2ed683a1b05ec2197b79":""},"featured_image_urls":{"full":["https:\/\/www.agentiaimpreuna.ro\/cunoasterea-romului-de-langa-noi\/wp-content\/uploads\/2022\/09\/Ghid-despre-diversitate-si-incluziune-scaled.jpg",2560,1707,false],"thumbnail":["https:\/\/www.agentiaimpreuna.ro\/cunoasterea-romului-de-langa-noi\/wp-content\/uploads\/2022\/09\/Ghid-despre-diversitate-si-incluziune-150x150.jpg",150,150,true],"medium":["https:\/\/www.agentiaimpreuna.ro\/cunoasterea-romului-de-langa-noi\/wp-content\/uploads\/2022\/09\/Ghid-despre-diversitate-si-incluziune-300x200.jpg",300,200,true],"medium_large":["https:\/\/www.agentiaimpreuna.ro\/cunoasterea-romului-de-langa-noi\/wp-content\/uploads\/2022\/09\/Ghid-despre-diversitate-si-incluziune-768x512.jpg",768,512,true],"large":["https:\/\/www.agentiaimpreuna.ro\/cunoasterea-romului-de-langa-noi\/wp-content\/uploads\/2022\/09\/Ghid-despre-diversitate-si-incluziune-1024x683.jpg",1024,683,true],"1536x1536":["https:\/\/www.agentiaimpreuna.ro\/cunoasterea-romului-de-langa-noi\/wp-content\/uploads\/2022\/09\/Ghid-despre-diversitate-si-incluziune-1536x1024.jpg",1536,1024,true],"2048x2048":["https:\/\/www.agentiaimpreuna.ro\/cunoasterea-romului-de-langa-noi\/wp-content\/uploads\/2022\/09\/Ghid-despre-diversitate-si-incluziune-2048x1365.jpg",2048,1365,true]},"post_excerpt_stackable":"<p>UPDATE: Prin intermediul ghidului, ne-am dorit Primul pas \u00een conturarea ghidului a fost realizarea unui chestionar online, cu privire la principalele stereotipuri\/prejudec\u0103\u021bi cu care tinerii s-au confruntat, pentru a folosi r\u0103spunsurile lor \u00een material. Dup\u0103 realizarea unui raport cu r\u0103spunsurile primite \u00een acest chestionar, am \u00eenceput realizarea propriu-zis\u0103 a ghidului, care s-a concentrat pe stereotipurile \u0219i prejudec\u0103\u021bile cel mai des \u00eent\u00e2lnite \u0219i felul \u00een care putem s\u0103 le combatem. De asemenea, am realizat \u0219i un material de prezentare a ghidului, folosit \u00een cazul formarilor fizice sau online ale elevilor. Practic, un rezumat al produsului final care s\u0103 fie diseminat \u0219i&hellip;<\/p>\n","category_list":"","author_info":{"name":"modest-bhabha","url":"https:\/\/www.agentiaimpreuna.ro\/cunoasterea-romului-de-langa-noi\/author\/modest-bhabha\/"},"comments_num":"0 comments","_links":{"self":[{"href":"https:\/\/www.agentiaimpreuna.ro\/cunoasterea-romului-de-langa-noi\/wp-json\/wp\/v2\/pages\/978","targetHints":{"allow":["GET"]}}],"collection":[{"href":"https:\/\/www.agentiaimpreuna.ro\/cunoasterea-romului-de-langa-noi\/wp-json\/wp\/v2\/pages"}],"about":[{"href":"https:\/\/www.agentiaimpreuna.ro\/cunoasterea-romului-de-langa-noi\/wp-json\/wp\/v2\/types\/page"}],"author":[{"embeddable":true,"href":"https:\/\/www.agentiaimpreuna.ro\/cunoasterea-romului-de-langa-noi\/wp-json\/wp\/v2\/users\/1"}],"replies":[{"embeddable":true,"href":"https:\/\/www.agentiaimpreuna.ro\/cunoasterea-romului-de-langa-noi\/wp-json\/wp\/v2\/comments?post=978"}],"version-history":[{"count":5,"href":"https:\/\/www.agentiaimpreuna.ro\/cunoasterea-romului-de-langa-noi\/wp-json\/wp\/v2\/pages\/978\/revisions"}],"predecessor-version":[{"id":1940,"href":"https:\/\/www.agentiaimpreuna.ro\/cunoasterea-romului-de-langa-noi\/wp-json\/wp\/v2\/pages\/978\/revisions\/1940"}],"wp:featuredmedia":[{"embeddable":true,"href":"https:\/\/www.agentiaimpreuna.ro\/cunoasterea-romului-de-langa-noi\/wp-json\/wp\/v2\/media\/1108"}],"wp:attachment":[{"href":"https:\/\/www.agentiaimpreuna.ro\/cunoasterea-romului-de-langa-noi\/wp-json\/wp\/v2\/media?parent=978"}],"curies":[{"name":"wp","href":"https:\/\/api.w.org\/{rel}","templated":true}]}}