{"id":658,"date":"2022-02-20T05:44:47","date_gmt":"2022-02-20T05:44:47","guid":{"rendered":"https:\/\/demo.creativethemes.com\/stagingthree\/?page_id=658"},"modified":"2022-09-15T14:39:34","modified_gmt":"2022-09-15T14:39:34","slug":"contact","status":"publish","type":"page","link":"https:\/\/www.agentiaimpreuna.ro\/cunoasterea-romului-de-langa-noi\/contact\/","title":{"rendered":"Contact"},"content":{"rendered":"\n<div class=\"wp-block-stackable-spacer stk-block-spacer stk--no-padding stk-block stk-6090630\" data-block-id=\"6090630\"><style>.stk-6090630{height:130px !important}@media screen and (max-width:1023px){.stk-6090630{height:80px !important}}<\/style><\/div>\n\n\n\n<div class=\"wp-block-stackable-heading stk-block-heading stk-block stk-41f6f5a\" id=\"informa\u021bii-contact\" data-block-id=\"41f6f5a\"><style>.stk-41f6f5a{margin-bottom:16px !important}.stk-41f6f5a .stk-block-heading__text{margin:0 !important;line-height:1.2em !important}<\/style><h2 class=\"stk-block-heading__text has-text-align-center\">Informa\u021bii Contact<\/h2><\/div>\n\n\n\n<div class=\"wp-block-stackable-spacer stk-block-spacer stk--no-padding stk-block stk-54e71a5\" data-block-id=\"54e71a5\"><style>.stk-54e71a5{height:70px !important}@media screen and (max-width:1023px){.stk-54e71a5{height:50px !important}}<\/style><\/div>\n\n\n\n<div class=\"wp-block-stackable-columns alignwide stk-block-columns stk-block stk-a5bc981\" data-block-id=\"a5bc981\"><style>.stk-a5bc981{margin-bottom:0px !important}.stk-a5bc981-column{--stk-column-gap:35px !important;row-gap:50px !important}<\/style><div class=\"stk-row stk-inner-blocks stk-block-content stk-content-align stk-a5bc981-column alignwide\">\n<div class=\"wp-block-stackable-column stk-block-column stk-block-column--v2 stk-column stk-block stk-622c7a4 stk-block-background\" data-block-id=\"622c7a4\"><style>.stk-622c7a4{background-color:var(--theme-palette-color-8,#ffffff) !important}.stk-622c7a4:before{background-color:var(--theme-palette-color-8,#ffffff) !important}.stk-622c7a4{border-radius:12px !important;overflow:hidden !important;box-shadow:0px 20px 80px 0px rgba(104,114,121,0.1) !important}.stk-622c7a4{padding-top:35px !important;padding-right:35px !important;padding-bottom:50px !important;padding-left:35px !important}@media screen and (max-width:1023px){.stk-622c7a4{padding-top:35px !important;padding-right:35px !important;padding-bottom:35px !important;padding-left:35px !important}}.stk-622c7a4-container{margin-top:0px !important;margin-right:0px !important;margin-bottom:0px !important;margin-left:0px !important}<\/style><div class=\"stk-column-wrapper stk-block-column__content stk-container stk-622c7a4-container stk--no-background stk--no-padding\"><div class=\"has-text-align-center stk-block-content stk-inner-blocks stk-622c7a4-inner-blocks\">\n<div class=\"wp-block-stackable-icon stk-block-icon has-text-align-center stk-block stk-ea85267\" data-block-id=\"ea85267\"><style>.stk-ea85267{margin-bottom:25px !important}.stk-ea85267 .stk--svg-wrapper .stk--inner-svg svg:last-child{height:30px !important;width:30px !important}.stk-ea85267 .stk--svg-wrapper .stk--inner-svg svg:last-child,.stk-ea85267 .stk--svg-wrapper .stk--inner-svg svg:last-child :is(g,path,rect,polygon,ellipse){fill:var(--theme-palette-color-2,#f7b500) !important}<\/style><span class=\"stk--svg-wrapper\"><div class=\"stk--inner-svg\"><svg style=\"height:0;width:0\"><defs><linearGradient id=\"linear-gradient-ea85267\" x1=\"0\" x2=\"100%\" y1=\"0\" y2=\"0\"><stop offset=\"0%\" style=\"stop-opacity:1;stop-color:var(--linear-gradient-ea-85267-color-1)\"><\/stop><stop offset=\"100%\" style=\"stop-opacity:1;stop-color:var(--linear-gradient-ea-85267-color-2)\"><\/stop><\/linearGradient><\/defs><\/svg><svg aria-hidden=\"true\" focusable=\"false\" data-prefix=\"fas\" data-icon=\"map-marker-alt\" class=\"svg-inline--fa fa-map-marker-alt fa-w-12\" xmlns=\"http:\/\/www.w3.org\/2000\/svg\" viewBox=\"0 0 384 512\" width=\"32\" height=\"32\"><path fill=\"currentColor\" d=\"M172.268 501.67C26.97 291.031 0 269.413 0 192 0 85.961 85.961 0 192 0s192 85.961 192 192c0 77.413-26.97 99.031-172.268 309.67-9.535 13.774-29.93 13.773-39.464 0zM192 272c44.183 0 80-35.817 80-80s-35.817-80-80-80-80 35.817-80 80 35.817 80 80 80z\"><\/path><\/svg><\/div><\/span><\/div>\n\n\n\n<div class=\"wp-block-stackable-heading stk-block-heading stk-block stk-592ef48\" id=\"adresa\" data-block-id=\"592ef48\"><style>.stk-592ef48{margin-bottom:8px !important}.stk-592ef48 .stk-block-heading__text{margin:0 !important}<\/style><h5 class=\"stk-block-heading__text\">Adres\u0103<\/h5><\/div>\n\n\n\n<p>Str. Slobozia, Nr. 31, Sector 4,<br>040522, Bucuresti<\/p>\n<\/div><\/div><\/div>\n\n\n\n<div class=\"wp-block-stackable-column stk-block-column stk-block-column--v2 stk-column stk-block stk-92b5a22 stk-block-background\" data-block-id=\"92b5a22\"><style>.stk-92b5a22{background-color:var(--theme-palette-color-8,#ffffff) !important}.stk-92b5a22:before{background-color:var(--theme-palette-color-8,#ffffff) !important}.stk-92b5a22{border-radius:12px !important;overflow:hidden !important;box-shadow:0px 20px 80px 0px rgba(104,114,121,0.1) !important}.stk-92b5a22{padding-top:35px !important;padding-right:35px !important;padding-bottom:50px !important;padding-left:35px !important}@media screen and (max-width:1023px){.stk-92b5a22{padding-top:35px !important;padding-right:35px !important;padding-bottom:35px !important;padding-left:35px !important}}.stk-92b5a22-container{margin-top:0px !important;margin-right:0px !important;margin-bottom:0px !important;margin-left:0px !important}<\/style><div class=\"stk-column-wrapper stk-block-column__content stk-container stk-92b5a22-container stk--no-background stk--no-padding\"><div class=\"has-text-align-center stk-block-content stk-inner-blocks stk-92b5a22-inner-blocks\">\n<div class=\"wp-block-stackable-icon stk-block-icon has-text-align-center stk-block stk-d34828e\" data-block-id=\"d34828e\"><style>.stk-d34828e{margin-bottom:25px !important}.stk-d34828e .stk--svg-wrapper .stk--inner-svg svg:last-child{height:30px !important;width:30px !important}.stk-d34828e .stk--svg-wrapper .stk--inner-svg svg:last-child,.stk-d34828e .stk--svg-wrapper .stk--inner-svg svg:last-child :is(g,path,rect,polygon,ellipse){fill:var(--theme-palette-color-2,#f7b500) !important}<\/style><span class=\"stk--svg-wrapper\"><div class=\"stk--inner-svg\"><svg style=\"height:0;width:0\"><defs><linearGradient id=\"linear-gradient-d34828e\" x1=\"0\" x2=\"100%\" y1=\"0\" y2=\"0\"><stop offset=\"0%\" style=\"stop-opacity:1;stop-color:var(--linear-gradient-d-34828-e-color-1)\"><\/stop><stop offset=\"100%\" style=\"stop-opacity:1;stop-color:var(--linear-gradient-d-34828-e-color-2)\"><\/stop><\/linearGradient><\/defs><\/svg><svg aria-hidden=\"true\" focusable=\"false\" data-prefix=\"fas\" data-icon=\"clock\" class=\"svg-inline--fa fa-clock fa-w-16\" xmlns=\"http:\/\/www.w3.org\/2000\/svg\" viewBox=\"0 0 512 512\" width=\"32\" height=\"32\"><path fill=\"currentColor\" d=\"M256,8C119,8,8,119,8,256S119,504,256,504,504,393,504,256,393,8,256,8Zm92.49,313h0l-20,25a16,16,0,0,1-22.49,2.5h0l-67-49.72a40,40,0,0,1-15-31.23V112a16,16,0,0,1,16-16h32a16,16,0,0,1,16,16V256l58,42.5A16,16,0,0,1,348.49,321Z\"><\/path><\/svg><\/div><\/span><\/div>\n\n\n\n<div class=\"wp-block-stackable-heading stk-block-heading stk-block stk-9334345\" id=\"program\" data-block-id=\"9334345\"><style>.stk-9334345{margin-bottom:8px !important}.stk-9334345 .stk-block-heading__text{margin:0 !important}<\/style><h5 class=\"stk-block-heading__text\">Program<\/h5><\/div>\n\n\n\n<p>Luni \u2013 Vineri: 9am \u2013 5pm<br>Weekend: \u00cenchis<\/p>\n<\/div><\/div><\/div>\n\n\n\n<div class=\"wp-block-stackable-column stk-block-column stk-block-column--v2 stk-column stk-block stk-5dedb98 stk-block-background\" data-block-id=\"5dedb98\"><style>.stk-5dedb98{background-color:var(--theme-palette-color-8,#ffffff) !important}.stk-5dedb98:before{background-color:var(--theme-palette-color-8,#ffffff) !important}.stk-5dedb98{border-radius:12px !important;overflow:hidden !important;box-shadow:0px 20px 80px 0px rgba(104,114,121,0.1) !important}.stk-5dedb98{padding-top:35px !important;padding-right:35px !important;padding-bottom:50px !important;padding-left:35px !important}@media screen and (max-width:1023px){.stk-5dedb98{padding-top:35px !important;padding-right:35px !important;padding-bottom:35px !important;padding-left:35px !important}}.stk-5dedb98-container{margin-top:0px !important;margin-right:0px !important;margin-bottom:0px !important;margin-left:0px !important}<\/style><div class=\"stk-column-wrapper stk-block-column__content stk-container stk-5dedb98-container stk--no-background stk--no-padding\"><div class=\"has-text-align-center stk-block-content stk-inner-blocks stk-5dedb98-inner-blocks\">\n<div class=\"wp-block-stackable-icon stk-block-icon has-text-align-center stk-block stk-a02b7b8\" data-block-id=\"a02b7b8\"><style>.stk-a02b7b8{margin-bottom:25px !important}.stk-a02b7b8 .stk--svg-wrapper .stk--inner-svg svg:last-child{height:30px !important;width:30px !important}.stk-a02b7b8 .stk--svg-wrapper .stk--inner-svg svg:last-child,.stk-a02b7b8 .stk--svg-wrapper .stk--inner-svg svg:last-child :is(g,path,rect,polygon,ellipse){fill:var(--theme-palette-color-2,#f7b500) !important}<\/style><span class=\"stk--svg-wrapper\"><div class=\"stk--inner-svg\"><svg style=\"height:0;width:0\"><defs><linearGradient id=\"linear-gradient-a02b7b8\" x1=\"0\" x2=\"100%\" y1=\"0\" y2=\"0\"><stop offset=\"0%\" style=\"stop-opacity:1;stop-color:var(--linear-gradient-a-02-b-7-b-8-color-1)\"><\/stop><stop offset=\"100%\" style=\"stop-opacity:1;stop-color:var(--linear-gradient-a-02-b-7-b-8-color-2)\"><\/stop><\/linearGradient><\/defs><\/svg><svg aria-hidden=\"true\" focusable=\"false\" data-prefix=\"fas\" data-icon=\"mobile\" class=\"svg-inline--fa fa-mobile fa-w-10\" xmlns=\"http:\/\/www.w3.org\/2000\/svg\" viewBox=\"0 0 320 512\" width=\"32\" height=\"32\"><path fill=\"currentColor\" d=\"M272 0H48C21.5 0 0 21.5 0 48v416c0 26.5 21.5 48 48 48h224c26.5 0 48-21.5 48-48V48c0-26.5-21.5-48-48-48zM160 480c-17.7 0-32-14.3-32-32s14.3-32 32-32 32 14.3 32 32-14.3 32-32 32z\"><\/path><\/svg><\/div><\/span><\/div>\n\n\n\n<div class=\"wp-block-stackable-heading stk-block-heading stk-block stk-583731d\" id=\"numar-telefon\" data-block-id=\"583731d\"><style>.stk-583731d{margin-bottom:8px !important}.stk-583731d .stk-block-heading__text{margin:0 !important}<\/style><h5 class=\"stk-block-heading__text\">Num\u0103r Telefon<\/h5><\/div>\n\n\n\n<p>+40 21 210 0539<\/p>\n<\/div><\/div><\/div>\n<\/div><\/div>\n\n\n\n<div class=\"wp-block-stackable-spacer stk-block-spacer stk--no-padding stk-block stk-6a8268d\" data-block-id=\"6a8268d\"><style>.stk-6a8268d{height:130px !important}@media screen and (max-width:1023px){.stk-6a8268d{height:80px !important}}<\/style><\/div>\n\n\n\n<div class=\"wp-block-stackable-heading stk-block-heading stk-block stk-45e6a53\" id=\"trimite-ne-un-mesaj\" data-block-id=\"45e6a53\"><style>.stk-45e6a53{margin-bottom:16px !important}.stk-45e6a53 .stk-block-heading__text{margin:0 !important;line-height:1.2em !important}<\/style><h2 class=\"stk-block-heading__text has-text-align-center\">Trimite-ne Un Mesaj<\/h2><\/div>\n\n\n\n<div class=\"wp-block-stackable-text stk-block-text stk-block stk-0ced47d\" data-block-id=\"0ced47d\"><style>.stk-0ced47d{margin-bottom:0px !important}<\/style><p class=\"stk-block-text__text has-text-align-center\">Vom reveni cu un raspuns c\u00e2t de cur\u00e2nd posibil.<\/p><\/div>\n\n\n\n<div class=\"wp-block-stackable-spacer stk-block-spacer stk--no-padding stk-block stk-0285952\" data-block-id=\"0285952\"><style>.stk-0285952{height:70px !important}@media screen and (max-width:1023px){.stk-0285952{height:50px !important}}<\/style><\/div>\n\n\n\n<div class=\"wp-block-stackable-columns stk-block-columns stk-block stk-0d2d598\" data-block-id=\"0d2d598\"><style>.stk-0d2d598{margin-bottom:0px !important}<\/style><div class=\"stk-row stk-inner-blocks stk-block-content stk-content-align stk-0d2d598-column\">\n<div class=\"wp-block-stackable-column stk-block-column stk-block-column--v2 stk-column stk-block stk-1bf830e\" data-block-id=\"1bf830e\"><style>.stk-1bf830e-container{max-width:750px !important;min-width:auto !important;margin-right:auto !important;margin-left:auto !important}.stk-1bf830e-container{margin-top:0px !important;margin-right:0px !important;margin-bottom:0px !important;margin-left:0px !important}<\/style><div class=\"stk-column-wrapper stk-block-column__content stk-container stk-1bf830e-container stk--no-background stk--no-padding\"><div class=\"has-text-align-left stk-block-content stk-inner-blocks stk-1bf830e-inner-blocks\"><div class=\"wpforms-container wpforms-block ct-wpforms\" id=\"wpforms-485\"><form id=\"wpforms-form-485\" class=\"wpforms-validate wpforms-form\" data-formid=\"485\" method=\"post\" enctype=\"multipart\/form-data\" action=\"\/cunoasterea-romului-de-langa-noi\/wp-json\/wp\/v2\/pages\/658\" data-token=\"7bda719d74a1856ac76d24934d1dbf31\" data-token-time=\"1777627856\"><noscript class=\"wpforms-error-noscript\">Please enable JavaScript in your browser to complete this form.<\/noscript><div class=\"wpforms-field-container\"><div id=\"wpforms-485-field_0-container\" class=\"wpforms-field wpforms-field-name\" data-field-id=\"0\"><label class=\"wpforms-field-label\" for=\"wpforms-485-field_0\">Nume Complet <span class=\"wpforms-required-label\">*<\/span><\/label><input type=\"text\" id=\"wpforms-485-field_0\" class=\"wpforms-field-large wpforms-field-required\" name=\"wpforms[fields][0]\" required><\/div><div id=\"wpforms-485-field_1-container\" class=\"wpforms-field wpforms-field-email\" data-field-id=\"1\"><label class=\"wpforms-field-label\" for=\"wpforms-485-field_1\">Adres\u0103 Email <span class=\"wpforms-required-label\">*<\/span><\/label><input type=\"email\" id=\"wpforms-485-field_1\" class=\"wpforms-field-large wpforms-field-required\" name=\"wpforms[fields][1]\" spellcheck=\"false\" required><\/div><div id=\"wpforms-485-field_3-container\" class=\"wpforms-field wpforms-field-text\" data-field-id=\"3\"><label class=\"wpforms-field-label\" for=\"wpforms-485-field_3\">Subiect <span class=\"wpforms-required-label\">*<\/span><\/label><input type=\"text\" id=\"wpforms-485-field_3\" class=\"wpforms-field-large wpforms-field-required\" name=\"wpforms[fields][3]\" required><\/div><div id=\"wpforms-485-field_2-container\" class=\"wpforms-field wpforms-field-textarea\" data-field-id=\"2\"><label class=\"wpforms-field-label\" for=\"wpforms-485-field_2\">Mesaj <span class=\"wpforms-required-label\">*<\/span><\/label><textarea id=\"wpforms-485-field_2\" class=\"wpforms-field-medium wpforms-field-required\" name=\"wpforms[fields][2]\" required><\/textarea><\/div><\/div><!-- .wpforms-field-container --><div class=\"wpforms-field wpforms-field-hp\"><label for=\"wpforms-485-field-hp\" class=\"wpforms-field-label\">Email<\/label><input type=\"text\" name=\"wpforms[hp]\" id=\"wpforms-485-field-hp\" class=\"wpforms-field-medium\"><\/div><div class=\"wpforms-recaptcha-container wpforms-is-recaptcha wpforms-is-recaptcha-type-v2\" ><div class=\"g-recaptcha\" data-sitekey=\"6LeBDtoqAAAAAKsv7cnDPy7Fc6sM8K6RswVH6jKg\"><\/div><input type=\"text\" name=\"g-recaptcha-hidden\" class=\"wpforms-recaptcha-hidden\" style=\"position:absolute!important;clip:rect(0,0,0,0)!important;height:1px!important;width:1px!important;border:0!important;overflow:hidden!important;padding:0!important;margin:0!important;\" data-rule-recaptcha=\"1\"><\/div><div class=\"wpforms-submit-container\" ><input type=\"hidden\" name=\"wpforms[id]\" value=\"485\"><input type=\"hidden\" name=\"page_title\" value=\"\"><input type=\"hidden\" name=\"page_url\" value=\"https:\/\/www.agentiaimpreuna.ro\/cunoasterea-romului-de-langa-noi\/wp-json\/wp\/v2\/pages\/658\"><button type=\"submit\" name=\"wpforms[submit]\" id=\"wpforms-submit-485\" class=\"wpforms-submit\" data-alt-text=\"In curs de trimitere...\" data-submit-text=\"Trimite Mesaj\" aria-live=\"assertive\" value=\"wpforms-submit\">Trimite Mesaj<\/button><\/div><\/form><\/div>  <!-- .wpforms-container --><\/div><\/div><\/div>\n<\/div><\/div>\n\n\n\n<div class=\"wp-block-stackable-spacer stk-block-spacer stk--no-padding stk-block stk-448670c\" data-block-id=\"448670c\"><style>.stk-448670c{height:130px !important}@media screen and (max-width:1023px){.stk-448670c{height:80px !important}}<\/style><\/div>\n","protected":false},"excerpt":{"rendered":"<p>Informa\u021bii Contact Adres\u0103 Str. Slobozia, Nr. 31, Sector 4,040522, Bucuresti Program Luni \u2013 Vineri: 9am \u2013 5pmWeekend: \u00cenchis Num\u0103r Telefon +40 21 210 0539 Trimite-ne Un Mesaj Vom reveni cu un raspuns c\u00e2t de cur\u00e2nd posibil.<\/p>\n","protected":false},"author":1,"featured_media":1110,"parent":0,"menu_order":0,"comment_status":"closed","ping_status":"closed","template":"","meta":{"footnotes":""},"class_list":["post-658","page","type-page","status-publish","has-post-thumbnail","hentry"],"blocksy_meta":{"styles_descriptor":{"styles":{"desktop":"","tablet":"","mobile":""},"google_fonts":[],"version":6},"page_title_panel":"","has_hero_section":"default","9ffc0a2d0a0ba860bb397f52a2abeb35":"","hero_section":"type-1","hero_elements":[{"id":"custom_title","enabled":true,"heading_tag":"h1","title":"Home"},{"id":"custom_description","enabled":true,"description_visibility":{"desktop":true,"tablet":true,"mobile":false}},{"id":"custom_meta","enabled":false,"meta_elements":[{"id":"author","enabled":true,"label":"By","has_author_avatar":"yes","avatar_size":25},{"id":"post_date","enabled":true,"label":"On","date_format_source":"default","date_format":"M j, Y"},{"id":"updated_date","enabled":false,"label":"On","date_format_source":"default","date_format":"M j, Y"},{"id":"categories","enabled":false,"label":"In","style":"simple"},{"id":"comments","enabled":true}],"page_meta_elements":{"joined":true,"articles_count":true,"comments":true}},{"id":"breadcrumbs","enabled":false}],"d6514647c33f5db131cb631e97bd2f79":"","hero_alignment1":"CT_CSS_SKIP_RULE","hero_margin":40,"hero_alignment2":"center","hero_vertical_alignment":"center","00b7473ef42a015ccaeebf3c6134993e":"","hero_structure":"narrow","eca48718b990dd3497dc4628f47acc0d":"","page_title_bg_type":"featured_image","custom_hero_background":{"attachment_id":null},"page_title_image_size":"full","parallax":{"desktop":false,"tablet":false,"mobile":false},"929c12bbf10672c61184930ecbbdcd43":"","hero_height":"250px","pageTitleFont":{"family":"Default","variation":"Default","size":"30px","line-height":"CT_CSS_SKIP_RULE","letter-spacing":"CT_CSS_SKIP_RULE","text-transform":"CT_CSS_SKIP_RULE","text-decoration":"CT_CSS_SKIP_RULE"},"pageTitleFontColor":{"default":{"color":"CT_CSS_SKIP_RULEDEFAULT"}},"pageMetaFont":{"family":"Default","variation":"n6","size":"12px","line-height":"1.3","letter-spacing":"CT_CSS_SKIP_RULE","text-transform":"uppercase","text-decoration":"CT_CSS_SKIP_RULE"},"pageMetaFontColor":{"default":{"color":"CT_CSS_SKIP_RULEDEFAULT"},"hover":{"color":"CT_CSS_SKIP_RULEDEFAULT"}},"page_meta_button_type_font_colors":{"default":{"color":"CT_CSS_SKIP_RULEDEFAULT"},"hover":{"color":"CT_CSS_SKIP_RULEDEFAULT"}},"page_meta_button_type_background_colors":{"default":{"color":"CT_CSS_SKIP_RULEDEFAULT"},"hover":{"color":"CT_CSS_SKIP_RULEDEFAULT"}},"pageExcerptFont":{"family":"Default","variation":"Default","size":"CT_CSS_SKIP_RULE","line-height":"CT_CSS_SKIP_RULE","letter-spacing":"CT_CSS_SKIP_RULE","text-transform":"CT_CSS_SKIP_RULE","text-decoration":"CT_CSS_SKIP_RULE"},"pageExcerptColor":{"default":{"color":"CT_CSS_SKIP_RULEDEFAULT"}},"breadcrumbsFont":{"family":"Default","variation":"Default","size":"CT_CSS_SKIP_RULE","line-height":"CT_CSS_SKIP_RULE","letter-spacing":"CT_CSS_SKIP_RULE","text-transform":"CT_CSS_SKIP_RULE","text-decoration":"CT_CSS_SKIP_RULE"},"breadcrumbsFontColor":{"default":{"color":"CT_CSS_SKIP_RULEDEFAULT"},"initial":{"color":"CT_CSS_SKIP_RULEDEFAULT"},"hover":{"color":"CT_CSS_SKIP_RULEDEFAULT"}},"pageTitleOverlay":{"background_type":"color","background_pattern":"type-1","background_image":{"attachment_id":null,"x":0,"y":0},"gradient":"linear-gradient(135deg,rgba(6,147,227,1) 0%,rgb(155,81,224) 100%)","background_repeat":"repeat","background_size":"auto","background_attachment":"scroll","patternColor":{"default":{"color":"#e5e7ea"}},"overlayColor":{"default":{"color":"CT_CSS_SKIP_RULE"}},"backgroundColor":{"default":{"color":"CT_CSS_SKIP_RULE"}}},"pageTitleBackground":{"background_type":"color","background_pattern":"type-1","background_image":{"attachment_id":null,"x":0,"y":0},"gradient":"linear-gradient(135deg,rgba(6,147,227,1) 0%,rgb(155,81,224) 100%)","background_repeat":"repeat","background_size":"auto","background_attachment":"scroll","patternColor":{"default":{"color":"#e5e7ea"}},"overlayColor":{"default":{"color":"CT_CSS_SKIP_RULE"}},"backgroundColor":{"default":{"color":"var(--theme-palette-color-6)"}}},"pageTitlePadding":{"top":"50px","bottom":"50px","left":"auto","right":"auto","linked":true},"a485f35e84b4b062164db5d5943ee79d":"","page_structure_type":"type-3","638382f2a64e8732f3deae096c0fef9c":"","content_style_source":"inherit","content_style":"wide","vertical_spacing_source":"inherit","content_area_spacing":"both","background":{"background_type":"color","background_pattern":"type-1","background_image":{"attachment_id":null,"x":0,"y":0},"gradient":"linear-gradient(135deg,rgba(6,147,227,1) 0%,rgb(155,81,224) 100%)","background_repeat":"repeat","background_size":"auto","background_attachment":"scroll","patternColor":{"default":{"color":"#e5e7ea"}},"overlayColor":{"default":{"color":"CT_CSS_SKIP_RULE"}},"backgroundColor":{"default":{"color":"CT_CSS_SKIP_RULE"}}},"content_background":{"background_type":"color","background_pattern":"type-1","background_image":{"attachment_id":null,"x":0,"y":0},"gradient":"linear-gradient(135deg,rgba(6,147,227,1) 0%,rgb(155,81,224) 100%)","background_repeat":"repeat","background_size":"auto","background_attachment":"scroll","patternColor":{"default":{"color":"#e5e7ea"}},"overlayColor":{"default":{"color":"CT_CSS_SKIP_RULE"}},"backgroundColor":{"default":{"color":"var(--theme-palette-color-8)"}}},"content_boxed_shadow":{"inherit":false,"blur":18,"spread":-6,"v_offset":12,"h_offset":0,"inset":false,"enable":true,"color":{"color":"rgba(34, 56, 101, 0.04)"}},"content_boxed_border":{"width":1,"style":"none","color":{"color":"rgba(44,62,80,0.2)"}},"content_boxed_radius":{"top":"3px","bottom":"3px","left":"3px","right":"3px","linked":true},"boxed_content_spacing":{"desktop":{"top":"40px","bottom":"40px","left":"40px","right":"40px","linked":true},"tablet":{"top":"35px","bottom":"35px","left":"35px","right":"35px","linked":true},"mobile":{"top":"20px","bottom":"20px","left":"20px","right":"20px","linked":true}},"0626244aa237695d7c2cf73a0b5d3807":"","disable_featured_image":"no","disable_share_box":"no","disable_header":"no","disable_footer":"no","819fa54aff1e433b5632707f70553bef":"","17513e9f372507e21225c6549a2919ac":"","974b56a812e4871d9c5f6fe59fdc5a85":"","37ce6b4bb75c5e23482b0bf843c54182":"","e25079ec675f01b4fb5745c0bd357875":"","333be03b04acce7c46ce0395b5e08702":"","3e48e67a35be5cd753c7aceeff49e618":"","e79e8075da990104735b25730b6f6ecf":""},"featured_image_urls":{"full":["https:\/\/www.agentiaimpreuna.ro\/cunoasterea-romului-de-langa-noi\/wp-content\/uploads\/2022\/09\/contact-scaled.jpg",2560,1707,false],"thumbnail":["https:\/\/www.agentiaimpreuna.ro\/cunoasterea-romului-de-langa-noi\/wp-content\/uploads\/2022\/09\/contact-150x150.jpg",150,150,true],"medium":["https:\/\/www.agentiaimpreuna.ro\/cunoasterea-romului-de-langa-noi\/wp-content\/uploads\/2022\/09\/contact-300x200.jpg",300,200,true],"medium_large":["https:\/\/www.agentiaimpreuna.ro\/cunoasterea-romului-de-langa-noi\/wp-content\/uploads\/2022\/09\/contact-768x512.jpg",768,512,true],"large":["https:\/\/www.agentiaimpreuna.ro\/cunoasterea-romului-de-langa-noi\/wp-content\/uploads\/2022\/09\/contact-1024x683.jpg",1024,683,true],"1536x1536":["https:\/\/www.agentiaimpreuna.ro\/cunoasterea-romului-de-langa-noi\/wp-content\/uploads\/2022\/09\/contact-1536x1024.jpg",1536,1024,true],"2048x2048":["https:\/\/www.agentiaimpreuna.ro\/cunoasterea-romului-de-langa-noi\/wp-content\/uploads\/2022\/09\/contact-2048x1366.jpg",2048,1366,true]},"post_excerpt_stackable":"<p>Informa\u021bii Contact Adres\u0103 Str. Slobozia, Nr. 31, Sector 4,040522, Bucuresti Program Luni \u2013 Vineri: 9am \u2013 5pmWeekend: \u00cenchis Num\u0103r Telefon +40 21 210 0539 Trimite-ne Un Mesaj Vom reveni cu un raspuns c\u00e2t de cur\u00e2nd posibil. Please enable JavaScript in your browser to complete this form.Nume Complet *Adres\u0103 Email *Subiect *Mesaj *PhoneTrimite Mesaj<\/p>\n","category_list":"","author_info":{"name":"modest-bhabha","url":"https:\/\/www.agentiaimpreuna.ro\/cunoasterea-romului-de-langa-noi\/author\/modest-bhabha\/"},"comments_num":"0 comments","_links":{"self":[{"href":"https:\/\/www.agentiaimpreuna.ro\/cunoasterea-romului-de-langa-noi\/wp-json\/wp\/v2\/pages\/658","targetHints":{"allow":["GET"]}}],"collection":[{"href":"https:\/\/www.agentiaimpreuna.ro\/cunoasterea-romului-de-langa-noi\/wp-json\/wp\/v2\/pages"}],"about":[{"href":"https:\/\/www.agentiaimpreuna.ro\/cunoasterea-romului-de-langa-noi\/wp-json\/wp\/v2\/types\/page"}],"author":[{"embeddable":true,"href":"https:\/\/www.agentiaimpreuna.ro\/cunoasterea-romului-de-langa-noi\/wp-json\/wp\/v2\/users\/1"}],"replies":[{"embeddable":true,"href":"https:\/\/www.agentiaimpreuna.ro\/cunoasterea-romului-de-langa-noi\/wp-json\/wp\/v2\/comments?post=658"}],"version-history":[{"count":6,"href":"https:\/\/www.agentiaimpreuna.ro\/cunoasterea-romului-de-langa-noi\/wp-json\/wp\/v2\/pages\/658\/revisions"}],"predecessor-version":[{"id":1122,"href":"https:\/\/www.agentiaimpreuna.ro\/cunoasterea-romului-de-langa-noi\/wp-json\/wp\/v2\/pages\/658\/revisions\/1122"}],"wp:featuredmedia":[{"embeddable":true,"href":"https:\/\/www.agentiaimpreuna.ro\/cunoasterea-romului-de-langa-noi\/wp-json\/wp\/v2\/media\/1110"}],"wp:attachment":[{"href":"https:\/\/www.agentiaimpreuna.ro\/cunoasterea-romului-de-langa-noi\/wp-json\/wp\/v2\/media?parent=658"}],"curies":[{"name":"wp","href":"https:\/\/api.w.org\/{rel}","templated":true}]}}