{"id":593,"date":"2022-02-19T16:51:00","date_gmt":"2022-02-19T16:51:00","guid":{"rendered":"https:\/\/demo.creativethemes.com\/stagingthree\/?page_id=593"},"modified":"2022-09-15T14:43:04","modified_gmt":"2022-09-15T14:43:04","slug":"despre-noi","status":"publish","type":"page","link":"https:\/\/www.agentiaimpreuna.ro\/cunoasterea-romului-de-langa-noi\/despre-noi\/","title":{"rendered":"Despre Noi"},"content":{"rendered":"\n<div class=\"wp-block-stackable-columns alignfull stk-block-columns stk-block stk-47f3fe7 stk-block-background\" data-block-id=\"47f3fe7\"><style>.stk-47f3fe7{background-color:#fbf6ed !important}.stk-47f3fe7:before{background-color:#fbf6ed !important}.stk-47f3fe7{padding-top:50px !important;padding-right:0px !important;padding-bottom:50px !important;padding-left:0px !important;margin-bottom:0px !important}@media screen and (max-width:1023px){.stk-47f3fe7{padding-top:80px !important;padding-bottom:80px !important}}@media screen and (max-width:767px){.stk-47f3fe7{padding-top:70px !important;padding-bottom:70px !important}}<\/style><div class=\"stk-row stk-inner-blocks has-text-align-center stk-block-content stk-content-align stk-47f3fe7-column\">\n<div class=\"wp-block-stackable-column stk-block-column stk-block-column--v2 stk-column stk-block stk-18d875a\" data-block-id=\"18d875a\"><style>.stk-18d875a-container{margin-top:0px !important;margin-right:0px !important;margin-bottom:0px !important;margin-left:0px !important}<\/style><div class=\"stk-column-wrapper stk-block-column__content stk-container stk-18d875a-container stk--no-background stk--no-padding\"><div class=\"stk-block-content stk-inner-blocks stk-18d875a-inner-blocks\">\n<div class=\"wp-block-stackable-heading stk-block-heading stk-block stk-41f6f5a\" id=\"strong-prezentare-proiect-strong\" data-block-id=\"41f6f5a\"><style>.stk-41f6f5a{margin-bottom:16px !important}.stk-41f6f5a .stk-block-heading__text{font-size:50px !important;margin:0 !important;line-height:1.2em !important}@media screen and (max-width:1023px){.stk-41f6f5a .stk-block-heading__text{font-size:40px !important}}<\/style><h2 class=\"stk-block-heading__text\"><strong>Prezentare proiect<\/strong><\/h2><\/div>\n\n\n\n<div class=\"wp-block-stackable-text stk-block-text stk-block stk-37d0174\" data-block-id=\"37d0174\"><style>.stk-37d0174{max-width:750px !important;min-width:auto !important;margin-right:auto !important;margin-bottom:0px !important;margin-left:auto !important}<\/style><p class=\"stk-block-text__text has-text-align-left\">Proiectul <em>\u201eCunoa\u0219terea (r)omului de l\u00e2ng\u0103 noi\u201d<\/em> are ca scop <strong>cre\u0219terea nivelului de con\u0219tientizare asupra drepturilor omului \u0219i tratamentului egal<\/strong>, cu focus pe minoritatea rom\u0103, atragerea aten\u021biei asupra rolului pe care stereotipurile \u0219i prejudec\u0103\u021bile le au \u00een formarea percep\u021biilor despre ceilal\u021bi, dar \u0219i capacitarea cet\u0103\u021benilor \u00een a reac\u021biona fa\u021b\u0103 de discriminare \u0219i discursul instig\u0103tor la ur\u0103 din spa\u021biul public.<\/p><\/div>\n<\/div><\/div><\/div>\n<\/div><\/div>\n\n\n\n<div class=\"wp-block-stackable-spacer stk-block-spacer stk--no-padding stk-block stk-6a8268d\" data-block-id=\"6a8268d\"><style>@media screen and (max-width:1023px){.stk-6a8268d{height:80px !important}}<\/style><\/div>\n\n\n\n<p>Conform ultimelor studii realizate de <a href=\"https:\/\/agentiaimpreuna.ro\">Funda\u021bia Agen\u021bia Comunitar\u0103 \u201e\u00cempreun\u0103\u201d<\/a> \u00een 2020, contextul pandemiei de <strong>COVID-19 a facilitat o cre\u0219tere a discursului \u00eempotriva romilor<\/strong>, ace\u0219tia fiind adesea portretiza\u021bi ca nerespect\u00e2nd regulile impuse \u00een perioada st\u0103rii de urgen\u021b\u0103 sau alert\u0103.<\/p>\n\n\n\n<p>Concluziile analizei <em><a href=\"https:\/\/freedomhouse.ro\/wp-content\/uploads\/2020\/12\/Raport_raport_romii-in-presa_10.12.pdf\" data-type=\"URL\" data-id=\"https:\/\/freedomhouse.ro\/wp-content\/uploads\/2020\/12\/Raport_raport_romii-in-presa_10.12.pdf\">Reprezentarea romilor \u00een mass-media \u00een contextul pandemiei de Coronavirus<\/a><\/em> relev\u0103 faptul c\u0103 imaginea romilor \u00een presa online din perioada martie-septembrie 2020 este una negativ\u0103, care accentueaz\u0103 distan\u021ba social\u0103 dintre romii \u0219i neromi. Romii sunt cei care nu respect\u0103 regulile, sunt violen\u021bi, nu \u00een\u021beleg necesitatea normelor de distan\u021bare, \u00een timp ce rom\u00e2nii apar \u00een antitez\u0103, pe o pozi\u021bie superioar\u0103.<\/p>\n\n\n\n<div class=\"wp-block-stackable-spacer stk-block-spacer stk--no-padding stk-block stk-76ee663\" data-block-id=\"76ee663\"><style>@media screen and (max-width:1023px){.stk-76ee663{height:80px !important}}<\/style><\/div>\n\n\n\n<div class=\"wp-block-stackable-image stk-block-image stk-block stk-a828fde\" data-block-id=\"a828fde\"><style>.stk-a828fde .stk-img-wrapper{filter:drop-shadow(0px 2px 20px rgba(153,153,153,0.2)) !important}<\/style><figure class=\"stk-img-wrapper stk-image--shape-stretch stk--shadow-0px 2px 20px rgba(153, 153, 153, 0.2)\"><img loading=\"lazy\" decoding=\"async\" class=\"stk-img wp-image-1058\" src=\"https:\/\/www.agentiaimpreuna.ro\/cunoasterea-romului-de-langa-noi\/wp-content\/uploads\/2022\/09\/Cunoasterea-romului-de-langa-noi-Despre-Proiect.png\" width=\"940\" height=\"788\" alt=\"Cunoasterea romului de langa noi - Despre Proiect\" srcset=\"https:\/\/www.agentiaimpreuna.ro\/cunoasterea-romului-de-langa-noi\/wp-content\/uploads\/2022\/09\/Cunoasterea-romului-de-langa-noi-Despre-Proiect.png 940w, https:\/\/www.agentiaimpreuna.ro\/cunoasterea-romului-de-langa-noi\/wp-content\/uploads\/2022\/09\/Cunoasterea-romului-de-langa-noi-Despre-Proiect-300x251.png 300w, https:\/\/www.agentiaimpreuna.ro\/cunoasterea-romului-de-langa-noi\/wp-content\/uploads\/2022\/09\/Cunoasterea-romului-de-langa-noi-Despre-Proiect-768x644.png 768w\" sizes=\"auto, (max-width: 940px) 100vw, 940px\" \/><\/figure><\/div>\n\n\n\n<div class=\"wp-block-stackable-spacer stk-block-spacer stk--no-padding stk-block stk-beb1e7c\" data-block-id=\"beb1e7c\"><style>@media screen and (max-width:1023px){.stk-beb1e7c{height:80px !important}}<\/style><\/div>\n\n\n\n<p><strong>Proiectul beneficiaz\u0103 de o finan\u021bare \u00een valoare de 141,473 euro<\/strong>, prin programul Active Citizens Fund Romania, finan\u021bat de Islanda, Liechtenstein \u0219i Norvegia prin Granturile SEE 2014-2021. Con\u021binutul acestei pagini nu reprezint\u0103 \u00een mod necesar pozi\u021bia oficiala a Granturilor SEE \u0219i Norvegiene 2014-2021; pentru mai multe informa\u021bii accesa\u021bi <a href=\"http:\/\/www.eeagrants.org\" data-type=\"URL\" data-id=\"www.eeagrants.org\">www.eeagrants.org<\/a>.<\/p>\n\n\n\n<p><strong>Obiectivele proiectului sunt cre\u0219terea implic\u0103rii a 200 de elevi din 10 jude\u021be ale Rom\u00e2niei<\/strong> (Boto\u0219ani, Ia\u0219i, Bac\u0103u, Buz\u0103u, Br\u0103ila, Bra\u0219ov, Gala\u021bi, Tulcea, Giurgiu \u0219i Arge\u0219) \u00een promovarea diversit\u0103\u021bii la nivelul unit\u0103\u021bii de \u00eenv\u0103\u021b\u0103m\u00e2nt din care provin, pe o perioad\u0103 de 15 luni. Jude\u021bele vizate au fost selectate av\u00e2nd \u00een vedere fie faptul c\u0103 a existat o mas\u0103 critic\u0103 de cadre didactice formate pe educa\u021bie intercultural\u0103 sau istoria romilor, fie c\u0103 exist\u0103 cadre didactice care au participat la diverse activit\u0103\u021bi ale Funda\u021biei \u0219i astfel informa\u021bia va fi diseminat\u0103 la nivelul elevilor.<\/p>\n\n\n\n<p>De asemenea, <strong>se va viza implementarea unor ac\u021biuni de advocacy \u0219i de con\u0219tientizare prin activit\u0103\u021bi desf\u0103\u0219urate pentru minimum 4000 de elevi<\/strong>, pe teme ca drepturile omului, tratamentul egal \u0219i diversitate, dar \u0219i informarea a cel pu\u021bin 20.000 de persoane de la nivel na\u021bional, cu privire la impactul stereotipurilor \u0219i prejudec\u0103\u021bilor asupra incluziunii minorit\u0103\u021bii rome, pe o perioad\u0103 de 15 luni.<\/p>\n\n\n\n<p><strong>Urm\u0103re\u0219te mai jos ce activit\u0103\u021bi urmeaz\u0103 a fi desf\u0103\u0219urate pentru ca proiectul s\u0103-\u0219i ating\u0103 scopul:<\/strong><\/p>\n\n\n\n<div class=\"wp-block-stackable-image stk-block-image stk-block stk-c98cffc\" data-block-id=\"c98cffc\"><style>.stk-c98cffc .stk-img-wrapper{filter:drop-shadow(0px 2px 20px rgba(153,153,153,0.2)) !important}<\/style><figure class=\"stk-img-wrapper stk-image--shape-stretch stk--shadow-0px 2px 20px rgba(153, 153, 153, 0.2)\"><img loading=\"lazy\" decoding=\"async\" class=\"stk-img wp-image-1060\" src=\"https:\/\/www.agentiaimpreuna.ro\/cunoasterea-romului-de-langa-noi\/wp-content\/uploads\/2022\/09\/1.png\" width=\"940\" height=\"788\" srcset=\"https:\/\/www.agentiaimpreuna.ro\/cunoasterea-romului-de-langa-noi\/wp-content\/uploads\/2022\/09\/1.png 940w, https:\/\/www.agentiaimpreuna.ro\/cunoasterea-romului-de-langa-noi\/wp-content\/uploads\/2022\/09\/1-300x251.png 300w, https:\/\/www.agentiaimpreuna.ro\/cunoasterea-romului-de-langa-noi\/wp-content\/uploads\/2022\/09\/1-768x644.png 768w\" sizes=\"auto, (max-width: 940px) 100vw, 940px\" \/><\/figure><\/div>\n\n\n\n<div class=\"wp-block-stackable-image stk-block-image stk-block stk-44c8384\" data-block-id=\"44c8384\"><style>.stk-44c8384 .stk-img-wrapper{filter:drop-shadow(0px 2px 20px rgba(153,153,153,0.2)) !important}<\/style><figure class=\"stk-img-wrapper stk-image--shape-stretch stk--shadow-0px 2px 20px rgba(153, 153, 153, 0.2)\"><img loading=\"lazy\" decoding=\"async\" class=\"stk-img wp-image-1061\" src=\"https:\/\/www.agentiaimpreuna.ro\/cunoasterea-romului-de-langa-noi\/wp-content\/uploads\/2022\/09\/2.png\" width=\"940\" height=\"788\" srcset=\"https:\/\/www.agentiaimpreuna.ro\/cunoasterea-romului-de-langa-noi\/wp-content\/uploads\/2022\/09\/2.png 940w, https:\/\/www.agentiaimpreuna.ro\/cunoasterea-romului-de-langa-noi\/wp-content\/uploads\/2022\/09\/2-300x251.png 300w, https:\/\/www.agentiaimpreuna.ro\/cunoasterea-romului-de-langa-noi\/wp-content\/uploads\/2022\/09\/2-768x644.png 768w\" sizes=\"auto, (max-width: 940px) 100vw, 940px\" \/><\/figure><\/div>\n\n\n\n<div class=\"wp-block-stackable-image stk-block-image stk-block stk-a5f4a55\" data-block-id=\"a5f4a55\"><style>.stk-a5f4a55 .stk-img-wrapper{filter:drop-shadow(0px 2px 20px rgba(153,153,153,0.2)) !important}<\/style><figure class=\"stk-img-wrapper stk-image--shape-stretch stk--shadow-0px 2px 20px rgba(153, 153, 153, 0.2)\"><img loading=\"lazy\" decoding=\"async\" class=\"stk-img wp-image-1062\" src=\"https:\/\/www.agentiaimpreuna.ro\/cunoasterea-romului-de-langa-noi\/wp-content\/uploads\/2022\/09\/3.png\" width=\"940\" height=\"788\" srcset=\"https:\/\/www.agentiaimpreuna.ro\/cunoasterea-romului-de-langa-noi\/wp-content\/uploads\/2022\/09\/3.png 940w, https:\/\/www.agentiaimpreuna.ro\/cunoasterea-romului-de-langa-noi\/wp-content\/uploads\/2022\/09\/3-300x251.png 300w, https:\/\/www.agentiaimpreuna.ro\/cunoasterea-romului-de-langa-noi\/wp-content\/uploads\/2022\/09\/3-768x644.png 768w\" sizes=\"auto, (max-width: 940px) 100vw, 940px\" \/><\/figure><\/div>\n\n\n\n<div class=\"wp-block-stackable-image stk-block-image stk-block stk-3193692\" data-block-id=\"3193692\"><style>.stk-3193692 .stk-img-wrapper{filter:drop-shadow(0px 2px 20px rgba(153,153,153,0.2)) !important}<\/style><figure class=\"stk-img-wrapper stk-image--shape-stretch stk--shadow-0px 2px 20px rgba(153, 153, 153, 0.2)\"><img loading=\"lazy\" decoding=\"async\" class=\"stk-img wp-image-1063\" src=\"https:\/\/www.agentiaimpreuna.ro\/cunoasterea-romului-de-langa-noi\/wp-content\/uploads\/2022\/09\/4.png\" width=\"940\" height=\"788\" srcset=\"https:\/\/www.agentiaimpreuna.ro\/cunoasterea-romului-de-langa-noi\/wp-content\/uploads\/2022\/09\/4.png 940w, https:\/\/www.agentiaimpreuna.ro\/cunoasterea-romului-de-langa-noi\/wp-content\/uploads\/2022\/09\/4-300x251.png 300w, https:\/\/www.agentiaimpreuna.ro\/cunoasterea-romului-de-langa-noi\/wp-content\/uploads\/2022\/09\/4-768x644.png 768w\" sizes=\"auto, (max-width: 940px) 100vw, 940px\" \/><\/figure><\/div>\n\n\n\n<div class=\"wp-block-stackable-image stk-block-image stk-block stk-9e89e37\" data-block-id=\"9e89e37\"><style>.stk-9e89e37 .stk-img-wrapper{filter:drop-shadow(0px 2px 20px rgba(153,153,153,0.2)) !important}<\/style><figure class=\"stk-img-wrapper stk-image--shape-stretch stk--shadow-0px 2px 20px rgba(153, 153, 153, 0.2)\"><img loading=\"lazy\" decoding=\"async\" class=\"stk-img wp-image-1064\" src=\"https:\/\/www.agentiaimpreuna.ro\/cunoasterea-romului-de-langa-noi\/wp-content\/uploads\/2022\/09\/5.png\" width=\"940\" height=\"788\" srcset=\"https:\/\/www.agentiaimpreuna.ro\/cunoasterea-romului-de-langa-noi\/wp-content\/uploads\/2022\/09\/5.png 940w, https:\/\/www.agentiaimpreuna.ro\/cunoasterea-romului-de-langa-noi\/wp-content\/uploads\/2022\/09\/5-300x251.png 300w, https:\/\/www.agentiaimpreuna.ro\/cunoasterea-romului-de-langa-noi\/wp-content\/uploads\/2022\/09\/5-768x644.png 768w\" sizes=\"auto, (max-width: 940px) 100vw, 940px\" \/><\/figure><\/div>\n\n\n\n<div class=\"wp-block-stackable-spacer stk-block-spacer stk--no-padding stk-block stk-551bfce\" data-block-id=\"551bfce\"><style>@media screen and (max-width:1023px){.stk-551bfce{height:80px !important}}<\/style><\/div>\n","protected":false},"excerpt":{"rendered":"<p>Prezentare proiect Proiectul \u201eCunoa\u0219terea (r)omului de l\u00e2ng\u0103 noi\u201d are ca scop cre\u0219terea nivelului de con\u0219tientizare asupra drepturilor omului \u0219i tratamentului egal, cu focus pe minoritatea rom\u0103, atragerea aten\u021biei asupra rolului pe care stereotipurile \u0219i prejudec\u0103\u021bile le au \u00een formarea percep\u021biilor despre ceilal\u021bi, dar \u0219i capacitarea cet\u0103\u021benilor \u00een a reac\u021biona fa\u021b\u0103 de discriminare \u0219i discursul instig\u0103tor [&hellip;]<\/p>\n","protected":false},"author":1,"featured_media":1069,"parent":0,"menu_order":0,"comment_status":"closed","ping_status":"closed","template":"","meta":{"footnotes":""},"class_list":["post-593","page","type-page","status-publish","has-post-thumbnail","hentry"],"blocksy_meta":{"styles_descriptor":{"styles":{"desktop":"","tablet":"","mobile":""},"google_fonts":[],"version":6},"page_title_panel":"","has_hero_section":"default","5278ae7ca2f8abfb044cb8cc4503ad4a":"","hero_section":"type-1","hero_elements":[{"id":"custom_title","enabled":true,"heading_tag":"h1","title":"Home"},{"id":"custom_description","enabled":true,"description_visibility":{"desktop":true,"tablet":true,"mobile":false}},{"id":"custom_meta","enabled":false,"meta_elements":[{"id":"author","enabled":true,"label":"By","has_author_avatar":"yes","avatar_size":25},{"id":"post_date","enabled":true,"label":"On","date_format_source":"default","date_format":"M j, Y"},{"id":"updated_date","enabled":false,"label":"On","date_format_source":"default","date_format":"M j, Y"},{"id":"categories","enabled":false,"label":"In","style":"simple"},{"id":"comments","enabled":true}],"page_meta_elements":{"joined":true,"articles_count":true,"comments":true}},{"id":"breadcrumbs","enabled":false}],"42090257c473f560ca49c5570c128ec9":"","hero_alignment1":"CT_CSS_SKIP_RULE","hero_margin":40,"hero_alignment2":"center","hero_vertical_alignment":"center","55acb9b60c813f2cfb3aaf637db1dfd8":"","hero_structure":"narrow","9bdd501d7b94a7d15acb79f1bf6d4510":"","page_title_bg_type":"featured_image","custom_hero_background":{"attachment_id":null},"page_title_image_size":"full","parallax":{"desktop":false,"tablet":false,"mobile":false},"f1126e6c5144f73b75dbfc6d1b15ed51":"","hero_height":"250px","pageTitleFont":{"family":"Default","variation":"Default","size":"30px","line-height":"CT_CSS_SKIP_RULE","letter-spacing":"CT_CSS_SKIP_RULE","text-transform":"CT_CSS_SKIP_RULE","text-decoration":"CT_CSS_SKIP_RULE"},"pageTitleFontColor":{"default":{"color":"CT_CSS_SKIP_RULEDEFAULT"}},"pageMetaFont":{"family":"Default","variation":"n6","size":"12px","line-height":"1.3","letter-spacing":"CT_CSS_SKIP_RULE","text-transform":"uppercase","text-decoration":"CT_CSS_SKIP_RULE"},"pageMetaFontColor":{"default":{"color":"CT_CSS_SKIP_RULEDEFAULT"},"hover":{"color":"CT_CSS_SKIP_RULEDEFAULT"}},"page_meta_button_type_font_colors":{"default":{"color":"CT_CSS_SKIP_RULEDEFAULT"},"hover":{"color":"CT_CSS_SKIP_RULEDEFAULT"}},"page_meta_button_type_background_colors":{"default":{"color":"CT_CSS_SKIP_RULEDEFAULT"},"hover":{"color":"CT_CSS_SKIP_RULEDEFAULT"}},"pageExcerptFont":{"family":"Default","variation":"Default","size":"CT_CSS_SKIP_RULE","line-height":"CT_CSS_SKIP_RULE","letter-spacing":"CT_CSS_SKIP_RULE","text-transform":"CT_CSS_SKIP_RULE","text-decoration":"CT_CSS_SKIP_RULE"},"pageExcerptColor":{"default":{"color":"CT_CSS_SKIP_RULEDEFAULT"}},"breadcrumbsFont":{"family":"Default","variation":"Default","size":"CT_CSS_SKIP_RULE","line-height":"CT_CSS_SKIP_RULE","letter-spacing":"CT_CSS_SKIP_RULE","text-transform":"CT_CSS_SKIP_RULE","text-decoration":"CT_CSS_SKIP_RULE"},"breadcrumbsFontColor":{"default":{"color":"CT_CSS_SKIP_RULEDEFAULT"},"initial":{"color":"CT_CSS_SKIP_RULEDEFAULT"},"hover":{"color":"CT_CSS_SKIP_RULEDEFAULT"}},"pageTitleOverlay":{"background_type":"color","background_pattern":"type-1","background_image":{"attachment_id":null,"x":0,"y":0},"gradient":"linear-gradient(135deg,rgba(6,147,227,1) 0%,rgb(155,81,224) 100%)","background_repeat":"repeat","background_size":"auto","background_attachment":"scroll","patternColor":{"default":{"color":"#e5e7ea"}},"overlayColor":{"default":{"color":"CT_CSS_SKIP_RULE"}},"backgroundColor":{"default":{"color":"CT_CSS_SKIP_RULE"}}},"pageTitleBackground":{"background_type":"color","background_pattern":"type-1","background_image":{"attachment_id":null,"x":0,"y":0},"gradient":"linear-gradient(135deg,rgba(6,147,227,1) 0%,rgb(155,81,224) 100%)","background_repeat":"repeat","background_size":"auto","background_attachment":"scroll","patternColor":{"default":{"color":"#e5e7ea"}},"overlayColor":{"default":{"color":"CT_CSS_SKIP_RULE"}},"backgroundColor":{"default":{"color":"var(--theme-palette-color-6)"}}},"pageTitlePadding":{"top":"50px","bottom":"50px","left":"auto","right":"auto","linked":true},"2d0ce7f9376987c6384d0ece03ee51be":"","page_structure_type":"type-3","00265ce5c0e6863b62007080f56288d4":"","content_style_source":"inherit","content_style":"wide","vertical_spacing_source":"inherit","content_area_spacing":"both","background":{"background_type":"color","background_pattern":"type-1","background_image":{"attachment_id":null,"x":0,"y":0},"gradient":"linear-gradient(135deg,rgba(6,147,227,1) 0%,rgb(155,81,224) 100%)","background_repeat":"repeat","background_size":"auto","background_attachment":"scroll","patternColor":{"default":{"color":"#e5e7ea"}},"overlayColor":{"default":{"color":"CT_CSS_SKIP_RULE"}},"backgroundColor":{"default":{"color":"CT_CSS_SKIP_RULE"}}},"content_background":{"background_type":"color","background_pattern":"type-1","background_image":{"attachment_id":null,"x":0,"y":0},"gradient":"linear-gradient(135deg,rgba(6,147,227,1) 0%,rgb(155,81,224) 100%)","background_repeat":"repeat","background_size":"auto","background_attachment":"scroll","patternColor":{"default":{"color":"#e5e7ea"}},"overlayColor":{"default":{"color":"CT_CSS_SKIP_RULE"}},"backgroundColor":{"default":{"color":"var(--theme-palette-color-8)"}}},"content_boxed_shadow":{"inherit":false,"blur":18,"spread":-6,"v_offset":12,"h_offset":0,"inset":false,"enable":true,"color":{"color":"rgba(34, 56, 101, 0.04)"}},"content_boxed_border":{"width":1,"style":"none","color":{"color":"rgba(44,62,80,0.2)"}},"content_boxed_radius":{"top":"3px","bottom":"3px","left":"3px","right":"3px","linked":true},"boxed_content_spacing":{"desktop":{"top":"40px","bottom":"40px","left":"40px","right":"40px","linked":true},"tablet":{"top":"35px","bottom":"35px","left":"35px","right":"35px","linked":true},"mobile":{"top":"20px","bottom":"20px","left":"20px","right":"20px","linked":true}},"48836d0018da37a72a7889062bd5e27e":"","disable_featured_image":"no","disable_share_box":"no","disable_header":"no","disable_footer":"no"},"featured_image_urls":{"full":["https:\/\/www.agentiaimpreuna.ro\/cunoasterea-romului-de-langa-noi\/wp-content\/uploads\/2022\/09\/pexels-ingo-joseph-9816-scaled.jpg",2560,1057,false],"thumbnail":["https:\/\/www.agentiaimpreuna.ro\/cunoasterea-romului-de-langa-noi\/wp-content\/uploads\/2022\/09\/pexels-ingo-joseph-9816-150x150.jpg",150,150,true],"medium":["https:\/\/www.agentiaimpreuna.ro\/cunoasterea-romului-de-langa-noi\/wp-content\/uploads\/2022\/09\/pexels-ingo-joseph-9816-300x124.jpg",300,124,true],"medium_large":["https:\/\/www.agentiaimpreuna.ro\/cunoasterea-romului-de-langa-noi\/wp-content\/uploads\/2022\/09\/pexels-ingo-joseph-9816-768x317.jpg",768,317,true],"large":["https:\/\/www.agentiaimpreuna.ro\/cunoasterea-romului-de-langa-noi\/wp-content\/uploads\/2022\/09\/pexels-ingo-joseph-9816-1024x423.jpg",1024,423,true],"1536x1536":["https:\/\/www.agentiaimpreuna.ro\/cunoasterea-romului-de-langa-noi\/wp-content\/uploads\/2022\/09\/pexels-ingo-joseph-9816-1536x634.jpg",1536,634,true],"2048x2048":["https:\/\/www.agentiaimpreuna.ro\/cunoasterea-romului-de-langa-noi\/wp-content\/uploads\/2022\/09\/pexels-ingo-joseph-9816-2048x846.jpg",2048,846,true]},"post_excerpt_stackable":"<p>Prezentare proiect Proiectul \u201eCunoa\u0219terea (r)omului de l\u00e2ng\u0103 noi\u201d are ca scop cre\u0219terea nivelului de con\u0219tientizare asupra drepturilor omului \u0219i tratamentului egal, cu focus pe minoritatea rom\u0103, atragerea aten\u021biei asupra rolului pe care stereotipurile \u0219i prejudec\u0103\u021bile le au \u00een formarea percep\u021biilor despre ceilal\u021bi, dar \u0219i capacitarea cet\u0103\u021benilor \u00een a reac\u021biona fa\u021b\u0103 de discriminare \u0219i discursul instig\u0103tor la ur\u0103 din spa\u021biul public. Conform ultimelor studii realizate de Funda\u021bia Agen\u021bia Comunitar\u0103 \u201e\u00cempreun\u0103\u201d \u00een 2020, contextul pandemiei de COVID-19 a facilitat o cre\u0219tere a discursului \u00eempotriva romilor, ace\u0219tia fiind adesea portretiza\u021bi ca nerespect\u00e2nd regulile impuse \u00een perioada st\u0103rii de urgen\u021b\u0103 sau alert\u0103. Concluziile analizei&hellip;<\/p>\n","category_list":"","author_info":{"name":"modest-bhabha","url":"https:\/\/www.agentiaimpreuna.ro\/cunoasterea-romului-de-langa-noi\/author\/modest-bhabha\/"},"comments_num":"0 comments","_links":{"self":[{"href":"https:\/\/www.agentiaimpreuna.ro\/cunoasterea-romului-de-langa-noi\/wp-json\/wp\/v2\/pages\/593","targetHints":{"allow":["GET"]}}],"collection":[{"href":"https:\/\/www.agentiaimpreuna.ro\/cunoasterea-romului-de-langa-noi\/wp-json\/wp\/v2\/pages"}],"about":[{"href":"https:\/\/www.agentiaimpreuna.ro\/cunoasterea-romului-de-langa-noi\/wp-json\/wp\/v2\/types\/page"}],"author":[{"embeddable":true,"href":"https:\/\/www.agentiaimpreuna.ro\/cunoasterea-romului-de-langa-noi\/wp-json\/wp\/v2\/users\/1"}],"replies":[{"embeddable":true,"href":"https:\/\/www.agentiaimpreuna.ro\/cunoasterea-romului-de-langa-noi\/wp-json\/wp\/v2\/comments?post=593"}],"version-history":[{"count":13,"href":"https:\/\/www.agentiaimpreuna.ro\/cunoasterea-romului-de-langa-noi\/wp-json\/wp\/v2\/pages\/593\/revisions"}],"predecessor-version":[{"id":1125,"href":"https:\/\/www.agentiaimpreuna.ro\/cunoasterea-romului-de-langa-noi\/wp-json\/wp\/v2\/pages\/593\/revisions\/1125"}],"wp:featuredmedia":[{"embeddable":true,"href":"https:\/\/www.agentiaimpreuna.ro\/cunoasterea-romului-de-langa-noi\/wp-json\/wp\/v2\/media\/1069"}],"wp:attachment":[{"href":"https:\/\/www.agentiaimpreuna.ro\/cunoasterea-romului-de-langa-noi\/wp-json\/wp\/v2\/media?parent=593"}],"curies":[{"name":"wp","href":"https:\/\/api.w.org\/{rel}","templated":true}]}}