{"id":1015,"date":"2022-09-06T10:42:02","date_gmt":"2022-09-06T10:42:02","guid":{"rendered":"https:\/\/www.agentiaimpreuna.ro\/cunoasterea-romului-de-langa-noi\/?page_id=1015"},"modified":"2022-09-15T18:14:50","modified_gmt":"2022-09-15T18:14:50","slug":"gdpr","status":"publish","type":"page","link":"https:\/\/www.agentiaimpreuna.ro\/cunoasterea-romului-de-langa-noi\/gdpr\/","title":{"rendered":"GDPR"},"content":{"rendered":"\n<p>Agen\u0163ia de Dezvoltare Comunitar\u0103 \u201c\u00cempreun\u0103\u201d a stabilit m\u0103suri tehnice \u0219i opera\u021bionale \u00een vederea protej\u0103rii datelor cu caracter personal. Prevenim accesul, utilizarea sau transferul neautorizat, precum \u0219i orice alt\u0103 modalitate de \u00eenc\u0103lcare a securit\u0103\u021bii datelor cu caracter personal, \u00een conformitate cu prevederile Regulamentului (UE) 2016\/679.<br><\/p>\n\n\n\n<p>\u00cen raportul de colaborare cu noi, ave\u021bi obliga\u021bia de a respecta \u00een egal\u0103 m\u0103sur\u0103 prevederile <a rel=\"noreferrer noopener\" href=\"https:\/\/eur-lex.europa.eu\/legal-content\/RO\/TXT\/PDF\/?uri=CELEX:32016R0679&amp;from=EL\" target=\"_blank\">Regulamentului (UE) 2016\/679.<\/a><\/p>\n\n\n\n<p>Pentru mai multe informa\u021bii referitor la gestionarea datele cu caracter personal de c\u0103tre Agen\u021bia &#8220;\u00cempreun\u0103&#8221;, v\u0103 rugam vede\u021bi \u0219i sec\u021biunile aferente de pe paginile <a href=\"https:\/\/www.agentiaimpreuna.ro\/cunoasterea-romului-de-langa-noi\/termeni-si-conditii\/\" data-type=\"URL\" data-id=\"https:\/\/www.agentiaimpreuna.ro\/cunoasterea-romului-de-langa-noi\/termeni-si-conditii\/\">Termeni \u0219i Condi\u021bii<\/a>, c\u00e2t \u0219i <a href=\"https:\/\/www.agentiaimpreuna.ro\/cunoasterea-romului-de-langa-noi\/politici-de-confidentialitate\/\" data-type=\"URL\" data-id=\"https:\/\/www.agentiaimpreuna.ro\/cunoasterea-romului-de-langa-noi\/politici-de-confidentialitate\/\">Politici de Confiden\u021bialitate<\/a><\/p>\n","protected":false},"excerpt":{"rendered":"<p>Agen\u0163ia de Dezvoltare Comunitar\u0103 \u201c\u00cempreun\u0103\u201d a stabilit m\u0103suri tehnice \u0219i opera\u021bionale \u00een vederea protej\u0103rii datelor cu caracter personal. Prevenim accesul, utilizarea sau transferul neautorizat, precum \u0219i orice alt\u0103 modalitate de \u00eenc\u0103lcare a securit\u0103\u021bii datelor cu caracter personal, \u00een conformitate cu prevederile Regulamentului (UE) 2016\/679. \u00cen raportul de colaborare cu noi, ave\u021bi obliga\u021bia de a respecta [&hellip;]<\/p>\n","protected":false},"author":1,"featured_media":1138,"parent":0,"menu_order":0,"comment_status":"closed","ping_status":"closed","template":"","meta":{"footnotes":""},"class_list":["post-1015","page","type-page","status-publish","has-post-thumbnail","hentry"],"blocksy_meta":{"styles_descriptor":{"styles":{"desktop":"","tablet":"","mobile":""},"google_fonts":[],"version":6},"page_title_panel":"","has_hero_section":"default","cb785d3f3dfaceb31ac61478824aa4e4":"","hero_section":"type-1","hero_elements":[{"id":"custom_title","enabled":true,"heading_tag":"h1","title":"Home"},{"id":"custom_description","enabled":true,"description_visibility":{"desktop":true,"tablet":true,"mobile":false}},{"id":"custom_meta","enabled":false,"meta_elements":[{"id":"author","enabled":true,"label":"By","has_author_avatar":"yes","avatar_size":25},{"id":"post_date","enabled":true,"label":"On","date_format_source":"default","date_format":"M j, Y"},{"id":"updated_date","enabled":false,"label":"On","date_format_source":"default","date_format":"M j, Y"},{"id":"categories","enabled":false,"label":"In","style":"simple"},{"id":"comments","enabled":true}],"page_meta_elements":{"joined":true,"articles_count":true,"comments":true}},{"id":"breadcrumbs","enabled":false}],"f950dfab92720f04e3b29bc2ffd8bda5":"","hero_alignment1":"CT_CSS_SKIP_RULE","hero_margin":40,"hero_alignment2":"center","hero_vertical_alignment":"center","7dea03673863bba4e71b217a102db479":"","hero_structure":"narrow","f03c8687e363ef66907d32398e337eb5":"","page_title_bg_type":"featured_image","custom_hero_background":{"attachment_id":null},"page_title_image_size":"full","parallax":{"desktop":false,"tablet":false,"mobile":false},"aba57410f8a8347098ba8f563e7d29bc":"","hero_height":"250px","pageTitleFont":{"family":"Default","variation":"Default","size":"30px","line-height":"CT_CSS_SKIP_RULE","letter-spacing":"CT_CSS_SKIP_RULE","text-transform":"CT_CSS_SKIP_RULE","text-decoration":"CT_CSS_SKIP_RULE"},"pageTitleFontColor":{"default":{"color":"CT_CSS_SKIP_RULEDEFAULT"}},"pageMetaFont":{"family":"Default","variation":"n6","size":"12px","line-height":"1.3","letter-spacing":"CT_CSS_SKIP_RULE","text-transform":"uppercase","text-decoration":"CT_CSS_SKIP_RULE"},"pageMetaFontColor":{"default":{"color":"CT_CSS_SKIP_RULEDEFAULT"},"hover":{"color":"CT_CSS_SKIP_RULEDEFAULT"}},"page_meta_button_type_font_colors":{"default":{"color":"CT_CSS_SKIP_RULEDEFAULT"},"hover":{"color":"CT_CSS_SKIP_RULEDEFAULT"}},"page_meta_button_type_background_colors":{"default":{"color":"CT_CSS_SKIP_RULEDEFAULT"},"hover":{"color":"CT_CSS_SKIP_RULEDEFAULT"}},"pageExcerptFont":{"family":"Default","variation":"Default","size":"CT_CSS_SKIP_RULE","line-height":"CT_CSS_SKIP_RULE","letter-spacing":"CT_CSS_SKIP_RULE","text-transform":"CT_CSS_SKIP_RULE","text-decoration":"CT_CSS_SKIP_RULE"},"pageExcerptColor":{"default":{"color":"CT_CSS_SKIP_RULEDEFAULT"}},"breadcrumbsFont":{"family":"Default","variation":"Default","size":"CT_CSS_SKIP_RULE","line-height":"CT_CSS_SKIP_RULE","letter-spacing":"CT_CSS_SKIP_RULE","text-transform":"CT_CSS_SKIP_RULE","text-decoration":"CT_CSS_SKIP_RULE"},"breadcrumbsFontColor":{"default":{"color":"CT_CSS_SKIP_RULEDEFAULT"},"initial":{"color":"CT_CSS_SKIP_RULEDEFAULT"},"hover":{"color":"CT_CSS_SKIP_RULEDEFAULT"}},"pageTitleOverlay":{"background_type":"color","background_pattern":"type-1","background_image":{"attachment_id":null,"x":0,"y":0},"gradient":"linear-gradient(135deg,rgba(6,147,227,1) 0%,rgb(155,81,224) 100%)","background_repeat":"repeat","background_size":"auto","background_attachment":"scroll","patternColor":{"default":{"color":"#e5e7ea"}},"overlayColor":{"default":{"color":"CT_CSS_SKIP_RULE"}},"backgroundColor":{"default":{"color":"CT_CSS_SKIP_RULE"}}},"pageTitleBackground":{"background_type":"color","background_pattern":"type-1","background_image":{"attachment_id":null,"x":0,"y":0},"gradient":"linear-gradient(135deg,rgba(6,147,227,1) 0%,rgb(155,81,224) 100%)","background_repeat":"repeat","background_size":"auto","background_attachment":"scroll","patternColor":{"default":{"color":"#e5e7ea"}},"overlayColor":{"default":{"color":"CT_CSS_SKIP_RULE"}},"backgroundColor":{"default":{"color":"var(--theme-palette-color-6)"}}},"pageTitlePadding":{"top":"50px","bottom":"50px","left":"auto","right":"auto","linked":true},"057a9f893425bd1ace60024080d6303f":"","page_structure_type":"default","758853119b3ec20da72501568a6d5ebc":"","content_style_source":"inherit","content_style":"wide","vertical_spacing_source":"custom","content_area_spacing":"both","background":{"background_type":"color","background_pattern":"type-1","background_image":{"attachment_id":null,"x":0,"y":0},"gradient":"linear-gradient(135deg,rgba(6,147,227,1) 0%,rgb(155,81,224) 100%)","background_repeat":"repeat","background_size":"auto","background_attachment":"scroll","patternColor":{"default":{"color":"#e5e7ea"}},"overlayColor":{"default":{"color":"CT_CSS_SKIP_RULE"}},"backgroundColor":{"default":{"color":"CT_CSS_SKIP_RULE"}}},"content_background":{"background_type":"color","background_pattern":"type-1","background_image":{"attachment_id":null,"x":0,"y":0},"gradient":"linear-gradient(135deg,rgba(6,147,227,1) 0%,rgb(155,81,224) 100%)","background_repeat":"repeat","background_size":"auto","background_attachment":"scroll","patternColor":{"default":{"color":"#e5e7ea"}},"overlayColor":{"default":{"color":"CT_CSS_SKIP_RULE"}},"backgroundColor":{"default":{"color":"var(--theme-palette-color-8)"}}},"content_boxed_shadow":{"inherit":false,"blur":18,"spread":-6,"v_offset":12,"h_offset":0,"inset":false,"enable":true,"color":{"color":"rgba(34, 56, 101, 0.04)"}},"content_boxed_border":{"width":1,"style":"none","color":{"color":"rgba(44,62,80,0.2)"}},"content_boxed_radius":{"top":"3px","bottom":"3px","left":"3px","right":"3px","linked":true},"boxed_content_spacing":{"desktop":{"top":"40px","bottom":"40px","left":"40px","right":"40px","linked":true},"tablet":{"top":"35px","bottom":"35px","left":"35px","right":"35px","linked":true},"mobile":{"top":"20px","bottom":"20px","left":"20px","right":"20px","linked":true}},"abd2d4ee14809f778d3a0cd246d92f42":"","disable_featured_image":"no","disable_share_box":"no","disable_header":"no","disable_footer":"no"},"featured_image_urls":{"full":["https:\/\/www.agentiaimpreuna.ro\/cunoasterea-romului-de-langa-noi\/wp-content\/uploads\/2022\/09\/gdpr.jpg",1920,1280,false],"thumbnail":["https:\/\/www.agentiaimpreuna.ro\/cunoasterea-romului-de-langa-noi\/wp-content\/uploads\/2022\/09\/gdpr-150x150.jpg",150,150,true],"medium":["https:\/\/www.agentiaimpreuna.ro\/cunoasterea-romului-de-langa-noi\/wp-content\/uploads\/2022\/09\/gdpr-300x200.jpg",300,200,true],"medium_large":["https:\/\/www.agentiaimpreuna.ro\/cunoasterea-romului-de-langa-noi\/wp-content\/uploads\/2022\/09\/gdpr-768x512.jpg",768,512,true],"large":["https:\/\/www.agentiaimpreuna.ro\/cunoasterea-romului-de-langa-noi\/wp-content\/uploads\/2022\/09\/gdpr-1024x683.jpg",1024,683,true],"1536x1536":["https:\/\/www.agentiaimpreuna.ro\/cunoasterea-romului-de-langa-noi\/wp-content\/uploads\/2022\/09\/gdpr-1536x1024.jpg",1536,1024,true],"2048x2048":["https:\/\/www.agentiaimpreuna.ro\/cunoasterea-romului-de-langa-noi\/wp-content\/uploads\/2022\/09\/gdpr.jpg",1920,1280,false]},"post_excerpt_stackable":"<p>Agen\u0163ia de Dezvoltare Comunitar\u0103 \u201c\u00cempreun\u0103\u201d a stabilit m\u0103suri tehnice \u0219i opera\u021bionale \u00een vederea protej\u0103rii datelor cu caracter personal. Prevenim accesul, utilizarea sau transferul neautorizat, precum \u0219i orice alt\u0103 modalitate de \u00eenc\u0103lcare a securit\u0103\u021bii datelor cu caracter personal, \u00een conformitate cu prevederile Regulamentului (UE) 2016\/679. \u00cen raportul de colaborare cu noi, ave\u021bi obliga\u021bia de a respecta \u00een egal\u0103 m\u0103sur\u0103 prevederile Regulamentului (UE) 2016\/679. Pentru mai multe informa\u021bii referitor la gestionarea datele cu caracter personal de c\u0103tre Agen\u021bia &#8220;\u00cempreun\u0103&#8221;, v\u0103 rugam vede\u021bi \u0219i sec\u021biunile aferente de pe paginile Termeni \u0219i Condi\u021bii, c\u00e2t \u0219i Politici de Confiden\u021bialitate<\/p>\n","category_list":"","author_info":{"name":"modest-bhabha","url":"https:\/\/www.agentiaimpreuna.ro\/cunoasterea-romului-de-langa-noi\/author\/modest-bhabha\/"},"comments_num":"0 comments","_links":{"self":[{"href":"https:\/\/www.agentiaimpreuna.ro\/cunoasterea-romului-de-langa-noi\/wp-json\/wp\/v2\/pages\/1015","targetHints":{"allow":["GET"]}}],"collection":[{"href":"https:\/\/www.agentiaimpreuna.ro\/cunoasterea-romului-de-langa-noi\/wp-json\/wp\/v2\/pages"}],"about":[{"href":"https:\/\/www.agentiaimpreuna.ro\/cunoasterea-romului-de-langa-noi\/wp-json\/wp\/v2\/types\/page"}],"author":[{"embeddable":true,"href":"https:\/\/www.agentiaimpreuna.ro\/cunoasterea-romului-de-langa-noi\/wp-json\/wp\/v2\/users\/1"}],"replies":[{"embeddable":true,"href":"https:\/\/www.agentiaimpreuna.ro\/cunoasterea-romului-de-langa-noi\/wp-json\/wp\/v2\/comments?post=1015"}],"version-history":[{"count":5,"href":"https:\/\/www.agentiaimpreuna.ro\/cunoasterea-romului-de-langa-noi\/wp-json\/wp\/v2\/pages\/1015\/revisions"}],"predecessor-version":[{"id":1133,"href":"https:\/\/www.agentiaimpreuna.ro\/cunoasterea-romului-de-langa-noi\/wp-json\/wp\/v2\/pages\/1015\/revisions\/1133"}],"wp:featuredmedia":[{"embeddable":true,"href":"https:\/\/www.agentiaimpreuna.ro\/cunoasterea-romului-de-langa-noi\/wp-json\/wp\/v2\/media\/1138"}],"wp:attachment":[{"href":"https:\/\/www.agentiaimpreuna.ro\/cunoasterea-romului-de-langa-noi\/wp-json\/wp\/v2\/media?parent=1015"}],"curies":[{"name":"wp","href":"https:\/\/api.w.org\/{rel}","templated":true}]}}